{"id":29718,"date":"2022-10-06T07:45:58","date_gmt":"2022-10-06T07:45:58","guid":{"rendered":"https:\/\/cabesota.com\/politique-de-cookies\/"},"modified":"2022-10-06T07:45:58","modified_gmt":"2022-10-06T07:45:58","slug":"politique-de-cookies","status":"publish","type":"page","link":"https:\/\/cabesota.com\/fr\/politique-de-cookies\/","title":{"rendered":"Politique de cookies"},"content":{"rendered":"<p>Les cookies sont associ\u00e9s aux utilisateurs anonymes et \u00e0 leurs ordinateurs, de sorte que lorsqu&rsquo;ils reviennent sur un site web, les cookies sont lus pour les identifier et \u00e9tablir leurs pr\u00e9f\u00e9rences personnelles de navigation. Cabesota se r\u00e9serve le droit d&rsquo;utiliser des cookies pendant la navigation de l&rsquo;utilisateur sur son site web, \u00e0 des fins techniques et pour am\u00e9liorer, faciliter et personnaliser la navigation de chaque utilisateur. <\/p>\n<p>Les utilisateurs ont toutefois le droit de configurer les options de leur navigateur afin d&rsquo;\u00eatre inform\u00e9s de la r\u00e9ception de cookies, ce qui leur permet d&#8217;emp\u00eacher et d&rsquo;ajuster \u00e0 leur convenance l&rsquo;installation de ceux-ci sur leur appareil.<\/p>\n<p>Quels cookies utilisons-nous ?<\/p>\n<p>\u00b7 Analytique : Google Analytics nous permet de conna\u00eetre et de mesurer le nombre d&rsquo;utilisateurs qui visitent nos pages et quelles sont ces pages.<br \/>\n\u00b7 Les r\u00e9seaux sociaux, dans ce cas ceux de Meta, afin de pouvoir suivre les \u00e9v\u00e9nements sur le web.<\/p>\n<ul>\n<li>Google ADS : pour pouvoir suivre les \u00e9v\u00e9nements sur le web.<\/li>\n<li>Facebook : pour suivre les \u00e9v\u00e9nements sur le web.<\/li>\n<\/ul>\n","protected":false},"excerpt":{"rendered":"<p>Les cookies sont associ\u00e9s aux utilisateurs anonymes et \u00e0 leurs ordinateurs, de sorte que lorsqu&rsquo;ils reviennent sur un site web, les cookies sont lus pour les identifier et \u00e9tablir leurs pr\u00e9f\u00e9rences personnelles de navigation. Cabesota se r\u00e9serve le droit d&rsquo;utiliser des cookies pendant la navigation de l&rsquo;utilisateur sur son site web, \u00e0 des fins techniques [&hellip;]<\/p>\n","protected":false},"author":1,"featured_media":0,"parent":0,"menu_order":0,"comment_status":"closed","ping_status":"closed","template":"","meta":{"inline_featured_image":false,"_joinchat":[],"footnotes":""},"class_list":["post-29718","page","type-page","status-publish","hentry"],"yoast_head":"<!-- This site is optimized with the Yoast SEO plugin v26.6 - https:\/\/yoast.com\/wordpress\/plugins\/seo\/ -->\n<title>Politique de cookies - Cabesota<\/title>\n<meta name=\"robots\" content=\"index, follow, max-snippet:-1, max-image-preview:large, max-video-preview:-1\" \/>\n<link rel=\"canonical\" href=\"https:\/\/cabesota.com\/fr\/politique-de-cookies\/\" \/>\n<meta property=\"og:locale\" content=\"fr_FR\" \/>\n<meta property=\"og:type\" content=\"article\" \/>\n<meta property=\"og:title\" content=\"Politique de cookies - Cabesota\" \/>\n<meta property=\"og:description\" content=\"Les cookies sont associ\u00e9s aux utilisateurs anonymes et \u00e0 leurs ordinateurs, de sorte que lorsqu&rsquo;ils reviennent sur un site web, les cookies sont lus pour les identifier et \u00e9tablir leurs pr\u00e9f\u00e9rences personnelles de navigation. Cabesota se r\u00e9serve le droit d&rsquo;utiliser des cookies pendant la navigation de l&rsquo;utilisateur sur son site web, \u00e0 des fins techniques [&hellip;]\" \/>\n<meta property=\"og:url\" content=\"https:\/\/cabesota.com\/fr\/politique-de-cookies\/\" \/>\n<meta property=\"og:site_name\" content=\"Cabesota\" \/>\n<meta name=\"twitter:card\" content=\"summary_large_image\" \/>\n<meta name=\"twitter:label1\" content=\"Dur\u00e9e de lecture estim\u00e9e\" \/>\n\t<meta name=\"twitter:data1\" content=\"1 minute\" \/>\n<script type=\"application\/ld+json\" class=\"yoast-schema-graph\">{\"@context\":\"https:\/\/schema.org\",\"@graph\":[{\"@type\":\"WebPage\",\"@id\":\"https:\/\/cabesota.com\/fr\/politique-de-cookies\/\",\"url\":\"https:\/\/cabesota.com\/fr\/politique-de-cookies\/\",\"name\":\"Politique de cookies - Cabesota\",\"isPartOf\":{\"@id\":\"http:\/\/cabesota.com\/fr\/#website\"},\"datePublished\":\"2022-10-06T07:45:58+00:00\",\"breadcrumb\":{\"@id\":\"https:\/\/cabesota.com\/fr\/politique-de-cookies\/#breadcrumb\"},\"inLanguage\":\"fr-FR\",\"potentialAction\":[{\"@type\":\"ReadAction\",\"target\":[\"https:\/\/cabesota.com\/fr\/politique-de-cookies\/\"]}]},{\"@type\":\"BreadcrumbList\",\"@id\":\"https:\/\/cabesota.com\/fr\/politique-de-cookies\/#breadcrumb\",\"itemListElement\":[{\"@type\":\"ListItem\",\"position\":1,\"name\":\"Inicio\",\"item\":\"https:\/\/cabesota.com\/fr\/portada\/\"},{\"@type\":\"ListItem\",\"position\":2,\"name\":\"Politique de cookies\"}]},{\"@type\":\"WebSite\",\"@id\":\"http:\/\/cabesota.com\/fr\/#website\",\"url\":\"http:\/\/cabesota.com\/fr\/\",\"name\":\"Cabesota\",\"description\":\"Tienda de quesos\",\"publisher\":{\"@id\":\"http:\/\/cabesota.com\/fr\/#organization\"},\"potentialAction\":[{\"@type\":\"SearchAction\",\"target\":{\"@type\":\"EntryPoint\",\"urlTemplate\":\"http:\/\/cabesota.com\/fr\/?s={search_term_string}\"},\"query-input\":{\"@type\":\"PropertyValueSpecification\",\"valueRequired\":true,\"valueName\":\"search_term_string\"}}],\"inLanguage\":\"fr-FR\"},{\"@type\":[\"Organization\",\"Place\",\"FoodEstablishment\"],\"@id\":\"http:\/\/cabesota.com\/fr\/#organization\",\"name\":\"Cabesota quesos\",\"url\":\"http:\/\/cabesota.com\/fr\/\",\"logo\":{\"@id\":\"https:\/\/cabesota.com\/fr\/politique-de-cookies\/#local-main-organization-logo\"},\"image\":{\"@id\":\"https:\/\/cabesota.com\/fr\/politique-de-cookies\/#local-main-organization-logo\"},\"address\":{\"@id\":\"https:\/\/cabesota.com\/fr\/politique-de-cookies\/#local-main-place-address\"},\"geo\":{\"@type\":\"GeoCoordinates\",\"latitude\":\"38.91110949358342\",\"longitude\":\"-3.6694486656672813\"},\"telephone\":[\"681 91 16 31\",\"652109758\"],\"contactPoint\":{\"@type\":\"ContactPoint\",\"telephone\":\"681 91 16 31\",\"email\":\"info@cabesota.com\"},\"openingHoursSpecification\":[{\"@type\":\"OpeningHoursSpecification\",\"dayOfWeek\":[\"Monday\",\"Tuesday\",\"Wednesday\",\"Thursday\",\"Friday\"],\"opens\":\"09:00\",\"closes\":\"20:30\"},{\"@type\":\"OpeningHoursSpecification\",\"dayOfWeek\":[\"Saturday\"],\"opens\":\"10:00\",\"closes\":\"14:00\"},{\"@type\":\"OpeningHoursSpecification\",\"dayOfWeek\":[\"Sunday\"],\"opens\":\"00:00\",\"closes\":\"00:00\"}],\"email\":\"info@cabesota.com\",\"vatID\":\"B05333968\",\"currenciesAccepted\":\"Euro\"},{\"@type\":\"PostalAddress\",\"@id\":\"https:\/\/cabesota.com\/fr\/politique-de-cookies\/#local-main-place-address\",\"streetAddress\":\"C. Torralba, 14, 13260 Bola\u00f1os de Calatrava, Ciudad Real\",\"addressLocality\":\"Bola\u00f1os de Calatrava\",\"postalCode\":\"13260\",\"addressRegion\":\"Ciudad Real\",\"addressCountry\":\"ES\"},{\"@type\":\"ImageObject\",\"inLanguage\":\"fr-FR\",\"@id\":\"https:\/\/cabesota.com\/fr\/politique-de-cookies\/#local-main-organization-logo\",\"url\":\"https:\/\/cabesota.com\/wp-content\/uploads\/2022\/05\/logo-cabesota.png\",\"contentUrl\":\"https:\/\/cabesota.com\/wp-content\/uploads\/2022\/05\/logo-cabesota.png\",\"width\":466,\"height\":113,\"caption\":\"Cabesota quesos\"}]}<\/script>\n<meta name=\"geo.placename\" content=\"Bola\u00f1os de Calatrava\" \/>\n<meta name=\"geo.position\" content=\"38.91110949358342;-3.6694486656672813\" \/>\n<meta name=\"geo.region\" content=\"Espagne\" \/>\n<!-- \/ Yoast SEO plugin. -->","yoast_head_json":{"title":"Politique de cookies - Cabesota","robots":{"index":"index","follow":"follow","max-snippet":"max-snippet:-1","max-image-preview":"max-image-preview:large","max-video-preview":"max-video-preview:-1"},"canonical":"https:\/\/cabesota.com\/fr\/politique-de-cookies\/","og_locale":"fr_FR","og_type":"article","og_title":"Politique de cookies - Cabesota","og_description":"Les cookies sont associ\u00e9s aux utilisateurs anonymes et \u00e0 leurs ordinateurs, de sorte que lorsqu&rsquo;ils reviennent sur un site web, les cookies sont lus pour les identifier et \u00e9tablir leurs pr\u00e9f\u00e9rences personnelles de navigation. Cabesota se r\u00e9serve le droit d&rsquo;utiliser des cookies pendant la navigation de l&rsquo;utilisateur sur son site web, \u00e0 des fins techniques [&hellip;]","og_url":"https:\/\/cabesota.com\/fr\/politique-de-cookies\/","og_site_name":"Cabesota","twitter_card":"summary_large_image","twitter_misc":{"Dur\u00e9e de lecture estim\u00e9e":"1 minute"},"schema":{"@context":"https:\/\/schema.org","@graph":[{"@type":"WebPage","@id":"https:\/\/cabesota.com\/fr\/politique-de-cookies\/","url":"https:\/\/cabesota.com\/fr\/politique-de-cookies\/","name":"Politique de cookies - Cabesota","isPartOf":{"@id":"http:\/\/cabesota.com\/fr\/#website"},"datePublished":"2022-10-06T07:45:58+00:00","breadcrumb":{"@id":"https:\/\/cabesota.com\/fr\/politique-de-cookies\/#breadcrumb"},"inLanguage":"fr-FR","potentialAction":[{"@type":"ReadAction","target":["https:\/\/cabesota.com\/fr\/politique-de-cookies\/"]}]},{"@type":"BreadcrumbList","@id":"https:\/\/cabesota.com\/fr\/politique-de-cookies\/#breadcrumb","itemListElement":[{"@type":"ListItem","position":1,"name":"Inicio","item":"https:\/\/cabesota.com\/fr\/portada\/"},{"@type":"ListItem","position":2,"name":"Politique de cookies"}]},{"@type":"WebSite","@id":"http:\/\/cabesota.com\/fr\/#website","url":"http:\/\/cabesota.com\/fr\/","name":"Cabesota","description":"Tienda de quesos","publisher":{"@id":"http:\/\/cabesota.com\/fr\/#organization"},"potentialAction":[{"@type":"SearchAction","target":{"@type":"EntryPoint","urlTemplate":"http:\/\/cabesota.com\/fr\/?s={search_term_string}"},"query-input":{"@type":"PropertyValueSpecification","valueRequired":true,"valueName":"search_term_string"}}],"inLanguage":"fr-FR"},{"@type":["Organization","Place","FoodEstablishment"],"@id":"http:\/\/cabesota.com\/fr\/#organization","name":"Cabesota quesos","url":"http:\/\/cabesota.com\/fr\/","logo":{"@id":"https:\/\/cabesota.com\/fr\/politique-de-cookies\/#local-main-organization-logo"},"image":{"@id":"https:\/\/cabesota.com\/fr\/politique-de-cookies\/#local-main-organization-logo"},"address":{"@id":"https:\/\/cabesota.com\/fr\/politique-de-cookies\/#local-main-place-address"},"geo":{"@type":"GeoCoordinates","latitude":"38.91110949358342","longitude":"-3.6694486656672813"},"telephone":["681 91 16 31","652109758"],"contactPoint":{"@type":"ContactPoint","telephone":"681 91 16 31","email":"info@cabesota.com"},"openingHoursSpecification":[{"@type":"OpeningHoursSpecification","dayOfWeek":["Monday","Tuesday","Wednesday","Thursday","Friday"],"opens":"09:00","closes":"20:30"},{"@type":"OpeningHoursSpecification","dayOfWeek":["Saturday"],"opens":"10:00","closes":"14:00"},{"@type":"OpeningHoursSpecification","dayOfWeek":["Sunday"],"opens":"00:00","closes":"00:00"}],"email":"info@cabesota.com","vatID":"B05333968","currenciesAccepted":"Euro"},{"@type":"PostalAddress","@id":"https:\/\/cabesota.com\/fr\/politique-de-cookies\/#local-main-place-address","streetAddress":"C. Torralba, 14, 13260 Bola\u00f1os de Calatrava, Ciudad Real","addressLocality":"Bola\u00f1os de Calatrava","postalCode":"13260","addressRegion":"Ciudad Real","addressCountry":"ES"},{"@type":"ImageObject","inLanguage":"fr-FR","@id":"https:\/\/cabesota.com\/fr\/politique-de-cookies\/#local-main-organization-logo","url":"https:\/\/cabesota.com\/wp-content\/uploads\/2022\/05\/logo-cabesota.png","contentUrl":"https:\/\/cabesota.com\/wp-content\/uploads\/2022\/05\/logo-cabesota.png","width":466,"height":113,"caption":"Cabesota quesos"}]},"geo.placename":"Bola\u00f1os de Calatrava","geo.position":{"lat":"38.91110949358342","long":"-3.6694486656672813"},"geo.region":"Espagne"},"_links":{"self":[{"href":"https:\/\/cabesota.com\/fr\/wp-json\/wp\/v2\/pages\/29718","targetHints":{"allow":["GET"]}}],"collection":[{"href":"https:\/\/cabesota.com\/fr\/wp-json\/wp\/v2\/pages"}],"about":[{"href":"https:\/\/cabesota.com\/fr\/wp-json\/wp\/v2\/types\/page"}],"author":[{"embeddable":true,"href":"https:\/\/cabesota.com\/fr\/wp-json\/wp\/v2\/users\/1"}],"replies":[{"embeddable":true,"href":"https:\/\/cabesota.com\/fr\/wp-json\/wp\/v2\/comments?post=29718"}],"version-history":[{"count":0,"href":"https:\/\/cabesota.com\/fr\/wp-json\/wp\/v2\/pages\/29718\/revisions"}],"wp:attachment":[{"href":"https:\/\/cabesota.com\/fr\/wp-json\/wp\/v2\/media?parent=29718"}],"curies":[{"name":"wp","href":"https:\/\/api.w.org\/{rel}","templated":true}]}}