{"id":29721,"date":"2022-10-06T07:45:21","date_gmt":"2022-10-06T07:45:21","guid":{"rendered":"https:\/\/cabesota.com\/politique-de-confidentialite\/"},"modified":"2022-10-06T07:45:21","modified_gmt":"2022-10-06T07:45:21","slug":"politique-de-confidentialite","status":"publish","type":"page","link":"https:\/\/cabesota.com\/fr\/politique-de-confidentialite\/","title":{"rendered":"Politique de confidentialit\u00e9"},"content":{"rendered":"<p>Il est tr\u00e8s important pour nous que vous vous sentiez \u00e0 l&rsquo;aise sur notre site web. C&rsquo;est pourquoi nous vous demandons de lire attentivement le r\u00e9sum\u00e9 suivant sur son fonctionnement. La protection de votre vie priv\u00e9e est tr\u00e8s importante, et nous voulons que vous ayez confiance dans la transparence du traitement de vos donn\u00e9es, car nous nous effor\u00e7ons de le faire de mani\u00e8re responsable, minutieuse et s\u00e9curis\u00e9e. <\/p>\n<p>&nbsp;<\/p>\n<p>Les politiques de confidentialit\u00e9 que vous allez lire ci-dessous ont pour but de vous fournir des informations sur la mani\u00e8re dont nous utilisons vos donn\u00e9es personnelles, en conformit\u00e9 avec les exigences et les dispositions du R\u00e8glement g\u00e9n\u00e9ral europ\u00e9en sur la protection des donn\u00e9es.<\/p>\n<p>&nbsp;<\/p>\n<p>Cabesota se r\u00e9serve le droit de modifier ou d&rsquo;adapter la pr\u00e9sente politique de confidentialit\u00e9 \u00e0 tout moment. Nous vous recommandons donc de consulter le site web chaque fois que vous en avez besoin.<\/p>\n<h1>Identification<\/h1>\n<p>Les donn\u00e9es que vous nous fournissez volontairement et qui sont collect\u00e9es via notre site web, que ce soit par le biais de votre navigation sur celui-ci, de formulaires de contact, par t\u00e9l\u00e9phone ou par e-mail, seront collect\u00e9es et trait\u00e9es par le responsable du traitement. Ses coordonn\u00e9es sont indiqu\u00e9es ci-dessous : <\/p>\n<p>Nom: Cabesota Quesos<\/p>\n<p>CIF: B05333968<\/p>\n<p>Si\u00e8ge social: <span class=\"elementor-icon-list-text\">c\/Minas, 3, 13260 Bola\u00f1os de Calatrava, Espa\u00f1a<\/span><\/p>\n<p>Adresse e-mail: <span class=\"elementor-icon-list-text\"><a href=\"mailto:info@cabesota.com\">info@cabesota.com<\/a><\/span><\/p>\n<p>T\u00e9l\u00e9phone: <span class=\"elementor-icon-list-text\"><a href=\"tel:681911631\">681911631<\/a><\/span><\/p>\n<h1>Information et consentement<\/h1>\n<p>En lisant la pr\u00e9sente politique de confidentialit\u00e9, vous \u00eates inform\u00e9, en tant qu&rsquo;utilisateur, de la mani\u00e8re dont nous g\u00e9rons les donn\u00e9es \u00e0 caract\u00e8re personnel qui nous sont fournies par le biais des formulaires, de la navigation et d&rsquo;autres m\u00e9thodes que nous utiliserons \u00e0 l&rsquo;avenir chez Cabesota. Par cons\u00e9quent, vous devez la lire attentivement, puis d\u00e9cider librement et volontairement si vous souhaitez fournir vos donn\u00e9es personnelles. <\/p>\n<h1>Obligatoire et exactitude des donn\u00e9es<\/h1>\n<p>Les donn\u00e9es demand\u00e9es dans les formulaires du site web sont obligatoires pour r\u00e9pondre aux objectifs fix\u00e9s par ceux-ci. Par cons\u00e9quent, si elles ne sont pas fournies ou ne sont pas correctes, nous ne pourrons pas y r\u00e9pondre. Les utilisateurs s&rsquo;engagent \u00e0 fournir leurs donn\u00e9es personnelles de mani\u00e8re correcte afin que nous puissions exercer correctement notre service client\u00e8le.  <\/p>\n<h1>Pourquoi demandons-nous des donn\u00e9es personnelles aux utilisateurs ?<\/h1>\n<p>Cabesota traite les donn\u00e9es personnelles des utilisateurs afin de remplir correctement diff\u00e9rentes fonctions :<\/p>\n<ul>\n<li aria-level=\"1\">R\u00e9pondre aux demandes, requ\u00eates et questions.<\/li>\n<li aria-level=\"1\">G\u00e9rer les services demand\u00e9s et traiter les demandes et les requ\u00eates.<\/li>\n<li aria-level=\"1\">Informer par voie \u00e9lectronique de l&rsquo;\u00e9tat d&rsquo;une commande ou d&rsquo;une demande.<\/li>\n<li aria-level=\"1\">Envoyer des informations sur des \u00e9v\u00e9nements, des communications commerciales et des offres par voie \u00e9lectronique, apr\u00e8s avoir obtenu l&rsquo;autorisation expresse des utilisateurs.<\/li>\n<li aria-level=\"1\">Effectuer des analyses sur le site web, am\u00e9liorer les services et les produits et travailler sur la strat\u00e9gie commerciale.<\/li>\n<\/ul>\n<h1>Quelles informations demandons-nous \u00e0 nos utilisateurs ?<\/h1>\n<p>Cabesota traitera les cat\u00e9gories de donn\u00e9es suivantes afin de pouvoir offrir ses services correctement.<\/p>\n<ul>\n<li aria-level=\"1\">Donn\u00e9es d&rsquo;identification de base, telles que nom, pr\u00e9nom, num\u00e9ro d&rsquo;identit\u00e9 nationale.<\/li>\n<li aria-level=\"1\">Coordonn\u00e9es, telles que l&rsquo;adresse postale, l&rsquo;adresse \u00e9lectronique ou l&rsquo;adresse.<\/li>\n<li aria-level=\"1\">Caract\u00e9ristiques personnelles, telles que la date de naissance, l&rsquo;\u00e2ge ou le sexe.<\/li>\n<li aria-level=\"1\">Coordonn\u00e9es bancaires de base, telles que le num\u00e9ro de compte et le nom du titulaire.<\/li>\n<li aria-level=\"1\">Donn\u00e9es de navigation.<\/li>\n<\/ul>\n<p>&nbsp;<\/p>\n<h1>\u00c0 qui communiquons-nous les donn\u00e9es personnelles des utilisateurs ?<\/h1>\n<p>Dans le cadre du traitement de diff\u00e9rentes demandes, requ\u00eates et services, nous pouvons communiquer les donn\u00e9es des utilisateurs \u00e0 des \u00e9tablissements bancaires, des organismes de recherche et de pr\u00e9vention de la fraude, au bureau des consommateurs et des utilisateurs en cas de r\u00e9clamations, \u00e0 des fabricants, des services techniques et des grossistes en cas de garanties et de r\u00e9parations, aux forces de l&rsquo;ordre et aux administrations publiques pour le respect des obligations l\u00e9gales.<\/p>\n<p>Cabesota garantit la confidentialit\u00e9 des donn\u00e9es fournies par les utilisateurs et assure qu&rsquo;elles ne seront pas c\u00e9d\u00e9es sans leur consentement pr\u00e9alable et explicite, uniquement dans le but de fournir les services demand\u00e9s.<\/p>\n<h1>Utilisation du chat du service client\u00e8le<\/h1>\n<p>L&rsquo;une des fonctionnalit\u00e9s de notre site web est le chat d&rsquo;assistance \u00e0 la client\u00e8le, que nous mettons \u00e0 la disposition des utilisateurs afin d&rsquo;offrir un service plus personnalis\u00e9 et plus agr\u00e9able. Nous r\u00e9pondons ainsi aux questions et aux demandes avant la finalisation d&rsquo;un achat. Afin d&rsquo;am\u00e9liorer le service \u00e0 la client\u00e8le, nous enregistrons l&rsquo;historique et l&rsquo;analysons. Une fois \u00e9valu\u00e9s, les historiques sont supprim\u00e9s.   <\/p>\n<h1>Notre engagement envers les donn\u00e9es<\/h1>\n<p>Par engagement envers nos utilisateurs, nous ne transmettons pas les donn\u00e9es que nous collectons \u00e0 des tiers, sauf en cas d&rsquo;obligation l\u00e9gale. Cabesota conserve les donn\u00e9es qu&rsquo;elle re\u00e7oit des utilisateurs tant que le lien existant avec eux est maintenu. \u00c0 la fin de ce lien, les donn\u00e9es personnelles trait\u00e9es seront conserv\u00e9es pendant les d\u00e9lais l\u00e9gaux \u00e9tablis ou pendant la dur\u00e9e pendant laquelle un tribunal ou un juge pourrait en avoir besoin, en tenant compte du d\u00e9lai de prescription des actions judiciaires.  <\/p>\n<p>&nbsp;<\/p>\n<p>Une fois les d\u00e9lais judiciaires susmentionn\u00e9s expir\u00e9s, s&rsquo;il existe une obligation l\u00e9gale de conservation, ou en l&rsquo;absence d&rsquo;un tel d\u00e9lai l\u00e9gal, d\u00e8s que les personnes concern\u00e9es demandent la suppression de leurs donn\u00e9es ou r\u00e9voquent le consentement donn\u00e9, les donn\u00e9es seront supprim\u00e9es de la base de donn\u00e9es de Cabesota.<\/p>\n<p>&nbsp;<\/p>\n<p>De plus, nous ne collectons pas de donn\u00e9es personnelles concernant les mineurs. Cependant, il incombe \u00e0 leurs tuteurs l\u00e9gaux de veiller \u00e0 leur confidentialit\u00e9, en faisant tout leur possible pour s&rsquo;assurer qu&rsquo;ils ont autoris\u00e9 la collecte et le traitement des donn\u00e9es du mineur. <\/p>\n<h1>Droits des utilisateurs<\/h1>\n<p>Les utilisateurs conservent leurs droits concernant leurs donn\u00e9es personnelles dans les domaines suivants :<\/p>\n<ul>\n<li aria-level=\"1\">Vous pouvez demander des informations sur les donn\u00e9es personnelles stock\u00e9es.<\/li>\n<li aria-level=\"1\">Vous avez le droit de savoir si nous utilisons vos donn\u00e9es ou non.<\/li>\n<li aria-level=\"1\">Ils peuvent demander la correction des inexactitudes dans les donn\u00e9es personnelles.<\/li>\n<li aria-level=\"1\">Vous avez le droit de demander la portabilit\u00e9 de vos donn\u00e9es.<\/li>\n<li aria-level=\"1\">Vous pouvez d\u00e9poser une r\u00e9clamation relative \u00e0 la protection de vos donn\u00e9es personnelles lorsque vous estimez que vos droits reconnus ont \u00e9t\u00e9 viol\u00e9s.<\/li>\n<\/ul>\n<p>Vous pouvez demander la suppression du traitement de vos donn\u00e9es personnelles, ainsi que leur limitation. Pour ce faire, vous devez contacter Cabesota via notre formulaire ou en envoyant un e-mail \u00e0 info@cabesota.com.<\/p>\n","protected":false},"excerpt":{"rendered":"<p>Il est tr\u00e8s important pour nous que vous vous sentiez \u00e0 l&rsquo;aise sur notre site web. C&rsquo;est pourquoi nous vous demandons de lire attentivement le r\u00e9sum\u00e9 suivant sur son fonctionnement. La protection de votre vie priv\u00e9e est tr\u00e8s importante, et nous voulons que vous ayez confiance dans la transparence du traitement de vos donn\u00e9es, car [&hellip;]<\/p>\n","protected":false},"author":1,"featured_media":0,"parent":0,"menu_order":0,"comment_status":"closed","ping_status":"closed","template":"","meta":{"inline_featured_image":false,"_joinchat":[],"footnotes":""},"class_list":["post-29721","page","type-page","status-publish","hentry"],"yoast_head":"<!-- This site is optimized with the Yoast SEO plugin v26.6 - https:\/\/yoast.com\/wordpress\/plugins\/seo\/ -->\n<title>Politique de confidentialit\u00e9 - Cabesota<\/title>\n<meta name=\"robots\" content=\"index, follow, max-snippet:-1, max-image-preview:large, max-video-preview:-1\" \/>\n<link rel=\"canonical\" href=\"https:\/\/cabesota.com\/fr\/politique-de-confidentialite\/\" \/>\n<meta property=\"og:locale\" content=\"fr_FR\" \/>\n<meta property=\"og:type\" content=\"article\" \/>\n<meta property=\"og:title\" content=\"Politique de confidentialit\u00e9 - Cabesota\" \/>\n<meta property=\"og:description\" content=\"Il est tr\u00e8s important pour nous que vous vous sentiez \u00e0 l&rsquo;aise sur notre site web. C&rsquo;est pourquoi nous vous demandons de lire attentivement le r\u00e9sum\u00e9 suivant sur son fonctionnement. La protection de votre vie priv\u00e9e est tr\u00e8s importante, et nous voulons que vous ayez confiance dans la transparence du traitement de vos donn\u00e9es, car [&hellip;]\" \/>\n<meta property=\"og:url\" content=\"https:\/\/cabesota.com\/fr\/politique-de-confidentialite\/\" \/>\n<meta property=\"og:site_name\" content=\"Cabesota\" \/>\n<meta name=\"twitter:card\" content=\"summary_large_image\" \/>\n<meta name=\"twitter:label1\" content=\"Dur\u00e9e de lecture estim\u00e9e\" \/>\n\t<meta name=\"twitter:data1\" content=\"6 minutes\" \/>\n<script type=\"application\/ld+json\" class=\"yoast-schema-graph\">{\"@context\":\"https:\/\/schema.org\",\"@graph\":[{\"@type\":\"WebPage\",\"@id\":\"https:\/\/cabesota.com\/fr\/politique-de-confidentialite\/\",\"url\":\"https:\/\/cabesota.com\/fr\/politique-de-confidentialite\/\",\"name\":\"Politique de confidentialit\u00e9 - Cabesota\",\"isPartOf\":{\"@id\":\"http:\/\/cabesota.com\/fr\/#website\"},\"datePublished\":\"2022-10-06T07:45:21+00:00\",\"breadcrumb\":{\"@id\":\"https:\/\/cabesota.com\/fr\/politique-de-confidentialite\/#breadcrumb\"},\"inLanguage\":\"fr-FR\",\"potentialAction\":[{\"@type\":\"ReadAction\",\"target\":[\"https:\/\/cabesota.com\/fr\/politique-de-confidentialite\/\"]}]},{\"@type\":\"BreadcrumbList\",\"@id\":\"https:\/\/cabesota.com\/fr\/politique-de-confidentialite\/#breadcrumb\",\"itemListElement\":[{\"@type\":\"ListItem\",\"position\":1,\"name\":\"Inicio\",\"item\":\"https:\/\/cabesota.com\/fr\/portada\/\"},{\"@type\":\"ListItem\",\"position\":2,\"name\":\"Politique de confidentialit\u00e9\"}]},{\"@type\":\"WebSite\",\"@id\":\"http:\/\/cabesota.com\/fr\/#website\",\"url\":\"http:\/\/cabesota.com\/fr\/\",\"name\":\"Cabesota\",\"description\":\"Tienda de quesos\",\"publisher\":{\"@id\":\"http:\/\/cabesota.com\/fr\/#organization\"},\"potentialAction\":[{\"@type\":\"SearchAction\",\"target\":{\"@type\":\"EntryPoint\",\"urlTemplate\":\"http:\/\/cabesota.com\/fr\/?s={search_term_string}\"},\"query-input\":{\"@type\":\"PropertyValueSpecification\",\"valueRequired\":true,\"valueName\":\"search_term_string\"}}],\"inLanguage\":\"fr-FR\"},{\"@type\":[\"Organization\",\"Place\",\"FoodEstablishment\"],\"@id\":\"http:\/\/cabesota.com\/fr\/#organization\",\"name\":\"Cabesota quesos\",\"url\":\"http:\/\/cabesota.com\/fr\/\",\"logo\":{\"@id\":\"https:\/\/cabesota.com\/fr\/politique-de-confidentialite\/#local-main-organization-logo\"},\"image\":{\"@id\":\"https:\/\/cabesota.com\/fr\/politique-de-confidentialite\/#local-main-organization-logo\"},\"address\":{\"@id\":\"https:\/\/cabesota.com\/fr\/politique-de-confidentialite\/#local-main-place-address\"},\"geo\":{\"@type\":\"GeoCoordinates\",\"latitude\":\"38.91110949358342\",\"longitude\":\"-3.6694486656672813\"},\"telephone\":[\"681 91 16 31\",\"652109758\"],\"contactPoint\":{\"@type\":\"ContactPoint\",\"telephone\":\"681 91 16 31\",\"email\":\"info@cabesota.com\"},\"openingHoursSpecification\":[{\"@type\":\"OpeningHoursSpecification\",\"dayOfWeek\":[\"Monday\",\"Tuesday\",\"Wednesday\",\"Thursday\",\"Friday\"],\"opens\":\"09:00\",\"closes\":\"20:30\"},{\"@type\":\"OpeningHoursSpecification\",\"dayOfWeek\":[\"Saturday\"],\"opens\":\"10:00\",\"closes\":\"14:00\"},{\"@type\":\"OpeningHoursSpecification\",\"dayOfWeek\":[\"Sunday\"],\"opens\":\"00:00\",\"closes\":\"00:00\"}],\"email\":\"info@cabesota.com\",\"vatID\":\"B05333968\",\"currenciesAccepted\":\"Euro\"},{\"@type\":\"PostalAddress\",\"@id\":\"https:\/\/cabesota.com\/fr\/politique-de-confidentialite\/#local-main-place-address\",\"streetAddress\":\"C. Torralba, 14, 13260 Bola\u00f1os de Calatrava, Ciudad Real\",\"addressLocality\":\"Bola\u00f1os de Calatrava\",\"postalCode\":\"13260\",\"addressRegion\":\"Ciudad Real\",\"addressCountry\":\"ES\"},{\"@type\":\"ImageObject\",\"inLanguage\":\"fr-FR\",\"@id\":\"https:\/\/cabesota.com\/fr\/politique-de-confidentialite\/#local-main-organization-logo\",\"url\":\"https:\/\/cabesota.com\/wp-content\/uploads\/2022\/05\/logo-cabesota.png\",\"contentUrl\":\"https:\/\/cabesota.com\/wp-content\/uploads\/2022\/05\/logo-cabesota.png\",\"width\":466,\"height\":113,\"caption\":\"Cabesota quesos\"}]}<\/script>\n<meta name=\"geo.placename\" content=\"Bola\u00f1os de Calatrava\" \/>\n<meta name=\"geo.position\" content=\"38.91110949358342;-3.6694486656672813\" \/>\n<meta name=\"geo.region\" content=\"Espagne\" \/>\n<!-- \/ Yoast SEO plugin. -->","yoast_head_json":{"title":"Politique de confidentialit\u00e9 - Cabesota","robots":{"index":"index","follow":"follow","max-snippet":"max-snippet:-1","max-image-preview":"max-image-preview:large","max-video-preview":"max-video-preview:-1"},"canonical":"https:\/\/cabesota.com\/fr\/politique-de-confidentialite\/","og_locale":"fr_FR","og_type":"article","og_title":"Politique de confidentialit\u00e9 - Cabesota","og_description":"Il est tr\u00e8s important pour nous que vous vous sentiez \u00e0 l&rsquo;aise sur notre site web. C&rsquo;est pourquoi nous vous demandons de lire attentivement le r\u00e9sum\u00e9 suivant sur son fonctionnement. La protection de votre vie priv\u00e9e est tr\u00e8s importante, et nous voulons que vous ayez confiance dans la transparence du traitement de vos donn\u00e9es, car [&hellip;]","og_url":"https:\/\/cabesota.com\/fr\/politique-de-confidentialite\/","og_site_name":"Cabesota","twitter_card":"summary_large_image","twitter_misc":{"Dur\u00e9e de lecture estim\u00e9e":"6 minutes"},"schema":{"@context":"https:\/\/schema.org","@graph":[{"@type":"WebPage","@id":"https:\/\/cabesota.com\/fr\/politique-de-confidentialite\/","url":"https:\/\/cabesota.com\/fr\/politique-de-confidentialite\/","name":"Politique de confidentialit\u00e9 - Cabesota","isPartOf":{"@id":"http:\/\/cabesota.com\/fr\/#website"},"datePublished":"2022-10-06T07:45:21+00:00","breadcrumb":{"@id":"https:\/\/cabesota.com\/fr\/politique-de-confidentialite\/#breadcrumb"},"inLanguage":"fr-FR","potentialAction":[{"@type":"ReadAction","target":["https:\/\/cabesota.com\/fr\/politique-de-confidentialite\/"]}]},{"@type":"BreadcrumbList","@id":"https:\/\/cabesota.com\/fr\/politique-de-confidentialite\/#breadcrumb","itemListElement":[{"@type":"ListItem","position":1,"name":"Inicio","item":"https:\/\/cabesota.com\/fr\/portada\/"},{"@type":"ListItem","position":2,"name":"Politique de confidentialit\u00e9"}]},{"@type":"WebSite","@id":"http:\/\/cabesota.com\/fr\/#website","url":"http:\/\/cabesota.com\/fr\/","name":"Cabesota","description":"Tienda de quesos","publisher":{"@id":"http:\/\/cabesota.com\/fr\/#organization"},"potentialAction":[{"@type":"SearchAction","target":{"@type":"EntryPoint","urlTemplate":"http:\/\/cabesota.com\/fr\/?s={search_term_string}"},"query-input":{"@type":"PropertyValueSpecification","valueRequired":true,"valueName":"search_term_string"}}],"inLanguage":"fr-FR"},{"@type":["Organization","Place","FoodEstablishment"],"@id":"http:\/\/cabesota.com\/fr\/#organization","name":"Cabesota quesos","url":"http:\/\/cabesota.com\/fr\/","logo":{"@id":"https:\/\/cabesota.com\/fr\/politique-de-confidentialite\/#local-main-organization-logo"},"image":{"@id":"https:\/\/cabesota.com\/fr\/politique-de-confidentialite\/#local-main-organization-logo"},"address":{"@id":"https:\/\/cabesota.com\/fr\/politique-de-confidentialite\/#local-main-place-address"},"geo":{"@type":"GeoCoordinates","latitude":"38.91110949358342","longitude":"-3.6694486656672813"},"telephone":["681 91 16 31","652109758"],"contactPoint":{"@type":"ContactPoint","telephone":"681 91 16 31","email":"info@cabesota.com"},"openingHoursSpecification":[{"@type":"OpeningHoursSpecification","dayOfWeek":["Monday","Tuesday","Wednesday","Thursday","Friday"],"opens":"09:00","closes":"20:30"},{"@type":"OpeningHoursSpecification","dayOfWeek":["Saturday"],"opens":"10:00","closes":"14:00"},{"@type":"OpeningHoursSpecification","dayOfWeek":["Sunday"],"opens":"00:00","closes":"00:00"}],"email":"info@cabesota.com","vatID":"B05333968","currenciesAccepted":"Euro"},{"@type":"PostalAddress","@id":"https:\/\/cabesota.com\/fr\/politique-de-confidentialite\/#local-main-place-address","streetAddress":"C. Torralba, 14, 13260 Bola\u00f1os de Calatrava, Ciudad Real","addressLocality":"Bola\u00f1os de Calatrava","postalCode":"13260","addressRegion":"Ciudad Real","addressCountry":"ES"},{"@type":"ImageObject","inLanguage":"fr-FR","@id":"https:\/\/cabesota.com\/fr\/politique-de-confidentialite\/#local-main-organization-logo","url":"https:\/\/cabesota.com\/wp-content\/uploads\/2022\/05\/logo-cabesota.png","contentUrl":"https:\/\/cabesota.com\/wp-content\/uploads\/2022\/05\/logo-cabesota.png","width":466,"height":113,"caption":"Cabesota quesos"}]},"geo.placename":"Bola\u00f1os de Calatrava","geo.position":{"lat":"38.91110949358342","long":"-3.6694486656672813"},"geo.region":"Espagne"},"_links":{"self":[{"href":"https:\/\/cabesota.com\/fr\/wp-json\/wp\/v2\/pages\/29721","targetHints":{"allow":["GET"]}}],"collection":[{"href":"https:\/\/cabesota.com\/fr\/wp-json\/wp\/v2\/pages"}],"about":[{"href":"https:\/\/cabesota.com\/fr\/wp-json\/wp\/v2\/types\/page"}],"author":[{"embeddable":true,"href":"https:\/\/cabesota.com\/fr\/wp-json\/wp\/v2\/users\/1"}],"replies":[{"embeddable":true,"href":"https:\/\/cabesota.com\/fr\/wp-json\/wp\/v2\/comments?post=29721"}],"version-history":[{"count":0,"href":"https:\/\/cabesota.com\/fr\/wp-json\/wp\/v2\/pages\/29721\/revisions"}],"wp:attachment":[{"href":"https:\/\/cabesota.com\/fr\/wp-json\/wp\/v2\/media?parent=29721"}],"curies":[{"name":"wp","href":"https:\/\/api.w.org\/{rel}","templated":true}]}}