{"id":29727,"date":"2022-03-18T12:31:46","date_gmt":"2022-03-18T12:31:46","guid":{"rendered":"https:\/\/cabesota.com\/a-propos-de-nous\/"},"modified":"2025-10-23T11:50:37","modified_gmt":"2025-10-23T11:50:37","slug":"a-propos-de-nous","status":"publish","type":"page","link":"https:\/\/cabesota.com\/fr\/a-propos-de-nous\/","title":{"rendered":"\u00c0 propos de nous"},"content":{"rendered":"\t\t<div data-elementor-type=\"wp-page\" data-elementor-id=\"29727\" class=\"elementor elementor-29727 elementor-343\" data-elementor-post-type=\"page\">\n\t\t\t\t\t\t<section class=\"elementor-section elementor-top-section elementor-element elementor-element-34dfa323 elementor-section-boxed elementor-section-height-default elementor-section-height-default\" data-id=\"34dfa323\" data-element_type=\"section\">\n\t\t\t\t\t\t<div class=\"elementor-container elementor-column-gap-default\">\n\t\t\t\t\t<div class=\"elementor-column elementor-col-50 elementor-top-column elementor-element elementor-element-17193473\" data-id=\"17193473\" data-element_type=\"column\" data-settings=\"{&quot;motion_fx_motion_fx_scrolling&quot;:&quot;yes&quot;,&quot;motion_fx_opacity_effect&quot;:&quot;yes&quot;,&quot;motion_fx_opacity_direction&quot;:&quot;in-out&quot;,&quot;motion_fx_opacity_level&quot;:{&quot;unit&quot;:&quot;px&quot;,&quot;size&quot;:7.1,&quot;sizes&quot;:[]},&quot;motion_fx_opacity_range&quot;:{&quot;unit&quot;:&quot;%&quot;,&quot;size&quot;:&quot;&quot;,&quot;sizes&quot;:{&quot;start&quot;:20,&quot;end&quot;:80}},&quot;motion_fx_devices&quot;:[&quot;desktop&quot;,&quot;tablet&quot;,&quot;mobile&quot;]}\">\n\t\t\t<div class=\"elementor-widget-wrap elementor-element-populated\">\n\t\t\t\t\t\t<div class=\"elementor-element elementor-element-207da0b elementor-widget elementor-widget-image\" data-id=\"207da0b\" data-element_type=\"widget\" data-widget_type=\"image.default\">\n\t\t\t\t<div class=\"elementor-widget-container\">\n\t\t\t\t\t\t\t\t\t\t\t\t\t<img fetchpriority=\"high\" decoding=\"async\" width=\"400\" height=\"800\" src=\"https:\/\/cabesota.com\/wp-content\/uploads\/2022\/03\/2da136a800496ca215d69758bc3c1b12a8019f19__40A1654.webp\" class=\"attachment-large size-large wp-image-344\" alt=\"\" srcset=\"https:\/\/cabesota.com\/wp-content\/uploads\/2022\/03\/2da136a800496ca215d69758bc3c1b12a8019f19__40A1654.webp 400w, https:\/\/cabesota.com\/wp-content\/uploads\/2022\/03\/2da136a800496ca215d69758bc3c1b12a8019f19__40A1654-150x300.webp 150w\" sizes=\"(max-width: 400px) 100vw, 400px\" \/>\t\t\t\t\t\t\t\t\t\t\t\t\t<\/div>\n\t\t\t\t<\/div>\n\t\t\t\t\t<\/div>\n\t\t<\/div>\n\t\t\t\t<div class=\"elementor-column elementor-col-50 elementor-top-column elementor-element elementor-element-7f234fe\" data-id=\"7f234fe\" data-element_type=\"column\">\n\t\t\t<div class=\"elementor-widget-wrap elementor-element-populated\">\n\t\t\t\t\t\t<div class=\"elementor-element elementor-element-4baff25 elementor-widget elementor-widget-text-editor\" data-id=\"4baff25\" data-element_type=\"widget\" data-widget_type=\"text-editor.default\">\n\t\t\t\t<div class=\"elementor-widget-container\">\n\t\t\t\t\t\t\t\n<h2><strong>Qui sommes-nous ?<\/strong><\/h2>\n\n<div class=\"wp-block-columns\">\n<div class=\"wp-block-column\" style=\"flex-basis: 100%;\"> <\/div>\n<\/div>\n\n<p><strong>CabeSota quesos<\/strong> est une entreprise familiale n\u00e9e au c\u0153ur du Campo de Calatrava, en Castille-La Manche, fruit de d\u00e9cennies consacr\u00e9es \u00e0 l&rsquo;\u00e9levage ovin. D\u00e8s 1880, nos anc\u00eatres faisaient pa\u00eetre leurs troupeaux sur nos terres, une activit\u00e9 qui remonte m\u00eame \u00e0 avant le XIXe si\u00e8cle. Cette longue tradition d&rsquo;\u00e9levage s&rsquo;accompagne de la fabrication artisanale de fromage, ces deux m\u00e9tiers ayant constitu\u00e9 le mode de vie de nos grands-parents et arri\u00e8re-grands-parents. C&rsquo;est ainsi qu&rsquo;est n\u00e9e CabeSota, une marque avec sa propre histoire qui d\u00e9finit parfaitement nos origines et fait r\u00e9f\u00e9rence \u00e0 nos racines.   <\/p>\n\n<p>Saveur, ar\u00f4me, texture et surtout fra\u00eecheur et jeunesse. CabeSota Quesos est dans la fleur de l&rsquo;\u00e2ge et, \u00e0 seulement vingt ans, le plus jeune fils de cette famille d&rsquo;\u00e9leveurs, notre ma\u00eetre fromager Lorenzo Chac\u00f3n, avec sa s\u0153ur Virginia, inspir\u00e9s par la longue trajectoire de leurs anc\u00eatres, d\u00e9cident de faire passer l&rsquo;entreprise familiale \u00e0 l&rsquo;\u00e9tape suivante : fabriquer leur propre fromage. C&rsquo;est ainsi que cette fromagerie est n\u00e9e de l&rsquo;amour et de la passion pour ce produit artisanal et ancien, inculqu\u00e9s d\u00e8s le berceau. CabeSota Quesos \u00e9labore, affine et distribue des fromages artisanaux espagnols, plus pr\u00e9cis\u00e9ment de La Mancha.   <\/p>\n\n<h2><strong>Qu&rsquo;est-ce qui rend notre fromage si sp\u00e9cial ?<\/strong><\/h2>\n\n<blockquote class=\"wp-block-quote\">\n<p><em>\u00ab Il n&rsquo;y a pas de modernit\u00e9 sans une bonne tradition \u00bb<\/em><\/p>\n<\/blockquote>\n\n<p>Les fromages <strong>CabeSota <\/strong>sont \u00e9labor\u00e9s \u00e0 partir de lait pasteuris\u00e9 provenant de brebis nourries \u00e0 l&rsquo;herbe naturelle dans la province de Ciudad Real, en Castille-La Manche. Ces esp\u00e8ces v\u00e9g\u00e9tales naturelles apportent une grande valeur nutritionnelle \u00e0 l&rsquo;alimentation des animaux. C&rsquo;est pourquoi le r\u00e9gime traditionnel de p\u00e2turage extensif constitue la base d&rsquo;une alimentation naturelle et de qualit\u00e9 pour nos troupeaux.  <\/p>\n\n<p>Ainsi, notre excellente mati\u00e8re premi\u00e8re, le lait, associ\u00e9e \u00e0 la fabrication particuli\u00e8re de notre produit \u2013 fusion de m\u00e9thodes traditionnelles et avant-gardistes \u2013 donne naissance \u00e0 un produit \u00e0 la personnalit\u00e9 affirm\u00e9e et \u00e0 la qualit\u00e9 supr\u00eame ind\u00e9niable.<\/p>\n\n<h2><strong>Notre boutique<\/strong><\/h2>\n\n<blockquote class=\"wp-block-quote\">\n<p><em>\u00ab D\u00e9couvrez les saveurs \u00bb<\/em><\/p>\n<\/blockquote>\n\n<p>Notre boutique gastronomique est un espace personnalis\u00e9 o\u00f9 vous trouverez les joyaux gastronomiques les plus traditionnels et artisanaux du Campo de Calatrava. De plus, nous aimons l&rsquo;innovation et proposons d&rsquo;autres d\u00e9lices gastronomiques provenant de diff\u00e9rentes r\u00e9gions du monde. <\/p>\n\n<p>Cet espace est con\u00e7u pour vous offrir une exp\u00e9rience sensorielle. Dans une atmosph\u00e8re d\u00e9licate et paisible, notre gamme de produits \u00ab delicatessen \u00bb vous invitera \u00e0 voyager dans une dimension sensorielle inconnue o\u00f9 vous d\u00e9couvrirez la v\u00e9ritable saveur de La Mancha. <\/p>\n\n<p><strong><em>CabeSota <\/em><\/strong>est la marque qui donne son nom \u00e0 notre fromage et \u00e0 notre produit le plus sp\u00e9cial. Un produit unique et exquis, \u00e9labor\u00e9 selon la tradition pour s\u00e9duire les palais les plus exigeants. <\/p>\n\n<p>\u00cates-vous pr\u00eat \u00e0 d\u00e9couvrir un monde de saveurs ?<\/p>\n\t\t\t\t\t\t<\/div>\n\t\t\t\t<\/div>\n\t\t\t\t\t<\/div>\n\t\t<\/div>\n\t\t\t\t\t<\/div>\n\t\t<\/section>\n\t\t\t\t<\/div>\n\t\t","protected":false},"excerpt":{"rendered":"<p>Qui sommes-nous ? CabeSota quesos est une entreprise familiale n\u00e9e au c\u0153ur du Campo de Calatrava, en Castille-La Manche, fruit de d\u00e9cennies consacr\u00e9es \u00e0 l&rsquo;\u00e9levage ovin. D\u00e8s 1880, nos anc\u00eatres faisaient pa\u00eetre leurs troupeaux sur nos terres, une activit\u00e9 qui remonte m\u00eame \u00e0 avant le XIXe si\u00e8cle. Cette longue tradition d&rsquo;\u00e9levage s&rsquo;accompagne de la fabrication [&hellip;]<\/p>\n","protected":false},"author":1,"featured_media":0,"parent":0,"menu_order":0,"comment_status":"closed","ping_status":"closed","template":"","meta":{"inline_featured_image":false,"_joinchat":[],"footnotes":""},"class_list":["post-29727","page","type-page","status-publish","hentry"],"yoast_head":"<!-- This site is optimized with the Yoast SEO plugin v26.6 - https:\/\/yoast.com\/wordpress\/plugins\/seo\/ -->\n<title>\u00c0 propos de nous - Cabesota<\/title>\n<meta name=\"robots\" content=\"index, follow, max-snippet:-1, max-image-preview:large, max-video-preview:-1\" \/>\n<link rel=\"canonical\" href=\"https:\/\/cabesota.com\/fr\/a-propos-de-nous\/\" \/>\n<meta property=\"og:locale\" content=\"fr_FR\" \/>\n<meta property=\"og:type\" content=\"article\" \/>\n<meta property=\"og:title\" content=\"\u00c0 propos de nous - Cabesota\" \/>\n<meta property=\"og:description\" content=\"Qui sommes-nous ? CabeSota quesos est une entreprise familiale n\u00e9e au c\u0153ur du Campo de Calatrava, en Castille-La Manche, fruit de d\u00e9cennies consacr\u00e9es \u00e0 l&rsquo;\u00e9levage ovin. D\u00e8s 1880, nos anc\u00eatres faisaient pa\u00eetre leurs troupeaux sur nos terres, une activit\u00e9 qui remonte m\u00eame \u00e0 avant le XIXe si\u00e8cle. Cette longue tradition d&rsquo;\u00e9levage s&rsquo;accompagne de la fabrication [&hellip;]\" \/>\n<meta property=\"og:url\" content=\"https:\/\/cabesota.com\/fr\/a-propos-de-nous\/\" \/>\n<meta property=\"og:site_name\" content=\"Cabesota\" \/>\n<meta property=\"article:modified_time\" content=\"2025-10-23T11:50:37+00:00\" \/>\n<meta property=\"og:image\" content=\"https:\/\/cabesota.com\/wp-content\/uploads\/2022\/03\/2da136a800496ca215d69758bc3c1b12a8019f19__40A1654.webp\" \/>\n\t<meta property=\"og:image:width\" content=\"400\" \/>\n\t<meta property=\"og:image:height\" content=\"800\" \/>\n\t<meta property=\"og:image:type\" content=\"image\/webp\" \/>\n<meta name=\"twitter:card\" content=\"summary_large_image\" \/>\n<meta name=\"twitter:label1\" content=\"Dur\u00e9e de lecture estim\u00e9e\" \/>\n\t<meta name=\"twitter:data1\" content=\"2 minutes\" \/>\n<script type=\"application\/ld+json\" class=\"yoast-schema-graph\">{\"@context\":\"https:\/\/schema.org\",\"@graph\":[{\"@type\":\"WebPage\",\"@id\":\"https:\/\/cabesota.com\/fr\/a-propos-de-nous\/\",\"url\":\"https:\/\/cabesota.com\/fr\/a-propos-de-nous\/\",\"name\":\"\u00c0 propos de nous - Cabesota\",\"isPartOf\":{\"@id\":\"http:\/\/cabesota.com\/fr\/#website\"},\"primaryImageOfPage\":{\"@id\":\"https:\/\/cabesota.com\/fr\/a-propos-de-nous\/#primaryimage\"},\"image\":{\"@id\":\"https:\/\/cabesota.com\/fr\/a-propos-de-nous\/#primaryimage\"},\"thumbnailUrl\":\"https:\/\/cabesota.com\/wp-content\/uploads\/2022\/03\/2da136a800496ca215d69758bc3c1b12a8019f19__40A1654.webp\",\"datePublished\":\"2022-03-18T12:31:46+00:00\",\"dateModified\":\"2025-10-23T11:50:37+00:00\",\"breadcrumb\":{\"@id\":\"https:\/\/cabesota.com\/fr\/a-propos-de-nous\/#breadcrumb\"},\"inLanguage\":\"fr-FR\",\"potentialAction\":[{\"@type\":\"ReadAction\",\"target\":[\"https:\/\/cabesota.com\/fr\/a-propos-de-nous\/\"]}]},{\"@type\":\"ImageObject\",\"inLanguage\":\"fr-FR\",\"@id\":\"https:\/\/cabesota.com\/fr\/a-propos-de-nous\/#primaryimage\",\"url\":\"https:\/\/cabesota.com\/wp-content\/uploads\/2022\/03\/2da136a800496ca215d69758bc3c1b12a8019f19__40A1654.webp\",\"contentUrl\":\"https:\/\/cabesota.com\/wp-content\/uploads\/2022\/03\/2da136a800496ca215d69758bc3c1b12a8019f19__40A1654.webp\"},{\"@type\":\"BreadcrumbList\",\"@id\":\"https:\/\/cabesota.com\/fr\/a-propos-de-nous\/#breadcrumb\",\"itemListElement\":[{\"@type\":\"ListItem\",\"position\":1,\"name\":\"Inicio\",\"item\":\"https:\/\/cabesota.com\/fr\/portada\/\"},{\"@type\":\"ListItem\",\"position\":2,\"name\":\"\u00c0 propos de nous\"}]},{\"@type\":\"WebSite\",\"@id\":\"http:\/\/cabesota.com\/fr\/#website\",\"url\":\"http:\/\/cabesota.com\/fr\/\",\"name\":\"Cabesota\",\"description\":\"Tienda de quesos\",\"publisher\":{\"@id\":\"http:\/\/cabesota.com\/fr\/#organization\"},\"potentialAction\":[{\"@type\":\"SearchAction\",\"target\":{\"@type\":\"EntryPoint\",\"urlTemplate\":\"http:\/\/cabesota.com\/fr\/?s={search_term_string}\"},\"query-input\":{\"@type\":\"PropertyValueSpecification\",\"valueRequired\":true,\"valueName\":\"search_term_string\"}}],\"inLanguage\":\"fr-FR\"},{\"@type\":[\"Organization\",\"Place\",\"FoodEstablishment\"],\"@id\":\"http:\/\/cabesota.com\/fr\/#organization\",\"name\":\"Cabesota quesos\",\"url\":\"http:\/\/cabesota.com\/fr\/\",\"logo\":{\"@id\":\"https:\/\/cabesota.com\/fr\/a-propos-de-nous\/#local-main-organization-logo\"},\"image\":{\"@id\":\"https:\/\/cabesota.com\/fr\/a-propos-de-nous\/#local-main-organization-logo\"},\"address\":{\"@id\":\"https:\/\/cabesota.com\/fr\/a-propos-de-nous\/#local-main-place-address\"},\"geo\":{\"@type\":\"GeoCoordinates\",\"latitude\":\"38.91110949358342\",\"longitude\":\"-3.6694486656672813\"},\"telephone\":[\"681 91 16 31\",\"652109758\"],\"contactPoint\":{\"@type\":\"ContactPoint\",\"telephone\":\"681 91 16 31\",\"email\":\"info@cabesota.com\"},\"openingHoursSpecification\":[{\"@type\":\"OpeningHoursSpecification\",\"dayOfWeek\":[\"Monday\",\"Tuesday\",\"Wednesday\",\"Thursday\",\"Friday\"],\"opens\":\"09:00\",\"closes\":\"20:30\"},{\"@type\":\"OpeningHoursSpecification\",\"dayOfWeek\":[\"Saturday\"],\"opens\":\"10:00\",\"closes\":\"14:00\"},{\"@type\":\"OpeningHoursSpecification\",\"dayOfWeek\":[\"Sunday\"],\"opens\":\"00:00\",\"closes\":\"00:00\"}],\"email\":\"info@cabesota.com\",\"vatID\":\"B05333968\",\"currenciesAccepted\":\"Euro\"},{\"@type\":\"PostalAddress\",\"@id\":\"https:\/\/cabesota.com\/fr\/a-propos-de-nous\/#local-main-place-address\",\"streetAddress\":\"C. Torralba, 14, 13260 Bola\u00f1os de Calatrava, Ciudad Real\",\"addressLocality\":\"Bola\u00f1os de Calatrava\",\"postalCode\":\"13260\",\"addressRegion\":\"Ciudad Real\",\"addressCountry\":\"ES\"},{\"@type\":\"ImageObject\",\"inLanguage\":\"fr-FR\",\"@id\":\"https:\/\/cabesota.com\/fr\/a-propos-de-nous\/#local-main-organization-logo\",\"url\":\"https:\/\/cabesota.com\/wp-content\/uploads\/2022\/05\/logo-cabesota.png\",\"contentUrl\":\"https:\/\/cabesota.com\/wp-content\/uploads\/2022\/05\/logo-cabesota.png\",\"width\":466,\"height\":113,\"caption\":\"Cabesota quesos\"}]}<\/script>\n<meta name=\"geo.placename\" content=\"Bola\u00f1os de Calatrava\" \/>\n<meta name=\"geo.position\" content=\"38.91110949358342;-3.6694486656672813\" \/>\n<meta name=\"geo.region\" content=\"Espagne\" \/>\n<!-- \/ Yoast SEO plugin. -->","yoast_head_json":{"title":"\u00c0 propos de nous - Cabesota","robots":{"index":"index","follow":"follow","max-snippet":"max-snippet:-1","max-image-preview":"max-image-preview:large","max-video-preview":"max-video-preview:-1"},"canonical":"https:\/\/cabesota.com\/fr\/a-propos-de-nous\/","og_locale":"fr_FR","og_type":"article","og_title":"\u00c0 propos de nous - Cabesota","og_description":"Qui sommes-nous ? CabeSota quesos est une entreprise familiale n\u00e9e au c\u0153ur du Campo de Calatrava, en Castille-La Manche, fruit de d\u00e9cennies consacr\u00e9es \u00e0 l&rsquo;\u00e9levage ovin. D\u00e8s 1880, nos anc\u00eatres faisaient pa\u00eetre leurs troupeaux sur nos terres, une activit\u00e9 qui remonte m\u00eame \u00e0 avant le XIXe si\u00e8cle. Cette longue tradition d&rsquo;\u00e9levage s&rsquo;accompagne de la fabrication [&hellip;]","og_url":"https:\/\/cabesota.com\/fr\/a-propos-de-nous\/","og_site_name":"Cabesota","article_modified_time":"2025-10-23T11:50:37+00:00","og_image":[{"width":400,"height":800,"url":"https:\/\/cabesota.com\/wp-content\/uploads\/2022\/03\/2da136a800496ca215d69758bc3c1b12a8019f19__40A1654.webp","type":"image\/webp"}],"twitter_card":"summary_large_image","twitter_misc":{"Dur\u00e9e de lecture estim\u00e9e":"2 minutes"},"schema":{"@context":"https:\/\/schema.org","@graph":[{"@type":"WebPage","@id":"https:\/\/cabesota.com\/fr\/a-propos-de-nous\/","url":"https:\/\/cabesota.com\/fr\/a-propos-de-nous\/","name":"\u00c0 propos de nous - Cabesota","isPartOf":{"@id":"http:\/\/cabesota.com\/fr\/#website"},"primaryImageOfPage":{"@id":"https:\/\/cabesota.com\/fr\/a-propos-de-nous\/#primaryimage"},"image":{"@id":"https:\/\/cabesota.com\/fr\/a-propos-de-nous\/#primaryimage"},"thumbnailUrl":"https:\/\/cabesota.com\/wp-content\/uploads\/2022\/03\/2da136a800496ca215d69758bc3c1b12a8019f19__40A1654.webp","datePublished":"2022-03-18T12:31:46+00:00","dateModified":"2025-10-23T11:50:37+00:00","breadcrumb":{"@id":"https:\/\/cabesota.com\/fr\/a-propos-de-nous\/#breadcrumb"},"inLanguage":"fr-FR","potentialAction":[{"@type":"ReadAction","target":["https:\/\/cabesota.com\/fr\/a-propos-de-nous\/"]}]},{"@type":"ImageObject","inLanguage":"fr-FR","@id":"https:\/\/cabesota.com\/fr\/a-propos-de-nous\/#primaryimage","url":"https:\/\/cabesota.com\/wp-content\/uploads\/2022\/03\/2da136a800496ca215d69758bc3c1b12a8019f19__40A1654.webp","contentUrl":"https:\/\/cabesota.com\/wp-content\/uploads\/2022\/03\/2da136a800496ca215d69758bc3c1b12a8019f19__40A1654.webp"},{"@type":"BreadcrumbList","@id":"https:\/\/cabesota.com\/fr\/a-propos-de-nous\/#breadcrumb","itemListElement":[{"@type":"ListItem","position":1,"name":"Inicio","item":"https:\/\/cabesota.com\/fr\/portada\/"},{"@type":"ListItem","position":2,"name":"\u00c0 propos de nous"}]},{"@type":"WebSite","@id":"http:\/\/cabesota.com\/fr\/#website","url":"http:\/\/cabesota.com\/fr\/","name":"Cabesota","description":"Tienda de quesos","publisher":{"@id":"http:\/\/cabesota.com\/fr\/#organization"},"potentialAction":[{"@type":"SearchAction","target":{"@type":"EntryPoint","urlTemplate":"http:\/\/cabesota.com\/fr\/?s={search_term_string}"},"query-input":{"@type":"PropertyValueSpecification","valueRequired":true,"valueName":"search_term_string"}}],"inLanguage":"fr-FR"},{"@type":["Organization","Place","FoodEstablishment"],"@id":"http:\/\/cabesota.com\/fr\/#organization","name":"Cabesota quesos","url":"http:\/\/cabesota.com\/fr\/","logo":{"@id":"https:\/\/cabesota.com\/fr\/a-propos-de-nous\/#local-main-organization-logo"},"image":{"@id":"https:\/\/cabesota.com\/fr\/a-propos-de-nous\/#local-main-organization-logo"},"address":{"@id":"https:\/\/cabesota.com\/fr\/a-propos-de-nous\/#local-main-place-address"},"geo":{"@type":"GeoCoordinates","latitude":"38.91110949358342","longitude":"-3.6694486656672813"},"telephone":["681 91 16 31","652109758"],"contactPoint":{"@type":"ContactPoint","telephone":"681 91 16 31","email":"info@cabesota.com"},"openingHoursSpecification":[{"@type":"OpeningHoursSpecification","dayOfWeek":["Monday","Tuesday","Wednesday","Thursday","Friday"],"opens":"09:00","closes":"20:30"},{"@type":"OpeningHoursSpecification","dayOfWeek":["Saturday"],"opens":"10:00","closes":"14:00"},{"@type":"OpeningHoursSpecification","dayOfWeek":["Sunday"],"opens":"00:00","closes":"00:00"}],"email":"info@cabesota.com","vatID":"B05333968","currenciesAccepted":"Euro"},{"@type":"PostalAddress","@id":"https:\/\/cabesota.com\/fr\/a-propos-de-nous\/#local-main-place-address","streetAddress":"C. Torralba, 14, 13260 Bola\u00f1os de Calatrava, Ciudad Real","addressLocality":"Bola\u00f1os de Calatrava","postalCode":"13260","addressRegion":"Ciudad Real","addressCountry":"ES"},{"@type":"ImageObject","inLanguage":"fr-FR","@id":"https:\/\/cabesota.com\/fr\/a-propos-de-nous\/#local-main-organization-logo","url":"https:\/\/cabesota.com\/wp-content\/uploads\/2022\/05\/logo-cabesota.png","contentUrl":"https:\/\/cabesota.com\/wp-content\/uploads\/2022\/05\/logo-cabesota.png","width":466,"height":113,"caption":"Cabesota quesos"}]},"geo.placename":"Bola\u00f1os de Calatrava","geo.position":{"lat":"38.91110949358342","long":"-3.6694486656672813"},"geo.region":"Espagne"},"_links":{"self":[{"href":"https:\/\/cabesota.com\/fr\/wp-json\/wp\/v2\/pages\/29727","targetHints":{"allow":["GET"]}}],"collection":[{"href":"https:\/\/cabesota.com\/fr\/wp-json\/wp\/v2\/pages"}],"about":[{"href":"https:\/\/cabesota.com\/fr\/wp-json\/wp\/v2\/types\/page"}],"author":[{"embeddable":true,"href":"https:\/\/cabesota.com\/fr\/wp-json\/wp\/v2\/users\/1"}],"replies":[{"embeddable":true,"href":"https:\/\/cabesota.com\/fr\/wp-json\/wp\/v2\/comments?post=29727"}],"version-history":[{"count":3,"href":"https:\/\/cabesota.com\/fr\/wp-json\/wp\/v2\/pages\/29727\/revisions"}],"predecessor-version":[{"id":29730,"href":"https:\/\/cabesota.com\/fr\/wp-json\/wp\/v2\/pages\/29727\/revisions\/29730"}],"wp:attachment":[{"href":"https:\/\/cabesota.com\/fr\/wp-json\/wp\/v2\/media?parent=29727"}],"curies":[{"name":"wp","href":"https:\/\/api.w.org\/{rel}","templated":true}]}}