{"id":29555,"date":"2025-07-11T08:53:27","date_gmt":"2025-07-11T08:53:27","guid":{"rendered":"https:\/\/cabesota.com\/%f0%9f%92%80-pack-feu-infernal-niveaux-4-5\/"},"modified":"2025-08-28T15:35:22","modified_gmt":"2025-08-28T15:35:22","slug":"%f0%9f%92%80-pack-feu-infernal-niveaux-4-5","status":"publish","type":"product","link":"https:\/\/cabesota.com\/fr\/produit\/%f0%9f%92%80-pack-feu-infernal-niveaux-4-5\/","title":{"rendered":"\ud83d\udc80 Pack Feu infernal (niveaux 4-5)"},"content":{"rendered":"<p>REMARQUE : AVEC CE PAQUET, VOUS POUVEZ RELEVER LE D\u00c9FI \u00c0 4 OU 5 PERSONNES.<\/p>\n<p>SI VOUS PUBLIEZ LE D\u00c9FI SUR LES R\u00c9SEAUX SOCIAUX EN TAGUANT @QUESOSCABESOTA, VOUS B\u00c9N\u00c9FICIEREZ D&rsquo;UNE R\u00c9DUCTION DE 25 % SUR VOTRE PROCHAIN ACHAT (APPLICABLE SUR LE PRIX DU PRODUIT SANS REMISE).<\/p>\n","protected":false},"excerpt":{"rendered":"<p><strong>\ud83d\udd25C&rsquo;est ici que se s\u00e9parent les courageux des mortels.<\/strong><\/p>\n<p>Ici, pas de demi-mesure : ce pack est r\u00e9serv\u00e9 aux vrais courageux. Deux fromages pour mettre \u00e0 l&rsquo;\u00e9preuve votre r\u00e9sistance et votre dignit\u00e9. Le piment habanero ouvre la porte&#8230; le Carolina Reaper la ferme \u00e0 double tour avec du feu pur.  <\/p>\n<p data-start=\"1140\" data-end=\"1154\"><strong data-start=\"1140\" data-end=\"1152\">Comprend :<\/strong><\/p>\n<ul data-start=\"1155\" data-end=\"1219\">\n<li data-start=\"1155\" data-end=\"1183\">\n<p data-start=\"1157\" data-end=\"1183\"><strong>Fromage Habanero 200 g environ \ud83c\udf36\ufe0f\ud83c\udf36\ufe0f\ud83c\udf36\ufe0f\ud83c\udf36\ufe0f<\/strong><\/p>\n<\/li>\n<li data-start=\"1184\" data-end=\"1219\">\n<p data-start=\"1186\" data-end=\"1219\"><strong>Fromage Carolina Reaper 200 g environ\ud83c\udf36\ufe0f\ud83c\udf36\ufe0f\ud83c\udf36\ufe0f\ud83c\udf36\ufe0f\ud83c\udf36\ufe0f<\/strong><\/p>\n<\/li>\n<li data-start=\"2276\" data-end=\"2338\">\n<p data-start=\"2278\" data-end=\"2338\"><strong data-start=\"2278\" data-end=\"2301\">Gants jetables<\/strong><\/p>\n<\/li>\n<li data-start=\"2276\" data-end=\"2338\"><strong>Planche \u00e0 d\u00e9couper<\/strong><\/li>\n<li data-start=\"2276\" data-end=\"2338\"><strong>Couteau<\/strong><\/li>\n<li data-start=\"2339\" data-end=\"2408\">\n<p data-start=\"2341\" data-end=\"2408\"><strong data-start=\"2341\" data-end=\"2385\">Instructions pour relever le d\u00e9fi enregistr\u00e9<\/strong>.<\/p>\n<\/li>\n<\/ul>\n<p data-start=\"2341\" data-end=\"2408\">\ud83d\udce2 Avertissement : Ne convient pas aux l\u00e2ches.<\/p>\n","protected":false},"featured_media":29381,"comment_status":"open","ping_status":"closed","template":"","meta":{"inline_featured_image":false,"_joinchat":[]},"product_brand":[],"product_cat":[1103],"product_tag":[],"class_list":{"0":"post-29555","1":"product","2":"type-product","3":"status-publish","4":"has-post-thumbnail","6":"product_cat-defi-du-fromage-piquant","7":"has-subscription-plans","9":"first","10":"instock","11":"taxable","12":"shipping-taxable","13":"purchasable","14":"product-type-simple"},"yoast_head":"<!-- This site is optimized with the Yoast SEO plugin v26.6 - https:\/\/yoast.com\/wordpress\/plugins\/seo\/ -->\n<title>\ud83d\udc80 Pack Feu infernal (niveaux 4-5) - Cabesota<\/title>\n<meta name=\"description\" content=\"Osez le pack de fromages les plus piquants : niveaux 4 et 5. Habanero et Carolina Reaper pour les plus courageux. Saveur intense, feu pur. Mettez vos papilles au d\u00e9fi!\" \/>\n<meta name=\"robots\" content=\"index, follow, max-snippet:-1, max-image-preview:large, max-video-preview:-1\" \/>\n<link rel=\"canonical\" href=\"https:\/\/cabesota.com\/fr\/produit\/%f0%9f%92%80-pack-feu-infernal-niveaux-4-5\/\" \/>\n<meta property=\"og:locale\" content=\"fr_FR\" \/>\n<meta property=\"og:type\" content=\"article\" \/>\n<meta property=\"og:title\" content=\"\ud83d\udc80 Pack Feu infernal (niveaux 4-5) - Cabesota\" \/>\n<meta property=\"og:description\" content=\"Osez le pack de fromages les plus piquants : niveaux 4 et 5. Habanero et Carolina Reaper pour les plus courageux. Saveur intense, feu pur. Mettez vos papilles au d\u00e9fi!\" \/>\n<meta property=\"og:url\" content=\"https:\/\/cabesota.com\/fr\/produit\/%f0%9f%92%80-pack-feu-infernal-niveaux-4-5\/\" \/>\n<meta property=\"og:site_name\" content=\"Cabesota\" \/>\n<meta property=\"article:modified_time\" content=\"2025-08-28T15:35:22+00:00\" \/>\n<meta property=\"og:image\" content=\"https:\/\/cabesota.com\/wp-content\/uploads\/2025\/07\/IMG_0240-819x1024.png\" \/>\n\t<meta property=\"og:image:width\" content=\"819\" \/>\n\t<meta property=\"og:image:height\" content=\"1024\" \/>\n\t<meta property=\"og:image:type\" content=\"image\/png\" \/>\n<meta name=\"twitter:card\" content=\"summary_large_image\" \/>\n<script type=\"application\/ld+json\" class=\"yoast-schema-graph\">{\"@context\":\"https:\/\/schema.org\",\"@graph\":[{\"@type\":\"WebPage\",\"@id\":\"https:\/\/cabesota.com\/fr\/produit\/%f0%9f%92%80-pack-feu-infernal-niveaux-4-5\/\",\"url\":\"https:\/\/cabesota.com\/fr\/produit\/%f0%9f%92%80-pack-feu-infernal-niveaux-4-5\/\",\"name\":\"\ud83d\udc80 Pack Feu infernal (niveaux 4-5) - Cabesota\",\"isPartOf\":{\"@id\":\"http:\/\/cabesota.com\/fr\/#website\"},\"primaryImageOfPage\":{\"@id\":\"https:\/\/cabesota.com\/fr\/produit\/%f0%9f%92%80-pack-feu-infernal-niveaux-4-5\/#primaryimage\"},\"image\":{\"@id\":\"https:\/\/cabesota.com\/fr\/produit\/%f0%9f%92%80-pack-feu-infernal-niveaux-4-5\/#primaryimage\"},\"thumbnailUrl\":\"https:\/\/cabesota.com\/wp-content\/uploads\/2025\/07\/IMG_0230.png\",\"datePublished\":\"2025-07-11T08:53:27+00:00\",\"dateModified\":\"2025-08-28T15:35:22+00:00\",\"description\":\"Osez le pack de fromages les plus piquants : niveaux 4 et 5. Habanero et Carolina Reaper pour les plus courageux. Saveur intense, feu pur. Mettez vos papilles au d\u00e9fi!\",\"breadcrumb\":{\"@id\":\"https:\/\/cabesota.com\/fr\/produit\/%f0%9f%92%80-pack-feu-infernal-niveaux-4-5\/#breadcrumb\"},\"inLanguage\":\"fr-FR\",\"potentialAction\":[{\"@type\":\"ReadAction\",\"target\":[\"https:\/\/cabesota.com\/fr\/produit\/%f0%9f%92%80-pack-feu-infernal-niveaux-4-5\/\"]}]},{\"@type\":\"ImageObject\",\"inLanguage\":\"fr-FR\",\"@id\":\"https:\/\/cabesota.com\/fr\/produit\/%f0%9f%92%80-pack-feu-infernal-niveaux-4-5\/#primaryimage\",\"url\":\"https:\/\/cabesota.com\/wp-content\/uploads\/2025\/07\/IMG_0230.png\",\"contentUrl\":\"https:\/\/cabesota.com\/wp-content\/uploads\/2025\/07\/IMG_0230.png\",\"width\":3983,\"height\":5310},{\"@type\":\"BreadcrumbList\",\"@id\":\"https:\/\/cabesota.com\/fr\/produit\/%f0%9f%92%80-pack-feu-infernal-niveaux-4-5\/#breadcrumb\",\"itemListElement\":[{\"@type\":\"ListItem\",\"position\":1,\"name\":\"Inicio\",\"item\":\"https:\/\/cabesota.com\/fr\/portada\/\"},{\"@type\":\"ListItem\",\"position\":2,\"name\":\"Tienda\",\"item\":\"http:\/\/cabesota.com\/tienda\/\"},{\"@type\":\"ListItem\",\"position\":3,\"name\":\"\ud83d\udc80 Pack Feu infernal (niveaux 4-5)\"}]},{\"@type\":\"WebSite\",\"@id\":\"http:\/\/cabesota.com\/fr\/#website\",\"url\":\"http:\/\/cabesota.com\/fr\/\",\"name\":\"Cabesota\",\"description\":\"Tienda de quesos\",\"publisher\":{\"@id\":\"http:\/\/cabesota.com\/fr\/#organization\"},\"potentialAction\":[{\"@type\":\"SearchAction\",\"target\":{\"@type\":\"EntryPoint\",\"urlTemplate\":\"http:\/\/cabesota.com\/fr\/?s={search_term_string}\"},\"query-input\":{\"@type\":\"PropertyValueSpecification\",\"valueRequired\":true,\"valueName\":\"search_term_string\"}}],\"inLanguage\":\"fr-FR\"},{\"@type\":[\"Organization\",\"Place\",\"FoodEstablishment\"],\"@id\":\"http:\/\/cabesota.com\/fr\/#organization\",\"name\":\"Cabesota quesos\",\"url\":\"http:\/\/cabesota.com\/fr\/\",\"logo\":{\"@id\":\"https:\/\/cabesota.com\/fr\/produit\/%f0%9f%92%80-pack-feu-infernal-niveaux-4-5\/#local-main-organization-logo\"},\"image\":{\"@id\":\"https:\/\/cabesota.com\/fr\/produit\/%f0%9f%92%80-pack-feu-infernal-niveaux-4-5\/#local-main-organization-logo\"},\"address\":{\"@id\":\"https:\/\/cabesota.com\/fr\/produit\/%f0%9f%92%80-pack-feu-infernal-niveaux-4-5\/#local-main-place-address\"},\"geo\":{\"@type\":\"GeoCoordinates\",\"latitude\":\"38.91110949358342\",\"longitude\":\"-3.6694486656672813\"},\"telephone\":[\"681 91 16 31\",\"652109758\"],\"contactPoint\":{\"@type\":\"ContactPoint\",\"telephone\":\"681 91 16 31\",\"email\":\"info@cabesota.com\"},\"openingHoursSpecification\":[{\"@type\":\"OpeningHoursSpecification\",\"dayOfWeek\":[\"Monday\",\"Tuesday\",\"Wednesday\",\"Thursday\",\"Friday\"],\"opens\":\"09:00\",\"closes\":\"20:30\"},{\"@type\":\"OpeningHoursSpecification\",\"dayOfWeek\":[\"Saturday\"],\"opens\":\"10:00\",\"closes\":\"14:00\"},{\"@type\":\"OpeningHoursSpecification\",\"dayOfWeek\":[\"Sunday\"],\"opens\":\"00:00\",\"closes\":\"00:00\"}],\"email\":\"info@cabesota.com\",\"vatID\":\"B05333968\",\"currenciesAccepted\":\"Euro\"},{\"@type\":\"PostalAddress\",\"@id\":\"https:\/\/cabesota.com\/fr\/produit\/%f0%9f%92%80-pack-feu-infernal-niveaux-4-5\/#local-main-place-address\",\"streetAddress\":\"C. Torralba, 14, 13260 Bola\u00f1os de Calatrava, Ciudad Real\",\"addressLocality\":\"Bola\u00f1os de Calatrava\",\"postalCode\":\"13260\",\"addressRegion\":\"Ciudad Real\",\"addressCountry\":\"ES\"},{\"@type\":\"ImageObject\",\"inLanguage\":\"fr-FR\",\"@id\":\"https:\/\/cabesota.com\/fr\/produit\/%f0%9f%92%80-pack-feu-infernal-niveaux-4-5\/#local-main-organization-logo\",\"url\":\"https:\/\/cabesota.com\/wp-content\/uploads\/2022\/05\/logo-cabesota.png\",\"contentUrl\":\"https:\/\/cabesota.com\/wp-content\/uploads\/2022\/05\/logo-cabesota.png\",\"width\":466,\"height\":113,\"caption\":\"Cabesota quesos\"}]}<\/script>\n<meta name=\"geo.placename\" content=\"Bola\u00f1os de Calatrava\" \/>\n<meta name=\"geo.position\" content=\"38.91110949358342;-3.6694486656672813\" \/>\n<meta name=\"geo.region\" content=\"Espagne\" \/>\n<!-- \/ Yoast SEO plugin. -->","yoast_head_json":{"title":"\ud83d\udc80 Pack Feu infernal (niveaux 4-5) - Cabesota","description":"Osez le pack de fromages les plus piquants : niveaux 4 et 5. Habanero et Carolina Reaper pour les plus courageux. Saveur intense, feu pur. Mettez vos papilles au d\u00e9fi!","robots":{"index":"index","follow":"follow","max-snippet":"max-snippet:-1","max-image-preview":"max-image-preview:large","max-video-preview":"max-video-preview:-1"},"canonical":"https:\/\/cabesota.com\/fr\/produit\/%f0%9f%92%80-pack-feu-infernal-niveaux-4-5\/","og_locale":"fr_FR","og_type":"article","og_title":"\ud83d\udc80 Pack Feu infernal (niveaux 4-5) - Cabesota","og_description":"Osez le pack de fromages les plus piquants : niveaux 4 et 5. Habanero et Carolina Reaper pour les plus courageux. Saveur intense, feu pur. Mettez vos papilles au d\u00e9fi!","og_url":"https:\/\/cabesota.com\/fr\/produit\/%f0%9f%92%80-pack-feu-infernal-niveaux-4-5\/","og_site_name":"Cabesota","article_modified_time":"2025-08-28T15:35:22+00:00","og_image":[{"width":819,"height":1024,"url":"https:\/\/cabesota.com\/wp-content\/uploads\/2025\/07\/IMG_0240-819x1024.png","type":"image\/png"}],"twitter_card":"summary_large_image","schema":{"@context":"https:\/\/schema.org","@graph":[{"@type":"WebPage","@id":"https:\/\/cabesota.com\/fr\/produit\/%f0%9f%92%80-pack-feu-infernal-niveaux-4-5\/","url":"https:\/\/cabesota.com\/fr\/produit\/%f0%9f%92%80-pack-feu-infernal-niveaux-4-5\/","name":"\ud83d\udc80 Pack Feu infernal (niveaux 4-5) - Cabesota","isPartOf":{"@id":"http:\/\/cabesota.com\/fr\/#website"},"primaryImageOfPage":{"@id":"https:\/\/cabesota.com\/fr\/produit\/%f0%9f%92%80-pack-feu-infernal-niveaux-4-5\/#primaryimage"},"image":{"@id":"https:\/\/cabesota.com\/fr\/produit\/%f0%9f%92%80-pack-feu-infernal-niveaux-4-5\/#primaryimage"},"thumbnailUrl":"https:\/\/cabesota.com\/wp-content\/uploads\/2025\/07\/IMG_0230.png","datePublished":"2025-07-11T08:53:27+00:00","dateModified":"2025-08-28T15:35:22+00:00","description":"Osez le pack de fromages les plus piquants : niveaux 4 et 5. Habanero et Carolina Reaper pour les plus courageux. Saveur intense, feu pur. Mettez vos papilles au d\u00e9fi!","breadcrumb":{"@id":"https:\/\/cabesota.com\/fr\/produit\/%f0%9f%92%80-pack-feu-infernal-niveaux-4-5\/#breadcrumb"},"inLanguage":"fr-FR","potentialAction":[{"@type":"ReadAction","target":["https:\/\/cabesota.com\/fr\/produit\/%f0%9f%92%80-pack-feu-infernal-niveaux-4-5\/"]}]},{"@type":"ImageObject","inLanguage":"fr-FR","@id":"https:\/\/cabesota.com\/fr\/produit\/%f0%9f%92%80-pack-feu-infernal-niveaux-4-5\/#primaryimage","url":"https:\/\/cabesota.com\/wp-content\/uploads\/2025\/07\/IMG_0230.png","contentUrl":"https:\/\/cabesota.com\/wp-content\/uploads\/2025\/07\/IMG_0230.png","width":3983,"height":5310},{"@type":"BreadcrumbList","@id":"https:\/\/cabesota.com\/fr\/produit\/%f0%9f%92%80-pack-feu-infernal-niveaux-4-5\/#breadcrumb","itemListElement":[{"@type":"ListItem","position":1,"name":"Inicio","item":"https:\/\/cabesota.com\/fr\/portada\/"},{"@type":"ListItem","position":2,"name":"Tienda","item":"http:\/\/cabesota.com\/tienda\/"},{"@type":"ListItem","position":3,"name":"\ud83d\udc80 Pack Feu infernal (niveaux 4-5)"}]},{"@type":"WebSite","@id":"http:\/\/cabesota.com\/fr\/#website","url":"http:\/\/cabesota.com\/fr\/","name":"Cabesota","description":"Tienda de quesos","publisher":{"@id":"http:\/\/cabesota.com\/fr\/#organization"},"potentialAction":[{"@type":"SearchAction","target":{"@type":"EntryPoint","urlTemplate":"http:\/\/cabesota.com\/fr\/?s={search_term_string}"},"query-input":{"@type":"PropertyValueSpecification","valueRequired":true,"valueName":"search_term_string"}}],"inLanguage":"fr-FR"},{"@type":["Organization","Place","FoodEstablishment"],"@id":"http:\/\/cabesota.com\/fr\/#organization","name":"Cabesota quesos","url":"http:\/\/cabesota.com\/fr\/","logo":{"@id":"https:\/\/cabesota.com\/fr\/produit\/%f0%9f%92%80-pack-feu-infernal-niveaux-4-5\/#local-main-organization-logo"},"image":{"@id":"https:\/\/cabesota.com\/fr\/produit\/%f0%9f%92%80-pack-feu-infernal-niveaux-4-5\/#local-main-organization-logo"},"address":{"@id":"https:\/\/cabesota.com\/fr\/produit\/%f0%9f%92%80-pack-feu-infernal-niveaux-4-5\/#local-main-place-address"},"geo":{"@type":"GeoCoordinates","latitude":"38.91110949358342","longitude":"-3.6694486656672813"},"telephone":["681 91 16 31","652109758"],"contactPoint":{"@type":"ContactPoint","telephone":"681 91 16 31","email":"info@cabesota.com"},"openingHoursSpecification":[{"@type":"OpeningHoursSpecification","dayOfWeek":["Monday","Tuesday","Wednesday","Thursday","Friday"],"opens":"09:00","closes":"20:30"},{"@type":"OpeningHoursSpecification","dayOfWeek":["Saturday"],"opens":"10:00","closes":"14:00"},{"@type":"OpeningHoursSpecification","dayOfWeek":["Sunday"],"opens":"00:00","closes":"00:00"}],"email":"info@cabesota.com","vatID":"B05333968","currenciesAccepted":"Euro"},{"@type":"PostalAddress","@id":"https:\/\/cabesota.com\/fr\/produit\/%f0%9f%92%80-pack-feu-infernal-niveaux-4-5\/#local-main-place-address","streetAddress":"C. Torralba, 14, 13260 Bola\u00f1os de Calatrava, Ciudad Real","addressLocality":"Bola\u00f1os de Calatrava","postalCode":"13260","addressRegion":"Ciudad Real","addressCountry":"ES"},{"@type":"ImageObject","inLanguage":"fr-FR","@id":"https:\/\/cabesota.com\/fr\/produit\/%f0%9f%92%80-pack-feu-infernal-niveaux-4-5\/#local-main-organization-logo","url":"https:\/\/cabesota.com\/wp-content\/uploads\/2022\/05\/logo-cabesota.png","contentUrl":"https:\/\/cabesota.com\/wp-content\/uploads\/2022\/05\/logo-cabesota.png","width":466,"height":113,"caption":"Cabesota quesos"}]},"geo.placename":"Bola\u00f1os de Calatrava","geo.position":{"lat":"38.91110949358342","long":"-3.6694486656672813"},"geo.region":"Espagne"},"_links":{"self":[{"href":"https:\/\/cabesota.com\/fr\/wp-json\/wp\/v2\/product\/29555","targetHints":{"allow":["GET"]}}],"collection":[{"href":"https:\/\/cabesota.com\/fr\/wp-json\/wp\/v2\/product"}],"about":[{"href":"https:\/\/cabesota.com\/fr\/wp-json\/wp\/v2\/types\/product"}],"replies":[{"embeddable":true,"href":"https:\/\/cabesota.com\/fr\/wp-json\/wp\/v2\/comments?post=29555"}],"wp:featuredmedia":[{"embeddable":true,"href":"https:\/\/cabesota.com\/fr\/wp-json\/wp\/v2\/media\/29381"}],"wp:attachment":[{"href":"https:\/\/cabesota.com\/fr\/wp-json\/wp\/v2\/media?parent=29555"}],"wp:term":[{"taxonomy":"product_brand","embeddable":true,"href":"https:\/\/cabesota.com\/fr\/wp-json\/wp\/v2\/product_brand?post=29555"},{"taxonomy":"product_cat","embeddable":true,"href":"https:\/\/cabesota.com\/fr\/wp-json\/wp\/v2\/product_cat?post=29555"},{"taxonomy":"product_tag","embeddable":true,"href":"https:\/\/cabesota.com\/fr\/wp-json\/wp\/v2\/product_tag?post=29555"}],"curies":[{"name":"wp","href":"https:\/\/api.w.org\/{rel}","templated":true}]}}