{"id":29558,"date":"2025-07-10T08:10:18","date_gmt":"2025-07-10T08:10:18","guid":{"rendered":"https:\/\/cabesota.com\/fromage-gran-cabezon-affine\/"},"modified":"2025-07-10T08:10:18","modified_gmt":"2025-07-10T08:10:18","slug":"fromage-gran-cabezon-affine","status":"publish","type":"product","link":"https:\/\/cabesota.com\/fr\/produit\/fromage-gran-cabezon-affine\/","title":{"rendered":"Fromage Gran Cabez\u00f3n affin\u00e9"},"content":{"rendered":"<p><strong>TAILLE DU FROMAGE<\/strong> : 10 kg<\/p>\n<p><strong>MATURATION <\/strong>: 11 mois<\/p>\n<p><strong>MARQUE<\/strong>: CabeSota<\/p>\n<p><strong>LAIT DE<\/strong>: brebis<\/p>\n<p><strong>TRAITEMENT DU LAIT<\/strong> : pasteuris\u00e9<\/p>\n<p><strong>ORIGINE DU LAIT<\/strong> : Espagne (<strong>provenant d&rsquo;un \u00e9levage familial<\/strong>)<\/p>\n<p><strong>SABOR<\/strong>: intensidad moderada y una textura mantecosa con regusto pronunciado a la vez que persistente.<\/p>\n<p><strong>MARIDAJE<\/strong>: Es un magn\u00edfico acompa\u00f1ante de vinos secos, semisecos y cavas. Adem\u00e1s, es el m\u00e1s recomendado para platos principales, tapas e incluso postres.<\/p>\n","protected":false},"excerpt":{"rendered":"<p style=\"font-weight: 400;\"><b><strong>INGR\u00c9DIENTS <\/strong><\/b>: Lait pasteuris\u00e9 de brebis, ferments lactiques, chlorure de calcium, pr\u00e9sure, sel.<\/p>\n<p style=\"font-weight: 400;\"><b><strong>ALLERG\u00c8NES <\/strong><\/b>: lactose.<\/p>\n<p><strong>TAILLE DU FROMAGE<\/strong> : 10 kg<\/p>\n<p><strong>MATURATION <\/strong>: 10-11 mois<\/p>\n<p><strong>MARQUE<\/strong>: CabeSota<\/p>\n<p><strong>LAIT DE<\/strong>: brebis<\/p>\n<p><strong>TRAITEMENT DU LAIT<\/strong> : pasteuris\u00e9<\/p>\n<p><strong>ORIGINE DU LAIT<\/strong> : Espagne (<strong>provenant d&rsquo;un \u00e9levage familial<\/strong>)<\/p>\n<p><strong>SAVEUR <\/strong>: Ce fromage offre une saveur intense et profonde, riche en nuances complexes propres \u00e0 un affinage prolong\u00e9. Cependant, gr\u00e2ce \u00e0 son poids g\u00e9n\u00e9reux de 10 kg, il conserve une texture plus douce et cr\u00e9meuse que d&rsquo;habitude pour un fromage aussi affin\u00e9. La grande taille de la meule permet de mieux conserver l&rsquo;humidit\u00e9 \u00e0 l&rsquo;int\u00e9rieur, \u00e9vitant ainsi un dess\u00e8chement excessif et obtenant un \u00e9quilibre parfait entre fermet\u00e9 et onctuosit\u00e9. En bouche, il combine des notes lactiques \u00e9volu\u00e9es avec des touches grill\u00e9es, un l\u00e9ger rappel de beurre et une finale persistante et aromatique, id\u00e9ale pour les palais qui recherchent de la puissance sans renoncer \u00e0 la jutosit\u00e9.   <\/p>\n<p><strong>ACCORDS <\/strong>: Il accompagne \u00e0 merveille les vins secs, demi-secs et les cavas. Il est \u00e9galement recommand\u00e9 pour les plats principaux, les tapas et m\u00eame les desserts. <\/p>\n<p><b><strong>INFORMATIONS NUTRITIONNELLES<\/strong><\/b> (pour 100 g) :<\/p>\n<p style=\"font-weight: 400;\">-Valeur \u00e9nerg\u00e9tique : 1796,3 kJ \/ 433,7 kcal<\/p>\n<p style=\"font-weight: 400;\">&#8211; Lipides : 37,5 g \/ Lipides satur\u00e9s : 23,85 g<\/p>\n<p style=\"font-weight: 400;\">-Glucides : 4,9 g<\/p>\n<p style=\"font-weight: 400;\">-Sucres : 0 g<\/p>\n<p style=\"font-weight: 400;\">-Prot\u00e9ines 21 g<\/p>\n<p style=\"font-weight: 400;\">-Sel : 1,25 g<\/p>\n<p style=\"font-weight: 400;\">Conserver dans un endroit frais et sec.<\/p>\n<p style=\"font-weight: 400;\"><b><strong>NOTE \u00c0 L&rsquo;ATTENTION DES CLIENTS<\/strong><\/b> : Chez CabeSota, nous pesons tous les fromages afin qu&rsquo;ils correspondent au poids indiqu\u00e9 sur le site web et garantissons ainsi une transparence maximale envers le client. Si le poids d&rsquo;une pi\u00e8ce pr\u00e9par\u00e9e est inf\u00e9rieur \u00e0 celui indiqu\u00e9, nous compensons la diff\u00e9rence en ajoutant un morceau suppl\u00e9mentaire correspondant au poids manquant. <\/p>\n","protected":false},"featured_media":29365,"comment_status":"open","ping_status":"closed","template":"","meta":{"inline_featured_image":false,"_joinchat":[]},"product_brand":[],"product_cat":[1107,1106],"product_tag":[],"class_list":{"0":"post-29558","1":"product","2":"type-product","3":"status-publish","4":"has-post-thumbnail","6":"product_cat-affine","7":"product_cat-fromages","8":"pa_tamanodelascunas-1kg-fr","9":"pa_tamanodelascunas-450-500g-fr","10":"has-subscription-plans","12":"first","13":"instock","14":"taxable","15":"shipping-taxable","16":"purchasable","17":"product-type-variable"},"yoast_head":"<!-- This site is optimized with the Yoast SEO plugin v26.6 - https:\/\/yoast.com\/wordpress\/plugins\/seo\/ -->\n<title>Fromage Gran Cabez\u00f3n affin\u00e9 - Cabesota<\/title>\n<meta name=\"robots\" content=\"index, follow, max-snippet:-1, max-image-preview:large, max-video-preview:-1\" \/>\n<link rel=\"canonical\" href=\"https:\/\/cabesota.com\/fr\/produit\/fromage-gran-cabezon-affine\/\" \/>\n<meta property=\"og:locale\" content=\"fr_FR\" \/>\n<meta property=\"og:type\" content=\"article\" \/>\n<meta property=\"og:title\" content=\"Fromage Gran Cabez\u00f3n affin\u00e9 - Cabesota\" \/>\n<meta property=\"og:description\" content=\"INGR\u00c9DIENTS : Lait pasteuris\u00e9 de brebis, ferments lactiques, chlorure de calcium, pr\u00e9sure, sel. ALLERG\u00c8NES : lactose. TAILLE DU FROMAGE : 10 kg MATURATION : 10-11 mois MARQUE: CabeSota LAIT DE: brebis TRAITEMENT DU LAIT : pasteuris\u00e9 ORIGINE DU LAIT : Espagne (provenant d&#039;un \u00e9levage familial) SAVEUR : Ce fromage offre une saveur intense et profonde, riche en nuances complexes propres \u00e0 un affinage prolong\u00e9. Cependant, gr\u00e2ce \u00e0 son poids g\u00e9n\u00e9reux de 10 kg, il conserve une texture plus douce et cr\u00e9meuse que d&#039;habitude pour un fromage aussi affin\u00e9. La grande taille de la meule permet de mieux conserver l&#039;humidit\u00e9 \u00e0 l&#039;int\u00e9rieur, \u00e9vitant ainsi un dess\u00e8chement excessif et obtenant un \u00e9quilibre parfait entre fermet\u00e9 et onctuosit\u00e9. En bouche, il combine des notes lactiques \u00e9volu\u00e9es avec des touches grill\u00e9es, un l\u00e9ger rappel de beurre et une finale persistante et aromatique, id\u00e9ale pour les palais qui recherchent de la puissance sans renoncer \u00e0 la jutosit\u00e9.   ACCORDS : Il accompagne \u00e0 merveille les vins secs, demi-secs et les cavas. Il est \u00e9galement recommand\u00e9 pour les plats principaux, les tapas et m\u00eame les desserts.  INFORMATIONS NUTRITIONNELLES (pour 100 g) : -Valeur \u00e9nerg\u00e9tique : 1796,3 kJ \/ 433,7 kcal - Lipides : 37,5 g \/ Lipides satur\u00e9s : 23,85 g -Glucides : 4,9 g -Sucres : 0 g -Prot\u00e9ines 21 g -Sel : 1,25 g Conserver dans un endroit frais et sec. NOTE \u00c0 L&#039;ATTENTION DES CLIENTS : Chez CabeSota, nous pesons tous les fromages afin qu&#039;ils correspondent au poids indiqu\u00e9 sur le site web et garantissons ainsi une transparence maximale envers le client. Si le poids d&#039;une pi\u00e8ce pr\u00e9par\u00e9e est inf\u00e9rieur \u00e0 celui indiqu\u00e9, nous compensons la diff\u00e9rence en ajoutant un morceau suppl\u00e9mentaire correspondant au poids manquant.\" \/>\n<meta property=\"og:url\" content=\"https:\/\/cabesota.com\/fr\/produit\/fromage-gran-cabezon-affine\/\" \/>\n<meta property=\"og:site_name\" content=\"Cabesota\" \/>\n<meta property=\"og:image\" content=\"https:\/\/cabesota.com\/wp-content\/uploads\/2025\/07\/quesocabezon-web.jpg\" \/>\n\t<meta property=\"og:image:width\" content=\"800\" \/>\n\t<meta property=\"og:image:height\" content=\"889\" \/>\n\t<meta property=\"og:image:type\" content=\"image\/jpeg\" \/>\n<meta name=\"twitter:card\" content=\"summary_large_image\" \/>\n<script type=\"application\/ld+json\" class=\"yoast-schema-graph\">{\"@context\":\"https:\/\/schema.org\",\"@graph\":[{\"@type\":\"WebPage\",\"@id\":\"https:\/\/cabesota.com\/fr\/produit\/fromage-gran-cabezon-affine\/\",\"url\":\"https:\/\/cabesota.com\/fr\/produit\/fromage-gran-cabezon-affine\/\",\"name\":\"Fromage Gran Cabez\u00f3n affin\u00e9 - Cabesota\",\"isPartOf\":{\"@id\":\"http:\/\/cabesota.com\/fr\/#website\"},\"primaryImageOfPage\":{\"@id\":\"https:\/\/cabesota.com\/fr\/produit\/fromage-gran-cabezon-affine\/#primaryimage\"},\"image\":{\"@id\":\"https:\/\/cabesota.com\/fr\/produit\/fromage-gran-cabezon-affine\/#primaryimage\"},\"thumbnailUrl\":\"https:\/\/cabesota.com\/wp-content\/uploads\/2025\/07\/quesocabezon-web.jpg\",\"datePublished\":\"2025-07-10T08:10:18+00:00\",\"breadcrumb\":{\"@id\":\"https:\/\/cabesota.com\/fr\/produit\/fromage-gran-cabezon-affine\/#breadcrumb\"},\"inLanguage\":\"fr-FR\",\"potentialAction\":[{\"@type\":\"ReadAction\",\"target\":[\"https:\/\/cabesota.com\/fr\/produit\/fromage-gran-cabezon-affine\/\"]}]},{\"@type\":\"ImageObject\",\"inLanguage\":\"fr-FR\",\"@id\":\"https:\/\/cabesota.com\/fr\/produit\/fromage-gran-cabezon-affine\/#primaryimage\",\"url\":\"https:\/\/cabesota.com\/wp-content\/uploads\/2025\/07\/quesocabezon-web.jpg\",\"contentUrl\":\"https:\/\/cabesota.com\/wp-content\/uploads\/2025\/07\/quesocabezon-web.jpg\",\"width\":800,\"height\":889},{\"@type\":\"BreadcrumbList\",\"@id\":\"https:\/\/cabesota.com\/fr\/produit\/fromage-gran-cabezon-affine\/#breadcrumb\",\"itemListElement\":[{\"@type\":\"ListItem\",\"position\":1,\"name\":\"Inicio\",\"item\":\"https:\/\/cabesota.com\/fr\/portada\/\"},{\"@type\":\"ListItem\",\"position\":2,\"name\":\"Tienda\",\"item\":\"http:\/\/cabesota.com\/tienda\/\"},{\"@type\":\"ListItem\",\"position\":3,\"name\":\"Fromage Gran Cabez\u00f3n affin\u00e9\"}]},{\"@type\":\"WebSite\",\"@id\":\"http:\/\/cabesota.com\/fr\/#website\",\"url\":\"http:\/\/cabesota.com\/fr\/\",\"name\":\"Cabesota\",\"description\":\"Tienda de quesos\",\"publisher\":{\"@id\":\"http:\/\/cabesota.com\/fr\/#organization\"},\"potentialAction\":[{\"@type\":\"SearchAction\",\"target\":{\"@type\":\"EntryPoint\",\"urlTemplate\":\"http:\/\/cabesota.com\/fr\/?s={search_term_string}\"},\"query-input\":{\"@type\":\"PropertyValueSpecification\",\"valueRequired\":true,\"valueName\":\"search_term_string\"}}],\"inLanguage\":\"fr-FR\"},{\"@type\":[\"Organization\",\"Place\",\"FoodEstablishment\"],\"@id\":\"http:\/\/cabesota.com\/fr\/#organization\",\"name\":\"Cabesota quesos\",\"url\":\"http:\/\/cabesota.com\/fr\/\",\"logo\":{\"@id\":\"https:\/\/cabesota.com\/fr\/produit\/fromage-gran-cabezon-affine\/#local-main-organization-logo\"},\"image\":{\"@id\":\"https:\/\/cabesota.com\/fr\/produit\/fromage-gran-cabezon-affine\/#local-main-organization-logo\"},\"address\":{\"@id\":\"https:\/\/cabesota.com\/fr\/produit\/fromage-gran-cabezon-affine\/#local-main-place-address\"},\"geo\":{\"@type\":\"GeoCoordinates\",\"latitude\":\"38.91110949358342\",\"longitude\":\"-3.6694486656672813\"},\"telephone\":[\"681 91 16 31\",\"652109758\"],\"contactPoint\":{\"@type\":\"ContactPoint\",\"telephone\":\"681 91 16 31\",\"email\":\"info@cabesota.com\"},\"openingHoursSpecification\":[{\"@type\":\"OpeningHoursSpecification\",\"dayOfWeek\":[\"Monday\",\"Tuesday\",\"Wednesday\",\"Thursday\",\"Friday\"],\"opens\":\"09:00\",\"closes\":\"20:30\"},{\"@type\":\"OpeningHoursSpecification\",\"dayOfWeek\":[\"Saturday\"],\"opens\":\"10:00\",\"closes\":\"14:00\"},{\"@type\":\"OpeningHoursSpecification\",\"dayOfWeek\":[\"Sunday\"],\"opens\":\"00:00\",\"closes\":\"00:00\"}],\"email\":\"info@cabesota.com\",\"vatID\":\"B05333968\",\"currenciesAccepted\":\"Euro\"},{\"@type\":\"PostalAddress\",\"@id\":\"https:\/\/cabesota.com\/fr\/produit\/fromage-gran-cabezon-affine\/#local-main-place-address\",\"streetAddress\":\"C. Torralba, 14, 13260 Bola\u00f1os de Calatrava, Ciudad Real\",\"addressLocality\":\"Bola\u00f1os de Calatrava\",\"postalCode\":\"13260\",\"addressRegion\":\"Ciudad Real\",\"addressCountry\":\"ES\"},{\"@type\":\"ImageObject\",\"inLanguage\":\"fr-FR\",\"@id\":\"https:\/\/cabesota.com\/fr\/produit\/fromage-gran-cabezon-affine\/#local-main-organization-logo\",\"url\":\"https:\/\/cabesota.com\/wp-content\/uploads\/2022\/05\/logo-cabesota.png\",\"contentUrl\":\"https:\/\/cabesota.com\/wp-content\/uploads\/2022\/05\/logo-cabesota.png\",\"width\":466,\"height\":113,\"caption\":\"Cabesota quesos\"}]}<\/script>\n<meta name=\"geo.placename\" content=\"Bola\u00f1os de Calatrava\" \/>\n<meta name=\"geo.position\" content=\"38.91110949358342;-3.6694486656672813\" \/>\n<meta name=\"geo.region\" content=\"Espagne\" \/>\n<!-- \/ Yoast SEO plugin. -->","yoast_head_json":{"title":"Fromage Gran Cabez\u00f3n affin\u00e9 - Cabesota","robots":{"index":"index","follow":"follow","max-snippet":"max-snippet:-1","max-image-preview":"max-image-preview:large","max-video-preview":"max-video-preview:-1"},"canonical":"https:\/\/cabesota.com\/fr\/produit\/fromage-gran-cabezon-affine\/","og_locale":"fr_FR","og_type":"article","og_title":"Fromage Gran Cabez\u00f3n affin\u00e9 - Cabesota","og_description":"INGR\u00c9DIENTS : Lait pasteuris\u00e9 de brebis, ferments lactiques, chlorure de calcium, pr\u00e9sure, sel. ALLERG\u00c8NES : lactose. TAILLE DU FROMAGE : 10 kg MATURATION : 10-11 mois MARQUE: CabeSota LAIT DE: brebis TRAITEMENT DU LAIT : pasteuris\u00e9 ORIGINE DU LAIT : Espagne (provenant d'un \u00e9levage familial) SAVEUR : Ce fromage offre une saveur intense et profonde, riche en nuances complexes propres \u00e0 un affinage prolong\u00e9. Cependant, gr\u00e2ce \u00e0 son poids g\u00e9n\u00e9reux de 10 kg, il conserve une texture plus douce et cr\u00e9meuse que d'habitude pour un fromage aussi affin\u00e9. La grande taille de la meule permet de mieux conserver l'humidit\u00e9 \u00e0 l'int\u00e9rieur, \u00e9vitant ainsi un dess\u00e8chement excessif et obtenant un \u00e9quilibre parfait entre fermet\u00e9 et onctuosit\u00e9. En bouche, il combine des notes lactiques \u00e9volu\u00e9es avec des touches grill\u00e9es, un l\u00e9ger rappel de beurre et une finale persistante et aromatique, id\u00e9ale pour les palais qui recherchent de la puissance sans renoncer \u00e0 la jutosit\u00e9.   ACCORDS : Il accompagne \u00e0 merveille les vins secs, demi-secs et les cavas. Il est \u00e9galement recommand\u00e9 pour les plats principaux, les tapas et m\u00eame les desserts.  INFORMATIONS NUTRITIONNELLES (pour 100 g) : -Valeur \u00e9nerg\u00e9tique : 1796,3 kJ \/ 433,7 kcal - Lipides : 37,5 g \/ Lipides satur\u00e9s : 23,85 g -Glucides : 4,9 g -Sucres : 0 g -Prot\u00e9ines 21 g -Sel : 1,25 g Conserver dans un endroit frais et sec. NOTE \u00c0 L'ATTENTION DES CLIENTS : Chez CabeSota, nous pesons tous les fromages afin qu'ils correspondent au poids indiqu\u00e9 sur le site web et garantissons ainsi une transparence maximale envers le client. Si le poids d'une pi\u00e8ce pr\u00e9par\u00e9e est inf\u00e9rieur \u00e0 celui indiqu\u00e9, nous compensons la diff\u00e9rence en ajoutant un morceau suppl\u00e9mentaire correspondant au poids manquant.","og_url":"https:\/\/cabesota.com\/fr\/produit\/fromage-gran-cabezon-affine\/","og_site_name":"Cabesota","og_image":[{"width":800,"height":889,"url":"https:\/\/cabesota.com\/wp-content\/uploads\/2025\/07\/quesocabezon-web.jpg","type":"image\/jpeg"}],"twitter_card":"summary_large_image","schema":{"@context":"https:\/\/schema.org","@graph":[{"@type":"WebPage","@id":"https:\/\/cabesota.com\/fr\/produit\/fromage-gran-cabezon-affine\/","url":"https:\/\/cabesota.com\/fr\/produit\/fromage-gran-cabezon-affine\/","name":"Fromage Gran Cabez\u00f3n affin\u00e9 - Cabesota","isPartOf":{"@id":"http:\/\/cabesota.com\/fr\/#website"},"primaryImageOfPage":{"@id":"https:\/\/cabesota.com\/fr\/produit\/fromage-gran-cabezon-affine\/#primaryimage"},"image":{"@id":"https:\/\/cabesota.com\/fr\/produit\/fromage-gran-cabezon-affine\/#primaryimage"},"thumbnailUrl":"https:\/\/cabesota.com\/wp-content\/uploads\/2025\/07\/quesocabezon-web.jpg","datePublished":"2025-07-10T08:10:18+00:00","breadcrumb":{"@id":"https:\/\/cabesota.com\/fr\/produit\/fromage-gran-cabezon-affine\/#breadcrumb"},"inLanguage":"fr-FR","potentialAction":[{"@type":"ReadAction","target":["https:\/\/cabesota.com\/fr\/produit\/fromage-gran-cabezon-affine\/"]}]},{"@type":"ImageObject","inLanguage":"fr-FR","@id":"https:\/\/cabesota.com\/fr\/produit\/fromage-gran-cabezon-affine\/#primaryimage","url":"https:\/\/cabesota.com\/wp-content\/uploads\/2025\/07\/quesocabezon-web.jpg","contentUrl":"https:\/\/cabesota.com\/wp-content\/uploads\/2025\/07\/quesocabezon-web.jpg","width":800,"height":889},{"@type":"BreadcrumbList","@id":"https:\/\/cabesota.com\/fr\/produit\/fromage-gran-cabezon-affine\/#breadcrumb","itemListElement":[{"@type":"ListItem","position":1,"name":"Inicio","item":"https:\/\/cabesota.com\/fr\/portada\/"},{"@type":"ListItem","position":2,"name":"Tienda","item":"http:\/\/cabesota.com\/tienda\/"},{"@type":"ListItem","position":3,"name":"Fromage Gran Cabez\u00f3n affin\u00e9"}]},{"@type":"WebSite","@id":"http:\/\/cabesota.com\/fr\/#website","url":"http:\/\/cabesota.com\/fr\/","name":"Cabesota","description":"Tienda de quesos","publisher":{"@id":"http:\/\/cabesota.com\/fr\/#organization"},"potentialAction":[{"@type":"SearchAction","target":{"@type":"EntryPoint","urlTemplate":"http:\/\/cabesota.com\/fr\/?s={search_term_string}"},"query-input":{"@type":"PropertyValueSpecification","valueRequired":true,"valueName":"search_term_string"}}],"inLanguage":"fr-FR"},{"@type":["Organization","Place","FoodEstablishment"],"@id":"http:\/\/cabesota.com\/fr\/#organization","name":"Cabesota quesos","url":"http:\/\/cabesota.com\/fr\/","logo":{"@id":"https:\/\/cabesota.com\/fr\/produit\/fromage-gran-cabezon-affine\/#local-main-organization-logo"},"image":{"@id":"https:\/\/cabesota.com\/fr\/produit\/fromage-gran-cabezon-affine\/#local-main-organization-logo"},"address":{"@id":"https:\/\/cabesota.com\/fr\/produit\/fromage-gran-cabezon-affine\/#local-main-place-address"},"geo":{"@type":"GeoCoordinates","latitude":"38.91110949358342","longitude":"-3.6694486656672813"},"telephone":["681 91 16 31","652109758"],"contactPoint":{"@type":"ContactPoint","telephone":"681 91 16 31","email":"info@cabesota.com"},"openingHoursSpecification":[{"@type":"OpeningHoursSpecification","dayOfWeek":["Monday","Tuesday","Wednesday","Thursday","Friday"],"opens":"09:00","closes":"20:30"},{"@type":"OpeningHoursSpecification","dayOfWeek":["Saturday"],"opens":"10:00","closes":"14:00"},{"@type":"OpeningHoursSpecification","dayOfWeek":["Sunday"],"opens":"00:00","closes":"00:00"}],"email":"info@cabesota.com","vatID":"B05333968","currenciesAccepted":"Euro"},{"@type":"PostalAddress","@id":"https:\/\/cabesota.com\/fr\/produit\/fromage-gran-cabezon-affine\/#local-main-place-address","streetAddress":"C. Torralba, 14, 13260 Bola\u00f1os de Calatrava, Ciudad Real","addressLocality":"Bola\u00f1os de Calatrava","postalCode":"13260","addressRegion":"Ciudad Real","addressCountry":"ES"},{"@type":"ImageObject","inLanguage":"fr-FR","@id":"https:\/\/cabesota.com\/fr\/produit\/fromage-gran-cabezon-affine\/#local-main-organization-logo","url":"https:\/\/cabesota.com\/wp-content\/uploads\/2022\/05\/logo-cabesota.png","contentUrl":"https:\/\/cabesota.com\/wp-content\/uploads\/2022\/05\/logo-cabesota.png","width":466,"height":113,"caption":"Cabesota quesos"}]},"geo.placename":"Bola\u00f1os de Calatrava","geo.position":{"lat":"38.91110949358342","long":"-3.6694486656672813"},"geo.region":"Espagne"},"_links":{"self":[{"href":"https:\/\/cabesota.com\/fr\/wp-json\/wp\/v2\/product\/29558","targetHints":{"allow":["GET"]}}],"collection":[{"href":"https:\/\/cabesota.com\/fr\/wp-json\/wp\/v2\/product"}],"about":[{"href":"https:\/\/cabesota.com\/fr\/wp-json\/wp\/v2\/types\/product"}],"replies":[{"embeddable":true,"href":"https:\/\/cabesota.com\/fr\/wp-json\/wp\/v2\/comments?post=29558"}],"wp:featuredmedia":[{"embeddable":true,"href":"https:\/\/cabesota.com\/fr\/wp-json\/wp\/v2\/media\/29365"}],"wp:attachment":[{"href":"https:\/\/cabesota.com\/fr\/wp-json\/wp\/v2\/media?parent=29558"}],"wp:term":[{"taxonomy":"product_brand","embeddable":true,"href":"https:\/\/cabesota.com\/fr\/wp-json\/wp\/v2\/product_brand?post=29558"},{"taxonomy":"product_cat","embeddable":true,"href":"https:\/\/cabesota.com\/fr\/wp-json\/wp\/v2\/product_cat?post=29558"},{"taxonomy":"product_tag","embeddable":true,"href":"https:\/\/cabesota.com\/fr\/wp-json\/wp\/v2\/product_tag?post=29558"}],"curies":[{"name":"wp","href":"https:\/\/api.w.org\/{rel}","templated":true}]}}