{"id":29560,"date":"2025-06-25T09:42:59","date_gmt":"2025-06-25T09:42:59","guid":{"rendered":"https:\/\/cabesota.com\/fromage-chipotle-le-feu-fume\/"},"modified":"2025-06-25T09:42:59","modified_gmt":"2025-06-25T09:42:59","slug":"fromage-chipotle-le-feu-fume","status":"publish","type":"product","link":"https:\/\/cabesota.com\/fr\/produit\/fromage-chipotle-le-feu-fume\/","title":{"rendered":"Fromage Chipotle \u2013 Le feu fum\u00e9"},"content":{"rendered":"<p data-start=\"248\" data-end=\"330\">\ud83d\udd25\ud83e\uddc0 <strong data-start=\"253\" data-end=\"325\">Le d\u00e9fi du fromage piquant extr\u00eame : 5 niveaux, 1 seul survivant ! <\/strong>\ud83e\uddc0\ud83d\udd25<\/p>\n<p data-start=\"332\" data-end=\"604\">Avez-vous ce qu&rsquo;il faut pour affronter <strong data-start=\"374\" data-end=\"408\">le fromage le plus piquant au monde<\/strong> ? D\u00e9couvrez le nouveau D\u00e9fi du <strong data-start=\"428\" data-end=\"454\">fromage piquant<\/strong>, une exp\u00e9rience br\u00fblante qui monte en puissance \u00e0 chaque bouch\u00e9e. Chaque morceau contient un piment plus intense&#8230; et seuls les plus courageux iront jusqu&rsquo;au bout.  <\/p>\n<p data-start=\"606\" data-end=\"647\">\ud83c\udf36\ufe0f <strong data-start=\"610\" data-end=\"647\">Los niveles del infierno quesero:<\/strong><\/p>\n<ol data-start=\"648\" data-end=\"989\">\n<li data-start=\"648\" data-end=\"718\">\n<p data-start=\"651\" data-end=\"718\"><strong data-start=\"651\" data-end=\"663\">Cascabel<\/strong> \u2013 Le d\u00e9but : une l\u00e9g\u00e8re d\u00e9mangeaison pour que vous baissiez votre garde.<\/p>\n<\/li>\n<li data-start=\"719\" data-end=\"788\">\n<p data-start=\"722\" data-end=\"788\"><strong data-start=\"722\" data-end=\"734\">Chipotle <\/strong>\u2013 La saveur fum\u00e9e qui commence \u00e0 r\u00e9chauffer l&rsquo;atmosph\u00e8re.<\/p>\n<\/li>\n<li data-start=\"789\" data-end=\"845\">\n<p data-start=\"792\" data-end=\"845\"><strong data-start=\"792\" data-end=\"809\">Piment \u0153il d\u2019oiseau <\/strong>\u2013 Vous sentez d\u00e9j\u00e0 le feu sur votre langue.<\/p>\n<\/li>\n<li data-start=\"846\" data-end=\"908\">\n<p data-start=\"849\" data-end=\"908\"><strong data-start=\"849\" data-end=\"867\">Piment Habanero<\/strong> \u2013 Sueur, larmes et doutes existentiels.<\/p>\n<\/li>\n<li data-start=\"909\" data-end=\"989\">\n<p data-start=\"912\" data-end=\"989\"><strong data-start=\"912\" data-end=\"931\">Carolina Reaper<\/strong> \u2013 La b\u00eate ultime. Allez-vous y arriver ou allez-vous crier au secours ? <\/p>\n<\/li>\n<\/ol>\n<table>\n<thead>\n<tr>\n<th>Niveau<\/th>\n<th><\/th>\n<th>Type de piment<\/th>\n<th>Saveur remarquable<\/th>\n<th>Niveau de piquant<\/th>\n<th>Description courte<\/th>\n<\/tr>\n<\/thead>\n<tbody>\n<tr>\n<td>1\ufe0f\u20e3MOD\u00c9R\u00c9<\/td>\n<td>Le d\u00e9but du chemin<\/td>\n<td>Cascabel<\/td>\n<td>Doux, terreux<\/td>\n<td>\ud83c\udf36\ufe0f<\/td>\n<td>Id\u00e9al pour d\u00e9buter. Chaleur l\u00e9g\u00e8re et agr\u00e9able. <\/td>\n<\/tr>\n<tr>\n<td>2\ufe0f\u20e3D\u00c9BUTANT<\/td>\n<td>Le Feu Fum\u00e9<\/td>\n<td>Chipotle<\/td>\n<td>Fum\u00e9, intense<\/td>\n<td>\ud83c\udf36\ufe0f\ud83c\udf36\ufe0f<\/td>\n<td>Riche et fum\u00e9, on sent d\u00e9j\u00e0 la chaleur.<\/td>\n<\/tr>\n<tr>\n<td>3\ufe0f\u20e3AVANC\u00c9<\/td>\n<td>Le point de non-retour<\/td>\n<td>\u0152il d&rsquo;oiseau<\/td>\n<td>Direct, incisif<\/td>\n<td>\ud83c\udf36\ufe0f\ud83c\udf36\ufe0f\ud83c\udf36\ufe0f<\/td>\n<td>C&rsquo;est ici que les courageux commencent \u00e0 transpirer.<\/td>\n<\/tr>\n<tr>\n<td>4\ufe0f\u20e3MA\u00ceTRE<\/td>\n<td>L&rsquo;enfer doux<\/td>\n<td>Piment Habanero<\/td>\n<td>Fruit\u00e9, ardent<\/td>\n<td>\ud83c\udf36\ufe0f\ud83c\udf36\ufe0f\ud83c\udf36\ufe0f\ud83c\udf36\ufe0f<\/td>\n<td>Saveur douce, finale ardente.<\/td>\n<\/tr>\n<tr>\n<td>5\ufe0f\u20e3EXPERT<\/td>\n<td>Le sommet de la douleur<\/td>\n<td>Carolina Reaper<\/td>\n<td>Feu extr\u00eame<\/td>\n<td>\ud83c\udf36\ufe0f\ud83c\udf36\ufe0f\ud83c\udf36\ufe0f\ud83c\udf36\ufe0f\ud83c\udf36\ufe0f\ud83c\udf36\ufe0f<\/td>\n<td>R\u00e9serv\u00e9 aux vrais casse-cou.<\/td>\n<\/tr>\n<\/tbody>\n<\/table>\n<p data-start=\"1287\" data-end=\"1380\">\ud83c\udfc6 <strong data-start=\"1290\" data-end=\"1380\">Terminez les 5 niveaux sans eau ni lait et entrez dans le Panth\u00e9on du Fromage infernal.<\/strong><\/p>\n<p data-start=\"1487\" data-end=\"1619\">\ud83d\udce2 <strong data-start=\"1490\" data-end=\"1517\">\u00c9tiquetez votre tentative avec :<\/strong><br data-start=\"1518\" data-end=\"1521\">#RetoQuesoPicante #QuesoInfernalChallenge #Desaf\u00edoDelPicante #QuesoNivelDios #SpicyCheeseChallenge<\/p>\n","protected":false},"excerpt":{"rendered":"<h3 data-start=\"702\" data-end=\"759\">\ud83e\uddc0 <strong data-start=\"709\" data-end=\"757\">Niveau 2 : Fromage Chipotle \u2013 \u00ab Le feu fum\u00e9 \u00bb<\/strong><\/h3>\n<p data-start=\"760\" data-end=\"1041\">Saveur intense, fum\u00e9e et piquant.<br data-start=\"789\" data-end=\"792\">Ce fromage allie douceur et saveur incomparable du piment chipotle. Id\u00e9al pour ceux qui appr\u00e9cient un piquant mod\u00e9r\u00e9 avec cette touche fum\u00e9e qui met l&rsquo;eau \u00e0 la bouche.<br data-start=\"955\" data-end=\"958\">\ud83d\udd25 <strong data-start=\"961\" data-end=\"982\">Niveau de piquant<\/strong> : \ud83c\udf36\ufe0f\ud83c\udf36\ufe0f<br data-start=\"989\" data-end=\"992\">\u2705 Parfait pour accompagner les bi\u00e8res artisanales. <\/p>\n<p data-start=\"367\" data-end=\"695\"><strong>Comprend:<\/strong><\/p>\n<ul>\n<li data-start=\"2278\" data-end=\"2338\"><strong data-start=\"2278\" data-end=\"2301\">Fromage Chipotle. Poids approx. 200 g.  <\/strong><\/li>\n<li data-start=\"2278\" data-end=\"2338\"><strong>Gants jetables<\/strong><\/li>\n<li data-start=\"2276\" data-end=\"2338\"><strong>Planche \u00e0 d\u00e9couper<\/strong><\/li>\n<li data-start=\"2276\" data-end=\"2338\"><strong>Couteau<\/strong><\/li>\n<li data-start=\"2341\" data-end=\"2408\"><strong data-start=\"2341\" data-end=\"2385\">Instructions pour relever le d\u00e9fi enregistr\u00e9<\/strong>.<\/li>\n<\/ul>\n<p>\ud83d\udd25 Client VIP Piquant : b\u00e9n\u00e9ficiez d&rsquo;une r\u00e9duction de 5 % sur votre prochaine mission.<\/p>\n<p data-start=\"367\" data-end=\"695\"><strong>IMPORTANT:<\/strong><\/p>\n<p data-start=\"121\" data-end=\"286\">Nous tenons \u00e0 vous informer que l&rsquo;article que vous demandez est une <strong data-start=\"222\" data-end=\"242\">\u00e9dition limit\u00e9e<\/strong>, sa disponibilit\u00e9 est donc exclusive.<\/p>\n<p data-start=\"288\" data-end=\"387\">Une fois votre commande pass\u00e9e, le produit vous sera livr\u00e9 dans un d\u00e9lai d&rsquo;environ <strong data-start=\"375\" data-end=\"386\">10 jours<\/strong>.<\/p>\n","protected":false},"featured_media":29265,"comment_status":"open","ping_status":"closed","template":"","meta":{"inline_featured_image":false,"_joinchat":[]},"product_brand":[],"product_cat":[1103,1106],"product_tag":[],"class_list":{"0":"post-29560","1":"product","2":"type-product","3":"status-publish","4":"has-post-thumbnail","6":"product_cat-defi-du-fromage-piquant","7":"product_cat-fromages","8":"has-subscription-plans","10":"first","11":"instock","12":"taxable","13":"shipping-taxable","14":"purchasable","15":"product-type-simple"},"yoast_head":"<!-- This site is optimized with the Yoast SEO plugin v26.6 - https:\/\/yoast.com\/wordpress\/plugins\/seo\/ -->\n<title>Fromage Chipotle \u2013 Le feu fum\u00e9 - Cabesota<\/title>\n<meta name=\"description\" content=\"Fromage artisanal au piment chipotle : saveur fum\u00e9e, l\u00e9g\u00e8rement piquante et texture cr\u00e9meuse. Id\u00e9al pour se faire plaisir sans souffrir. Achetez-le en ligne !\" \/>\n<meta name=\"robots\" content=\"index, follow, max-snippet:-1, max-image-preview:large, max-video-preview:-1\" \/>\n<link rel=\"canonical\" href=\"https:\/\/cabesota.com\/fr\/produit\/fromage-chipotle-le-feu-fume\/\" \/>\n<meta property=\"og:locale\" content=\"fr_FR\" \/>\n<meta property=\"og:type\" content=\"article\" \/>\n<meta property=\"og:title\" content=\"Fromage Chipotle \u2013 Le feu fum\u00e9 - Cabesota\" \/>\n<meta property=\"og:description\" content=\"Fromage artisanal au piment chipotle : saveur fum\u00e9e, l\u00e9g\u00e8rement piquante et texture cr\u00e9meuse. Id\u00e9al pour se faire plaisir sans souffrir. Achetez-le en ligne !\" \/>\n<meta property=\"og:url\" content=\"https:\/\/cabesota.com\/fr\/produit\/fromage-chipotle-le-feu-fume\/\" \/>\n<meta property=\"og:site_name\" content=\"Cabesota\" \/>\n<meta property=\"og:image\" content=\"https:\/\/cabesota.com\/wp-content\/uploads\/2025\/03\/chipotle-web.jpg\" \/>\n\t<meta property=\"og:image:width\" content=\"800\" \/>\n\t<meta property=\"og:image:height\" content=\"800\" \/>\n\t<meta property=\"og:image:type\" content=\"image\/jpeg\" \/>\n<meta name=\"twitter:card\" content=\"summary_large_image\" \/>\n<meta name=\"twitter:label1\" content=\"Dur\u00e9e de lecture estim\u00e9e\" \/>\n\t<meta name=\"twitter:data1\" content=\"1 minute\" \/>\n<script type=\"application\/ld+json\" class=\"yoast-schema-graph\">{\"@context\":\"https:\/\/schema.org\",\"@graph\":[{\"@type\":\"WebPage\",\"@id\":\"https:\/\/cabesota.com\/fr\/produit\/fromage-chipotle-le-feu-fume\/\",\"url\":\"https:\/\/cabesota.com\/fr\/produit\/fromage-chipotle-le-feu-fume\/\",\"name\":\"Fromage Chipotle \u2013 Le feu fum\u00e9 - Cabesota\",\"isPartOf\":{\"@id\":\"http:\/\/cabesota.com\/fr\/#website\"},\"primaryImageOfPage\":{\"@id\":\"https:\/\/cabesota.com\/fr\/produit\/fromage-chipotle-le-feu-fume\/#primaryimage\"},\"image\":{\"@id\":\"https:\/\/cabesota.com\/fr\/produit\/fromage-chipotle-le-feu-fume\/#primaryimage\"},\"thumbnailUrl\":\"https:\/\/cabesota.com\/wp-content\/uploads\/2025\/03\/chipotle-web.jpg\",\"datePublished\":\"2025-06-25T09:42:59+00:00\",\"description\":\"Fromage artisanal au piment chipotle : saveur fum\u00e9e, l\u00e9g\u00e8rement piquante et texture cr\u00e9meuse. Id\u00e9al pour se faire plaisir sans souffrir. Achetez-le en ligne !\",\"breadcrumb\":{\"@id\":\"https:\/\/cabesota.com\/fr\/produit\/fromage-chipotle-le-feu-fume\/#breadcrumb\"},\"inLanguage\":\"fr-FR\",\"potentialAction\":[{\"@type\":\"ReadAction\",\"target\":[\"https:\/\/cabesota.com\/fr\/produit\/fromage-chipotle-le-feu-fume\/\"]}]},{\"@type\":\"ImageObject\",\"inLanguage\":\"fr-FR\",\"@id\":\"https:\/\/cabesota.com\/fr\/produit\/fromage-chipotle-le-feu-fume\/#primaryimage\",\"url\":\"https:\/\/cabesota.com\/wp-content\/uploads\/2025\/03\/chipotle-web.jpg\",\"contentUrl\":\"https:\/\/cabesota.com\/wp-content\/uploads\/2025\/03\/chipotle-web.jpg\",\"width\":800,\"height\":800},{\"@type\":\"BreadcrumbList\",\"@id\":\"https:\/\/cabesota.com\/fr\/produit\/fromage-chipotle-le-feu-fume\/#breadcrumb\",\"itemListElement\":[{\"@type\":\"ListItem\",\"position\":1,\"name\":\"Inicio\",\"item\":\"https:\/\/cabesota.com\/fr\/portada\/\"},{\"@type\":\"ListItem\",\"position\":2,\"name\":\"Tienda\",\"item\":\"http:\/\/cabesota.com\/tienda\/\"},{\"@type\":\"ListItem\",\"position\":3,\"name\":\"Fromage Chipotle \u2013 Le feu fum\u00e9\"}]},{\"@type\":\"WebSite\",\"@id\":\"http:\/\/cabesota.com\/fr\/#website\",\"url\":\"http:\/\/cabesota.com\/fr\/\",\"name\":\"Cabesota\",\"description\":\"Tienda de quesos\",\"publisher\":{\"@id\":\"http:\/\/cabesota.com\/fr\/#organization\"},\"potentialAction\":[{\"@type\":\"SearchAction\",\"target\":{\"@type\":\"EntryPoint\",\"urlTemplate\":\"http:\/\/cabesota.com\/fr\/?s={search_term_string}\"},\"query-input\":{\"@type\":\"PropertyValueSpecification\",\"valueRequired\":true,\"valueName\":\"search_term_string\"}}],\"inLanguage\":\"fr-FR\"},{\"@type\":[\"Organization\",\"Place\",\"FoodEstablishment\"],\"@id\":\"http:\/\/cabesota.com\/fr\/#organization\",\"name\":\"Cabesota quesos\",\"url\":\"http:\/\/cabesota.com\/fr\/\",\"logo\":{\"@id\":\"https:\/\/cabesota.com\/fr\/produit\/fromage-chipotle-le-feu-fume\/#local-main-organization-logo\"},\"image\":{\"@id\":\"https:\/\/cabesota.com\/fr\/produit\/fromage-chipotle-le-feu-fume\/#local-main-organization-logo\"},\"address\":{\"@id\":\"https:\/\/cabesota.com\/fr\/produit\/fromage-chipotle-le-feu-fume\/#local-main-place-address\"},\"geo\":{\"@type\":\"GeoCoordinates\",\"latitude\":\"38.91110949358342\",\"longitude\":\"-3.6694486656672813\"},\"telephone\":[\"681 91 16 31\",\"652109758\"],\"contactPoint\":{\"@type\":\"ContactPoint\",\"telephone\":\"681 91 16 31\",\"email\":\"info@cabesota.com\"},\"openingHoursSpecification\":[{\"@type\":\"OpeningHoursSpecification\",\"dayOfWeek\":[\"Monday\",\"Tuesday\",\"Wednesday\",\"Thursday\",\"Friday\"],\"opens\":\"09:00\",\"closes\":\"20:30\"},{\"@type\":\"OpeningHoursSpecification\",\"dayOfWeek\":[\"Saturday\"],\"opens\":\"10:00\",\"closes\":\"14:00\"},{\"@type\":\"OpeningHoursSpecification\",\"dayOfWeek\":[\"Sunday\"],\"opens\":\"00:00\",\"closes\":\"00:00\"}],\"email\":\"info@cabesota.com\",\"vatID\":\"B05333968\",\"currenciesAccepted\":\"Euro\"},{\"@type\":\"PostalAddress\",\"@id\":\"https:\/\/cabesota.com\/fr\/produit\/fromage-chipotle-le-feu-fume\/#local-main-place-address\",\"streetAddress\":\"C. Torralba, 14, 13260 Bola\u00f1os de Calatrava, Ciudad Real\",\"addressLocality\":\"Bola\u00f1os de Calatrava\",\"postalCode\":\"13260\",\"addressRegion\":\"Ciudad Real\",\"addressCountry\":\"ES\"},{\"@type\":\"ImageObject\",\"inLanguage\":\"fr-FR\",\"@id\":\"https:\/\/cabesota.com\/fr\/produit\/fromage-chipotle-le-feu-fume\/#local-main-organization-logo\",\"url\":\"https:\/\/cabesota.com\/wp-content\/uploads\/2022\/05\/logo-cabesota.png\",\"contentUrl\":\"https:\/\/cabesota.com\/wp-content\/uploads\/2022\/05\/logo-cabesota.png\",\"width\":466,\"height\":113,\"caption\":\"Cabesota quesos\"}]}<\/script>\n<meta name=\"geo.placename\" content=\"Bola\u00f1os de Calatrava\" \/>\n<meta name=\"geo.position\" content=\"38.91110949358342;-3.6694486656672813\" \/>\n<meta name=\"geo.region\" content=\"Espagne\" \/>\n<!-- \/ Yoast SEO plugin. -->","yoast_head_json":{"title":"Fromage Chipotle \u2013 Le feu fum\u00e9 - Cabesota","description":"Fromage artisanal au piment chipotle : saveur fum\u00e9e, l\u00e9g\u00e8rement piquante et texture cr\u00e9meuse. Id\u00e9al pour se faire plaisir sans souffrir. Achetez-le en ligne !","robots":{"index":"index","follow":"follow","max-snippet":"max-snippet:-1","max-image-preview":"max-image-preview:large","max-video-preview":"max-video-preview:-1"},"canonical":"https:\/\/cabesota.com\/fr\/produit\/fromage-chipotle-le-feu-fume\/","og_locale":"fr_FR","og_type":"article","og_title":"Fromage Chipotle \u2013 Le feu fum\u00e9 - Cabesota","og_description":"Fromage artisanal au piment chipotle : saveur fum\u00e9e, l\u00e9g\u00e8rement piquante et texture cr\u00e9meuse. Id\u00e9al pour se faire plaisir sans souffrir. Achetez-le en ligne !","og_url":"https:\/\/cabesota.com\/fr\/produit\/fromage-chipotle-le-feu-fume\/","og_site_name":"Cabesota","og_image":[{"width":800,"height":800,"url":"https:\/\/cabesota.com\/wp-content\/uploads\/2025\/03\/chipotle-web.jpg","type":"image\/jpeg"}],"twitter_card":"summary_large_image","twitter_misc":{"Dur\u00e9e de lecture estim\u00e9e":"1 minute"},"schema":{"@context":"https:\/\/schema.org","@graph":[{"@type":"WebPage","@id":"https:\/\/cabesota.com\/fr\/produit\/fromage-chipotle-le-feu-fume\/","url":"https:\/\/cabesota.com\/fr\/produit\/fromage-chipotle-le-feu-fume\/","name":"Fromage Chipotle \u2013 Le feu fum\u00e9 - Cabesota","isPartOf":{"@id":"http:\/\/cabesota.com\/fr\/#website"},"primaryImageOfPage":{"@id":"https:\/\/cabesota.com\/fr\/produit\/fromage-chipotle-le-feu-fume\/#primaryimage"},"image":{"@id":"https:\/\/cabesota.com\/fr\/produit\/fromage-chipotle-le-feu-fume\/#primaryimage"},"thumbnailUrl":"https:\/\/cabesota.com\/wp-content\/uploads\/2025\/03\/chipotle-web.jpg","datePublished":"2025-06-25T09:42:59+00:00","description":"Fromage artisanal au piment chipotle : saveur fum\u00e9e, l\u00e9g\u00e8rement piquante et texture cr\u00e9meuse. Id\u00e9al pour se faire plaisir sans souffrir. Achetez-le en ligne !","breadcrumb":{"@id":"https:\/\/cabesota.com\/fr\/produit\/fromage-chipotle-le-feu-fume\/#breadcrumb"},"inLanguage":"fr-FR","potentialAction":[{"@type":"ReadAction","target":["https:\/\/cabesota.com\/fr\/produit\/fromage-chipotle-le-feu-fume\/"]}]},{"@type":"ImageObject","inLanguage":"fr-FR","@id":"https:\/\/cabesota.com\/fr\/produit\/fromage-chipotle-le-feu-fume\/#primaryimage","url":"https:\/\/cabesota.com\/wp-content\/uploads\/2025\/03\/chipotle-web.jpg","contentUrl":"https:\/\/cabesota.com\/wp-content\/uploads\/2025\/03\/chipotle-web.jpg","width":800,"height":800},{"@type":"BreadcrumbList","@id":"https:\/\/cabesota.com\/fr\/produit\/fromage-chipotle-le-feu-fume\/#breadcrumb","itemListElement":[{"@type":"ListItem","position":1,"name":"Inicio","item":"https:\/\/cabesota.com\/fr\/portada\/"},{"@type":"ListItem","position":2,"name":"Tienda","item":"http:\/\/cabesota.com\/tienda\/"},{"@type":"ListItem","position":3,"name":"Fromage Chipotle \u2013 Le feu fum\u00e9"}]},{"@type":"WebSite","@id":"http:\/\/cabesota.com\/fr\/#website","url":"http:\/\/cabesota.com\/fr\/","name":"Cabesota","description":"Tienda de quesos","publisher":{"@id":"http:\/\/cabesota.com\/fr\/#organization"},"potentialAction":[{"@type":"SearchAction","target":{"@type":"EntryPoint","urlTemplate":"http:\/\/cabesota.com\/fr\/?s={search_term_string}"},"query-input":{"@type":"PropertyValueSpecification","valueRequired":true,"valueName":"search_term_string"}}],"inLanguage":"fr-FR"},{"@type":["Organization","Place","FoodEstablishment"],"@id":"http:\/\/cabesota.com\/fr\/#organization","name":"Cabesota quesos","url":"http:\/\/cabesota.com\/fr\/","logo":{"@id":"https:\/\/cabesota.com\/fr\/produit\/fromage-chipotle-le-feu-fume\/#local-main-organization-logo"},"image":{"@id":"https:\/\/cabesota.com\/fr\/produit\/fromage-chipotle-le-feu-fume\/#local-main-organization-logo"},"address":{"@id":"https:\/\/cabesota.com\/fr\/produit\/fromage-chipotle-le-feu-fume\/#local-main-place-address"},"geo":{"@type":"GeoCoordinates","latitude":"38.91110949358342","longitude":"-3.6694486656672813"},"telephone":["681 91 16 31","652109758"],"contactPoint":{"@type":"ContactPoint","telephone":"681 91 16 31","email":"info@cabesota.com"},"openingHoursSpecification":[{"@type":"OpeningHoursSpecification","dayOfWeek":["Monday","Tuesday","Wednesday","Thursday","Friday"],"opens":"09:00","closes":"20:30"},{"@type":"OpeningHoursSpecification","dayOfWeek":["Saturday"],"opens":"10:00","closes":"14:00"},{"@type":"OpeningHoursSpecification","dayOfWeek":["Sunday"],"opens":"00:00","closes":"00:00"}],"email":"info@cabesota.com","vatID":"B05333968","currenciesAccepted":"Euro"},{"@type":"PostalAddress","@id":"https:\/\/cabesota.com\/fr\/produit\/fromage-chipotle-le-feu-fume\/#local-main-place-address","streetAddress":"C. Torralba, 14, 13260 Bola\u00f1os de Calatrava, Ciudad Real","addressLocality":"Bola\u00f1os de Calatrava","postalCode":"13260","addressRegion":"Ciudad Real","addressCountry":"ES"},{"@type":"ImageObject","inLanguage":"fr-FR","@id":"https:\/\/cabesota.com\/fr\/produit\/fromage-chipotle-le-feu-fume\/#local-main-organization-logo","url":"https:\/\/cabesota.com\/wp-content\/uploads\/2022\/05\/logo-cabesota.png","contentUrl":"https:\/\/cabesota.com\/wp-content\/uploads\/2022\/05\/logo-cabesota.png","width":466,"height":113,"caption":"Cabesota quesos"}]},"geo.placename":"Bola\u00f1os de Calatrava","geo.position":{"lat":"38.91110949358342","long":"-3.6694486656672813"},"geo.region":"Espagne"},"_links":{"self":[{"href":"https:\/\/cabesota.com\/fr\/wp-json\/wp\/v2\/product\/29560","targetHints":{"allow":["GET"]}}],"collection":[{"href":"https:\/\/cabesota.com\/fr\/wp-json\/wp\/v2\/product"}],"about":[{"href":"https:\/\/cabesota.com\/fr\/wp-json\/wp\/v2\/types\/product"}],"replies":[{"embeddable":true,"href":"https:\/\/cabesota.com\/fr\/wp-json\/wp\/v2\/comments?post=29560"}],"wp:featuredmedia":[{"embeddable":true,"href":"https:\/\/cabesota.com\/fr\/wp-json\/wp\/v2\/media\/29265"}],"wp:attachment":[{"href":"https:\/\/cabesota.com\/fr\/wp-json\/wp\/v2\/media?parent=29560"}],"wp:term":[{"taxonomy":"product_brand","embeddable":true,"href":"https:\/\/cabesota.com\/fr\/wp-json\/wp\/v2\/product_brand?post=29560"},{"taxonomy":"product_cat","embeddable":true,"href":"https:\/\/cabesota.com\/fr\/wp-json\/wp\/v2\/product_cat?post=29560"},{"taxonomy":"product_tag","embeddable":true,"href":"https:\/\/cabesota.com\/fr\/wp-json\/wp\/v2\/product_tag?post=29560"}],"curies":[{"name":"wp","href":"https:\/\/api.w.org\/{rel}","templated":true}]}}