{"id":29564,"date":"2025-06-23T13:23:02","date_gmt":"2025-06-23T13:23:02","guid":{"rendered":"https:\/\/cabesota.com\/fromage-semi-affine-a-lail-noir\/"},"modified":"2025-06-23T13:23:02","modified_gmt":"2025-06-23T13:23:02","slug":"fromage-semi-affine-a-lail-noir","status":"publish","type":"product","link":"https:\/\/cabesota.com\/fr\/produit\/fromage-semi-affine-a-lail-noir\/","title":{"rendered":"Fromage semi-affin\u00e9 \u00e0 l&rsquo;ail noir"},"content":{"rendered":"<p><strong>TYPE DE FROMAGE<\/strong> : Semi-affin\u00e9<\/p>\n<p><strong>POIDS APPROXIMATIF PAR TAILLE <\/strong><\/p>\n<table>\n<tbody>\n<tr>\n<td>ENTIER<\/td>\n<td>2,900 Kg &#8211; 3,200 Kg<\/td>\n<\/tr>\n<tr>\n<td>MOITI\u00c9<\/td>\n<td>1,400 Kg &#8211; 1,600 Kg<\/td>\n<\/tr>\n<tr>\n<td>QUART<\/td>\n<td>0,700 Kg &#8211; 0,800 Kg<\/td>\n<\/tr>\n<tr>\n<td>TRANCHE<\/td>\n<td>0,350 Kg &#8211; 0,400 Kg<\/td>\n<\/tr>\n<\/tbody>\n<\/table>\n<p><strong>MARQUE<\/strong>: CabeSota<\/p>\n<p><strong>MATURATION<\/strong>:<strong> 90 jours<\/strong><\/p>\n<p><strong>LAIT DE<\/strong>: brebis<\/p>\n<p><strong>TRAITEMENT DU LAIT<\/strong> : pasteuris\u00e9<\/p>\n<p><strong>ALLERG\u00c8NES <\/strong>: lactose<\/p>\n<p><strong>ORIGINE DU LAIT<\/strong> : Espagne (<strong>provenant d&rsquo;un \u00e9levage familial<\/strong>)<\/p>\n<p><strong>SAVEUR <\/strong>: texture cr\u00e9meuse. Apporte une sensation exquise au palais.<\/p>\n","protected":false},"excerpt":{"rendered":"<p data-renderer-start-pos=\"4146\"><strong>Origine <\/strong>: La Mancha, Espagne<br \/>\n<strong>Lait <\/strong>: 100 % brebis<br \/>\n<strong>R\u00e9compenses <\/strong>: prim\u00e9 en 2025 aux concours de Francfort et Madrid<br \/>\n<strong>Saveur <\/strong>: il offre un profil gustatif <strong data-start=\"74\" data-end=\"96\">intense et complexe<\/strong>, alliant le cr\u00e9meux et la l\u00e9g\u00e8re acidit\u00e9 du manchego semi-affin\u00e9 aux notes sucr\u00e9es, balsamiques et umami caract\u00e9ristiques de l&rsquo;ail noir.<\/p>\n<p data-renderer-start-pos=\"5241\"><strong>Accords mets-vins<\/strong><br \/>\nId\u00e9al pour accompagner des vins jeunes et fruit\u00e9s comme le tempranillo ou le grenache, qui contrastent avec la douceur de l&rsquo;ail noir, ou des vins rouges moyennement vieillis, qui compl\u00e8tent la maturation du fromage.<\/p>\n<p data-renderer-start-pos=\"5241\">Une option plus audacieuse serait d&rsquo;utiliser du porto ou du vin doux naturel pour faire ressortir les nuances sucr\u00e9es de l&rsquo;ail noir.<\/p>\n","protected":false},"featured_media":29199,"comment_status":"open","ping_status":"closed","template":"","meta":{"inline_featured_image":false,"_joinchat":[]},"product_brand":[],"product_cat":[1106,1113],"product_tag":[],"class_list":{"0":"post-29564","1":"product","2":"type-product","3":"status-publish","4":"has-post-thumbnail","6":"product_cat-fromages","7":"product_cat-semi-affine","8":"pa_tamanodelqueso-200-250g-fr","9":"pa_tamanodelqueso-entier","10":"pa_tamanodelqueso-moitie","11":"pa_tamanodelqueso-quart","12":"pa_tamanodelqueso-tranche","13":"has-subscription-plans","15":"first","16":"instock","17":"taxable","18":"shipping-taxable","19":"purchasable","20":"product-type-variable"},"yoast_head":"<!-- This site is optimized with the Yoast SEO plugin v26.6 - https:\/\/yoast.com\/wordpress\/plugins\/seo\/ -->\n<title>Fromage semi-affin\u00e9 \u00e0 l&#039;ail noir - Cabesota<\/title>\n<meta name=\"robots\" content=\"index, follow, max-snippet:-1, max-image-preview:large, max-video-preview:-1\" \/>\n<link rel=\"canonical\" href=\"https:\/\/cabesota.com\/fr\/produit\/fromage-semi-affine-a-lail-noir\/\" \/>\n<meta property=\"og:locale\" content=\"fr_FR\" \/>\n<meta property=\"og:type\" content=\"article\" \/>\n<meta property=\"og:title\" content=\"Fromage semi-affin\u00e9 \u00e0 l&#039;ail noir - Cabesota\" \/>\n<meta property=\"og:description\" content=\"Origine : La Mancha, Espagne Lait : 100 % brebis R\u00e9compenses : prim\u00e9 en 2025 aux concours de Francfort et Madrid Saveur : il offre un profil gustatif intense et complexe, alliant le cr\u00e9meux et la l\u00e9g\u00e8re acidit\u00e9 du manchego semi-affin\u00e9 aux notes sucr\u00e9es, balsamiques et umami caract\u00e9ristiques de l&#039;ail noir. Accords mets-vins Id\u00e9al pour accompagner des vins jeunes et fruit\u00e9s comme le tempranillo ou le grenache, qui contrastent avec la douceur de l&#039;ail noir, ou des vins rouges moyennement vieillis, qui compl\u00e8tent la maturation du fromage. Une option plus audacieuse serait d&#039;utiliser du porto ou du vin doux naturel pour faire ressortir les nuances sucr\u00e9es de l&#039;ail noir.\" \/>\n<meta property=\"og:url\" content=\"https:\/\/cabesota.com\/fr\/produit\/fromage-semi-affine-a-lail-noir\/\" \/>\n<meta property=\"og:site_name\" content=\"Cabesota\" \/>\n<meta property=\"og:image\" content=\"https:\/\/cabesota.com\/wp-content\/uploads\/2025\/06\/ajonegro-web1.jpg\" \/>\n\t<meta property=\"og:image:width\" content=\"800\" \/>\n\t<meta property=\"og:image:height\" content=\"800\" \/>\n\t<meta property=\"og:image:type\" content=\"image\/jpeg\" \/>\n<meta name=\"twitter:card\" content=\"summary_large_image\" \/>\n<script type=\"application\/ld+json\" class=\"yoast-schema-graph\">{\"@context\":\"https:\/\/schema.org\",\"@graph\":[{\"@type\":\"WebPage\",\"@id\":\"https:\/\/cabesota.com\/fr\/produit\/fromage-semi-affine-a-lail-noir\/\",\"url\":\"https:\/\/cabesota.com\/fr\/produit\/fromage-semi-affine-a-lail-noir\/\",\"name\":\"Fromage semi-affin\u00e9 \u00e0 l'ail noir - Cabesota\",\"isPartOf\":{\"@id\":\"http:\/\/cabesota.com\/fr\/#website\"},\"primaryImageOfPage\":{\"@id\":\"https:\/\/cabesota.com\/fr\/produit\/fromage-semi-affine-a-lail-noir\/#primaryimage\"},\"image\":{\"@id\":\"https:\/\/cabesota.com\/fr\/produit\/fromage-semi-affine-a-lail-noir\/#primaryimage\"},\"thumbnailUrl\":\"https:\/\/cabesota.com\/wp-content\/uploads\/2025\/06\/ajonegro-web1.jpg\",\"datePublished\":\"2025-06-23T13:23:02+00:00\",\"breadcrumb\":{\"@id\":\"https:\/\/cabesota.com\/fr\/produit\/fromage-semi-affine-a-lail-noir\/#breadcrumb\"},\"inLanguage\":\"fr-FR\",\"potentialAction\":[{\"@type\":\"ReadAction\",\"target\":[\"https:\/\/cabesota.com\/fr\/produit\/fromage-semi-affine-a-lail-noir\/\"]}]},{\"@type\":\"ImageObject\",\"inLanguage\":\"fr-FR\",\"@id\":\"https:\/\/cabesota.com\/fr\/produit\/fromage-semi-affine-a-lail-noir\/#primaryimage\",\"url\":\"https:\/\/cabesota.com\/wp-content\/uploads\/2025\/06\/ajonegro-web1.jpg\",\"contentUrl\":\"https:\/\/cabesota.com\/wp-content\/uploads\/2025\/06\/ajonegro-web1.jpg\",\"width\":800,\"height\":800},{\"@type\":\"BreadcrumbList\",\"@id\":\"https:\/\/cabesota.com\/fr\/produit\/fromage-semi-affine-a-lail-noir\/#breadcrumb\",\"itemListElement\":[{\"@type\":\"ListItem\",\"position\":1,\"name\":\"Inicio\",\"item\":\"https:\/\/cabesota.com\/fr\/portada\/\"},{\"@type\":\"ListItem\",\"position\":2,\"name\":\"Tienda\",\"item\":\"http:\/\/cabesota.com\/tienda\/\"},{\"@type\":\"ListItem\",\"position\":3,\"name\":\"Fromage semi-affin\u00e9 \u00e0 l&rsquo;ail noir\"}]},{\"@type\":\"WebSite\",\"@id\":\"http:\/\/cabesota.com\/fr\/#website\",\"url\":\"http:\/\/cabesota.com\/fr\/\",\"name\":\"Cabesota\",\"description\":\"Tienda de quesos\",\"publisher\":{\"@id\":\"http:\/\/cabesota.com\/fr\/#organization\"},\"potentialAction\":[{\"@type\":\"SearchAction\",\"target\":{\"@type\":\"EntryPoint\",\"urlTemplate\":\"http:\/\/cabesota.com\/fr\/?s={search_term_string}\"},\"query-input\":{\"@type\":\"PropertyValueSpecification\",\"valueRequired\":true,\"valueName\":\"search_term_string\"}}],\"inLanguage\":\"fr-FR\"},{\"@type\":[\"Organization\",\"Place\",\"FoodEstablishment\"],\"@id\":\"http:\/\/cabesota.com\/fr\/#organization\",\"name\":\"Cabesota quesos\",\"url\":\"http:\/\/cabesota.com\/fr\/\",\"logo\":{\"@id\":\"https:\/\/cabesota.com\/fr\/produit\/fromage-semi-affine-a-lail-noir\/#local-main-organization-logo\"},\"image\":{\"@id\":\"https:\/\/cabesota.com\/fr\/produit\/fromage-semi-affine-a-lail-noir\/#local-main-organization-logo\"},\"address\":{\"@id\":\"https:\/\/cabesota.com\/fr\/produit\/fromage-semi-affine-a-lail-noir\/#local-main-place-address\"},\"geo\":{\"@type\":\"GeoCoordinates\",\"latitude\":\"38.91110949358342\",\"longitude\":\"-3.6694486656672813\"},\"telephone\":[\"681 91 16 31\",\"652109758\"],\"contactPoint\":{\"@type\":\"ContactPoint\",\"telephone\":\"681 91 16 31\",\"email\":\"info@cabesota.com\"},\"openingHoursSpecification\":[{\"@type\":\"OpeningHoursSpecification\",\"dayOfWeek\":[\"Monday\",\"Tuesday\",\"Wednesday\",\"Thursday\",\"Friday\"],\"opens\":\"09:00\",\"closes\":\"20:30\"},{\"@type\":\"OpeningHoursSpecification\",\"dayOfWeek\":[\"Saturday\"],\"opens\":\"10:00\",\"closes\":\"14:00\"},{\"@type\":\"OpeningHoursSpecification\",\"dayOfWeek\":[\"Sunday\"],\"opens\":\"00:00\",\"closes\":\"00:00\"}],\"email\":\"info@cabesota.com\",\"vatID\":\"B05333968\",\"currenciesAccepted\":\"Euro\"},{\"@type\":\"PostalAddress\",\"@id\":\"https:\/\/cabesota.com\/fr\/produit\/fromage-semi-affine-a-lail-noir\/#local-main-place-address\",\"streetAddress\":\"C. Torralba, 14, 13260 Bola\u00f1os de Calatrava, Ciudad Real\",\"addressLocality\":\"Bola\u00f1os de Calatrava\",\"postalCode\":\"13260\",\"addressRegion\":\"Ciudad Real\",\"addressCountry\":\"ES\"},{\"@type\":\"ImageObject\",\"inLanguage\":\"fr-FR\",\"@id\":\"https:\/\/cabesota.com\/fr\/produit\/fromage-semi-affine-a-lail-noir\/#local-main-organization-logo\",\"url\":\"https:\/\/cabesota.com\/wp-content\/uploads\/2022\/05\/logo-cabesota.png\",\"contentUrl\":\"https:\/\/cabesota.com\/wp-content\/uploads\/2022\/05\/logo-cabesota.png\",\"width\":466,\"height\":113,\"caption\":\"Cabesota quesos\"}]}<\/script>\n<meta name=\"geo.placename\" content=\"Bola\u00f1os de Calatrava\" \/>\n<meta name=\"geo.position\" content=\"38.91110949358342;-3.6694486656672813\" \/>\n<meta name=\"geo.region\" content=\"Espagne\" \/>\n<!-- \/ Yoast SEO plugin. -->","yoast_head_json":{"title":"Fromage semi-affin\u00e9 \u00e0 l'ail noir - Cabesota","robots":{"index":"index","follow":"follow","max-snippet":"max-snippet:-1","max-image-preview":"max-image-preview:large","max-video-preview":"max-video-preview:-1"},"canonical":"https:\/\/cabesota.com\/fr\/produit\/fromage-semi-affine-a-lail-noir\/","og_locale":"fr_FR","og_type":"article","og_title":"Fromage semi-affin\u00e9 \u00e0 l'ail noir - Cabesota","og_description":"Origine : La Mancha, Espagne Lait : 100 % brebis R\u00e9compenses : prim\u00e9 en 2025 aux concours de Francfort et Madrid Saveur : il offre un profil gustatif intense et complexe, alliant le cr\u00e9meux et la l\u00e9g\u00e8re acidit\u00e9 du manchego semi-affin\u00e9 aux notes sucr\u00e9es, balsamiques et umami caract\u00e9ristiques de l'ail noir. Accords mets-vins Id\u00e9al pour accompagner des vins jeunes et fruit\u00e9s comme le tempranillo ou le grenache, qui contrastent avec la douceur de l'ail noir, ou des vins rouges moyennement vieillis, qui compl\u00e8tent la maturation du fromage. Une option plus audacieuse serait d'utiliser du porto ou du vin doux naturel pour faire ressortir les nuances sucr\u00e9es de l'ail noir.","og_url":"https:\/\/cabesota.com\/fr\/produit\/fromage-semi-affine-a-lail-noir\/","og_site_name":"Cabesota","og_image":[{"width":800,"height":800,"url":"https:\/\/cabesota.com\/wp-content\/uploads\/2025\/06\/ajonegro-web1.jpg","type":"image\/jpeg"}],"twitter_card":"summary_large_image","schema":{"@context":"https:\/\/schema.org","@graph":[{"@type":"WebPage","@id":"https:\/\/cabesota.com\/fr\/produit\/fromage-semi-affine-a-lail-noir\/","url":"https:\/\/cabesota.com\/fr\/produit\/fromage-semi-affine-a-lail-noir\/","name":"Fromage semi-affin\u00e9 \u00e0 l'ail noir - Cabesota","isPartOf":{"@id":"http:\/\/cabesota.com\/fr\/#website"},"primaryImageOfPage":{"@id":"https:\/\/cabesota.com\/fr\/produit\/fromage-semi-affine-a-lail-noir\/#primaryimage"},"image":{"@id":"https:\/\/cabesota.com\/fr\/produit\/fromage-semi-affine-a-lail-noir\/#primaryimage"},"thumbnailUrl":"https:\/\/cabesota.com\/wp-content\/uploads\/2025\/06\/ajonegro-web1.jpg","datePublished":"2025-06-23T13:23:02+00:00","breadcrumb":{"@id":"https:\/\/cabesota.com\/fr\/produit\/fromage-semi-affine-a-lail-noir\/#breadcrumb"},"inLanguage":"fr-FR","potentialAction":[{"@type":"ReadAction","target":["https:\/\/cabesota.com\/fr\/produit\/fromage-semi-affine-a-lail-noir\/"]}]},{"@type":"ImageObject","inLanguage":"fr-FR","@id":"https:\/\/cabesota.com\/fr\/produit\/fromage-semi-affine-a-lail-noir\/#primaryimage","url":"https:\/\/cabesota.com\/wp-content\/uploads\/2025\/06\/ajonegro-web1.jpg","contentUrl":"https:\/\/cabesota.com\/wp-content\/uploads\/2025\/06\/ajonegro-web1.jpg","width":800,"height":800},{"@type":"BreadcrumbList","@id":"https:\/\/cabesota.com\/fr\/produit\/fromage-semi-affine-a-lail-noir\/#breadcrumb","itemListElement":[{"@type":"ListItem","position":1,"name":"Inicio","item":"https:\/\/cabesota.com\/fr\/portada\/"},{"@type":"ListItem","position":2,"name":"Tienda","item":"http:\/\/cabesota.com\/tienda\/"},{"@type":"ListItem","position":3,"name":"Fromage semi-affin\u00e9 \u00e0 l&rsquo;ail noir"}]},{"@type":"WebSite","@id":"http:\/\/cabesota.com\/fr\/#website","url":"http:\/\/cabesota.com\/fr\/","name":"Cabesota","description":"Tienda de quesos","publisher":{"@id":"http:\/\/cabesota.com\/fr\/#organization"},"potentialAction":[{"@type":"SearchAction","target":{"@type":"EntryPoint","urlTemplate":"http:\/\/cabesota.com\/fr\/?s={search_term_string}"},"query-input":{"@type":"PropertyValueSpecification","valueRequired":true,"valueName":"search_term_string"}}],"inLanguage":"fr-FR"},{"@type":["Organization","Place","FoodEstablishment"],"@id":"http:\/\/cabesota.com\/fr\/#organization","name":"Cabesota quesos","url":"http:\/\/cabesota.com\/fr\/","logo":{"@id":"https:\/\/cabesota.com\/fr\/produit\/fromage-semi-affine-a-lail-noir\/#local-main-organization-logo"},"image":{"@id":"https:\/\/cabesota.com\/fr\/produit\/fromage-semi-affine-a-lail-noir\/#local-main-organization-logo"},"address":{"@id":"https:\/\/cabesota.com\/fr\/produit\/fromage-semi-affine-a-lail-noir\/#local-main-place-address"},"geo":{"@type":"GeoCoordinates","latitude":"38.91110949358342","longitude":"-3.6694486656672813"},"telephone":["681 91 16 31","652109758"],"contactPoint":{"@type":"ContactPoint","telephone":"681 91 16 31","email":"info@cabesota.com"},"openingHoursSpecification":[{"@type":"OpeningHoursSpecification","dayOfWeek":["Monday","Tuesday","Wednesday","Thursday","Friday"],"opens":"09:00","closes":"20:30"},{"@type":"OpeningHoursSpecification","dayOfWeek":["Saturday"],"opens":"10:00","closes":"14:00"},{"@type":"OpeningHoursSpecification","dayOfWeek":["Sunday"],"opens":"00:00","closes":"00:00"}],"email":"info@cabesota.com","vatID":"B05333968","currenciesAccepted":"Euro"},{"@type":"PostalAddress","@id":"https:\/\/cabesota.com\/fr\/produit\/fromage-semi-affine-a-lail-noir\/#local-main-place-address","streetAddress":"C. Torralba, 14, 13260 Bola\u00f1os de Calatrava, Ciudad Real","addressLocality":"Bola\u00f1os de Calatrava","postalCode":"13260","addressRegion":"Ciudad Real","addressCountry":"ES"},{"@type":"ImageObject","inLanguage":"fr-FR","@id":"https:\/\/cabesota.com\/fr\/produit\/fromage-semi-affine-a-lail-noir\/#local-main-organization-logo","url":"https:\/\/cabesota.com\/wp-content\/uploads\/2022\/05\/logo-cabesota.png","contentUrl":"https:\/\/cabesota.com\/wp-content\/uploads\/2022\/05\/logo-cabesota.png","width":466,"height":113,"caption":"Cabesota quesos"}]},"geo.placename":"Bola\u00f1os de Calatrava","geo.position":{"lat":"38.91110949358342","long":"-3.6694486656672813"},"geo.region":"Espagne"},"_links":{"self":[{"href":"https:\/\/cabesota.com\/fr\/wp-json\/wp\/v2\/product\/29564","targetHints":{"allow":["GET"]}}],"collection":[{"href":"https:\/\/cabesota.com\/fr\/wp-json\/wp\/v2\/product"}],"about":[{"href":"https:\/\/cabesota.com\/fr\/wp-json\/wp\/v2\/types\/product"}],"replies":[{"embeddable":true,"href":"https:\/\/cabesota.com\/fr\/wp-json\/wp\/v2\/comments?post=29564"}],"wp:featuredmedia":[{"embeddable":true,"href":"https:\/\/cabesota.com\/fr\/wp-json\/wp\/v2\/media\/29199"}],"wp:attachment":[{"href":"https:\/\/cabesota.com\/fr\/wp-json\/wp\/v2\/media?parent=29564"}],"wp:term":[{"taxonomy":"product_brand","embeddable":true,"href":"https:\/\/cabesota.com\/fr\/wp-json\/wp\/v2\/product_brand?post=29564"},{"taxonomy":"product_cat","embeddable":true,"href":"https:\/\/cabesota.com\/fr\/wp-json\/wp\/v2\/product_cat?post=29564"},{"taxonomy":"product_tag","embeddable":true,"href":"https:\/\/cabesota.com\/fr\/wp-json\/wp\/v2\/product_tag?post=29564"}],"curies":[{"name":"wp","href":"https:\/\/api.w.org\/{rel}","templated":true}]}}