{"id":29566,"date":"2024-11-19T08:41:18","date_gmt":"2024-11-19T08:41:18","guid":{"rendered":"https:\/\/cabesota.com\/abonnement-fromages-cabesota-2024\/"},"modified":"2024-11-19T08:41:18","modified_gmt":"2024-11-19T08:41:18","slug":"abonnement-fromages-cabesota-2024","status":"publish","type":"product","link":"https:\/\/cabesota.com\/fr\/produit\/abonnement-fromages-cabesota-2024\/","title":{"rendered":"Abonnement fromages Cabesota 2024"},"content":{"rendered":"<div class=\"elementor-element elementor-element-fae30a7 elementor-widget elementor-widget-woocommerce-product-short-description\" data-id=\"fae30a7\" data-element_type=\"widget\" data-widget_type=\"woocommerce-product-short-description.default\">\n<div class=\"elementor-widget-container\">\n<div class=\"woocommerce-product-details__short-description\">\n<p>Profitez du fromage comme jamais auparavant gr\u00e2ce \u00e0 <strong>notre abonnement et recevez chaque mois ou tous les deux mois \u00e0 votre domicile<\/strong> :<\/p>\n<ul>\n<li>1 tranche de fromage \u00e0 p\u00e2te molle de 150-200 g<\/li>\n<li>1 tranche de fromage semi-affin\u00e9 de 150-200 g<\/li>\n<li>1 tranche de fromage affin\u00e9 de 150-200 g<\/li>\n<li>1 tranche de fromage au paprika et \u00e0 l&rsquo;huile d&rsquo;olive vierge de 150-200 g<\/li>\n<li>1 tranche de fromage proven\u00e7al de 150-200 g<\/li>\n<li>1 mini cro\u00fbtons<\/li>\n<\/ul>\n<p>Choisissez \u00e9galement la version que vous pr\u00e9f\u00e9rez, sal\u00e9e ou sucr\u00e9e, pour b\u00e9n\u00e9ficier de diff\u00e9rents extras.<\/p>\n<p>Vous pouvez <strong>vous d\u00e9sabonner quand vous le souhaitez<\/strong>. Obtenez notre meilleur fromage <strong>au prix d&rsquo;usine<\/strong>. <\/p>\n<p>Si vous souhaitez remplacer l&rsquo;une des tranches par une autre saveur, veuillez l&rsquo;indiquer dans les remarques lors de la commande.<\/p>\n<\/div>\n<\/div>\n<\/div>\n","protected":false},"excerpt":{"rendered":"<div class=\"elementor-element elementor-element-fae30a7 elementor-widget elementor-widget-woocommerce-product-short-description\" data-id=\"fae30a7\" data-element_type=\"widget\" data-widget_type=\"woocommerce-product-short-description.default\">\n<div class=\"elementor-widget-container\">\n<div class=\"woocommerce-product-details__short-description\">\n<p>Profitez du fromage comme jamais auparavant gr\u00e2ce \u00e0 <strong>notre abonnement et recevez chaque mois ou tous les deux mois \u00e0 votre domicile<\/strong> :<\/p>\n<ul>\n<li>1 tranche de fromage \u00e0 p\u00e2te molle de 150-200 g<\/li>\n<li>1 tranche de fromage semi-affin\u00e9 de 150-200 g<\/li>\n<li>1 tranche de fromage affin\u00e9 de 150-200 g<\/li>\n<li>1 tranche de fromage au paprika et \u00e0 l&rsquo;huile d&rsquo;olive vierge extra de 150-200 g<\/li>\n<li>1 tranche de fromage proven\u00e7al de 150-200 g<\/li>\n<li>1 mini cro\u00fbtons<\/li>\n<\/ul>\n<p>Choisissez \u00e9galement la version que vous pr\u00e9f\u00e9rez, sal\u00e9e ou sucr\u00e9e, pour b\u00e9n\u00e9ficier de diff\u00e9rents extras.<\/p>\n<p>Vous pouvez <strong>vous d\u00e9sabonner quand vous le souhaitez<\/strong>. Obtenez notre meilleur fromage <strong>au prix d&rsquo;usine<\/strong>. <\/p>\n<p>Si vous souhaitez remplacer l&rsquo;une des tranches par une autre saveur, veuillez l&rsquo;indiquer dans les remarques lors de la commande.<\/p>\n<\/div>\n<\/div>\n<\/div>\n","protected":false},"featured_media":28442,"comment_status":"open","ping_status":"closed","template":"","meta":{"inline_featured_image":false,"_joinchat":[]},"product_brand":[],"product_cat":[1114],"product_tag":[],"class_list":{"0":"post-29566","1":"product","2":"type-product","3":"status-publish","4":"has-post-thumbnail","6":"product_cat-suscripcion-fr","8":"first","9":"instock","10":"taxable","11":"shipping-taxable","12":"purchasable","13":"product-type-variable-subscription"},"yoast_head":"<!-- This site is optimized with the Yoast SEO plugin v26.6 - https:\/\/yoast.com\/wordpress\/plugins\/seo\/ -->\n<title>Abonnement fromages Cabesota 2024 - Cabesota<\/title>\n<meta name=\"robots\" content=\"index, follow, max-snippet:-1, max-image-preview:large, max-video-preview:-1\" \/>\n<link rel=\"canonical\" href=\"https:\/\/cabesota.com\/fr\/produit\/abonnement-fromages-cabesota-2024\/\" \/>\n<meta property=\"og:locale\" content=\"fr_FR\" \/>\n<meta property=\"og:type\" content=\"article\" \/>\n<meta property=\"og:title\" content=\"Abonnement fromages Cabesota 2024 - Cabesota\" \/>\n<meta property=\"og:description\" content=\"Profitez du fromage comme jamais auparavant gr\u00e2ce \u00e0 notre abonnement et recevez chaque mois ou tous les deux mois \u00e0 votre domicile :  1 tranche de fromage \u00e0 p\u00e2te molle de 150-200 g  1 tranche de fromage semi-affin\u00e9 de 150-200 g  1 tranche de fromage affin\u00e9 de 150-200 g  1 tranche de fromage au paprika et \u00e0 l&#039;huile d&#039;olive vierge extra de 150-200 g  1 tranche de fromage proven\u00e7al de 150-200 g  1 mini cro\u00fbtons Choisissez \u00e9galement la version que vous pr\u00e9f\u00e9rez, sal\u00e9e ou sucr\u00e9e, pour b\u00e9n\u00e9ficier de diff\u00e9rents extras. Vous pouvez vous d\u00e9sabonner quand vous le souhaitez. Obtenez notre meilleur fromage au prix d&#039;usine.  Si vous souhaitez remplacer l&#039;une des tranches par une autre saveur, veuillez l&#039;indiquer dans les remarques lors de la commande.\" \/>\n<meta property=\"og:url\" content=\"https:\/\/cabesota.com\/fr\/produit\/abonnement-fromages-cabesota-2024\/\" \/>\n<meta property=\"og:site_name\" content=\"Cabesota\" \/>\n<meta property=\"og:image\" content=\"https:\/\/cabesota.com\/wp-content\/uploads\/2024\/11\/40A62401.jpg\" \/>\n\t<meta property=\"og:image:width\" content=\"1500\" \/>\n\t<meta property=\"og:image:height\" content=\"1000\" \/>\n\t<meta property=\"og:image:type\" content=\"image\/jpeg\" \/>\n<meta name=\"twitter:card\" content=\"summary_large_image\" \/>\n<meta name=\"twitter:label1\" content=\"Dur\u00e9e de lecture estim\u00e9e\" \/>\n\t<meta name=\"twitter:data1\" content=\"1 minute\" \/>\n<script type=\"application\/ld+json\" class=\"yoast-schema-graph\">{\"@context\":\"https:\/\/schema.org\",\"@graph\":[{\"@type\":\"WebPage\",\"@id\":\"https:\/\/cabesota.com\/fr\/produit\/abonnement-fromages-cabesota-2024\/\",\"url\":\"https:\/\/cabesota.com\/fr\/produit\/abonnement-fromages-cabesota-2024\/\",\"name\":\"Abonnement fromages Cabesota 2024 - Cabesota\",\"isPartOf\":{\"@id\":\"http:\/\/cabesota.com\/fr\/#website\"},\"primaryImageOfPage\":{\"@id\":\"https:\/\/cabesota.com\/fr\/produit\/abonnement-fromages-cabesota-2024\/#primaryimage\"},\"image\":{\"@id\":\"https:\/\/cabesota.com\/fr\/produit\/abonnement-fromages-cabesota-2024\/#primaryimage\"},\"thumbnailUrl\":\"https:\/\/cabesota.com\/wp-content\/uploads\/2024\/11\/40A62401.jpg\",\"datePublished\":\"2024-11-19T08:41:18+00:00\",\"breadcrumb\":{\"@id\":\"https:\/\/cabesota.com\/fr\/produit\/abonnement-fromages-cabesota-2024\/#breadcrumb\"},\"inLanguage\":\"fr-FR\",\"potentialAction\":[{\"@type\":\"ReadAction\",\"target\":[\"https:\/\/cabesota.com\/fr\/produit\/abonnement-fromages-cabesota-2024\/\"]}]},{\"@type\":\"ImageObject\",\"inLanguage\":\"fr-FR\",\"@id\":\"https:\/\/cabesota.com\/fr\/produit\/abonnement-fromages-cabesota-2024\/#primaryimage\",\"url\":\"https:\/\/cabesota.com\/wp-content\/uploads\/2024\/11\/40A62401.jpg\",\"contentUrl\":\"https:\/\/cabesota.com\/wp-content\/uploads\/2024\/11\/40A62401.jpg\",\"width\":1500,\"height\":1000},{\"@type\":\"BreadcrumbList\",\"@id\":\"https:\/\/cabesota.com\/fr\/produit\/abonnement-fromages-cabesota-2024\/#breadcrumb\",\"itemListElement\":[{\"@type\":\"ListItem\",\"position\":1,\"name\":\"Inicio\",\"item\":\"https:\/\/cabesota.com\/fr\/portada\/\"},{\"@type\":\"ListItem\",\"position\":2,\"name\":\"Tienda\",\"item\":\"http:\/\/cabesota.com\/tienda\/\"},{\"@type\":\"ListItem\",\"position\":3,\"name\":\"Abonnement fromages Cabesota 2024\"}]},{\"@type\":\"WebSite\",\"@id\":\"http:\/\/cabesota.com\/fr\/#website\",\"url\":\"http:\/\/cabesota.com\/fr\/\",\"name\":\"Cabesota\",\"description\":\"Tienda de quesos\",\"publisher\":{\"@id\":\"http:\/\/cabesota.com\/fr\/#organization\"},\"potentialAction\":[{\"@type\":\"SearchAction\",\"target\":{\"@type\":\"EntryPoint\",\"urlTemplate\":\"http:\/\/cabesota.com\/fr\/?s={search_term_string}\"},\"query-input\":{\"@type\":\"PropertyValueSpecification\",\"valueRequired\":true,\"valueName\":\"search_term_string\"}}],\"inLanguage\":\"fr-FR\"},{\"@type\":[\"Organization\",\"Place\",\"FoodEstablishment\"],\"@id\":\"http:\/\/cabesota.com\/fr\/#organization\",\"name\":\"Cabesota quesos\",\"url\":\"http:\/\/cabesota.com\/fr\/\",\"logo\":{\"@id\":\"https:\/\/cabesota.com\/fr\/produit\/abonnement-fromages-cabesota-2024\/#local-main-organization-logo\"},\"image\":{\"@id\":\"https:\/\/cabesota.com\/fr\/produit\/abonnement-fromages-cabesota-2024\/#local-main-organization-logo\"},\"address\":{\"@id\":\"https:\/\/cabesota.com\/fr\/produit\/abonnement-fromages-cabesota-2024\/#local-main-place-address\"},\"geo\":{\"@type\":\"GeoCoordinates\",\"latitude\":\"38.91110949358342\",\"longitude\":\"-3.6694486656672813\"},\"telephone\":[\"681 91 16 31\",\"652109758\"],\"contactPoint\":{\"@type\":\"ContactPoint\",\"telephone\":\"681 91 16 31\",\"email\":\"info@cabesota.com\"},\"openingHoursSpecification\":[{\"@type\":\"OpeningHoursSpecification\",\"dayOfWeek\":[\"Monday\",\"Tuesday\",\"Wednesday\",\"Thursday\",\"Friday\"],\"opens\":\"09:00\",\"closes\":\"20:30\"},{\"@type\":\"OpeningHoursSpecification\",\"dayOfWeek\":[\"Saturday\"],\"opens\":\"10:00\",\"closes\":\"14:00\"},{\"@type\":\"OpeningHoursSpecification\",\"dayOfWeek\":[\"Sunday\"],\"opens\":\"00:00\",\"closes\":\"00:00\"}],\"email\":\"info@cabesota.com\",\"vatID\":\"B05333968\",\"currenciesAccepted\":\"Euro\"},{\"@type\":\"PostalAddress\",\"@id\":\"https:\/\/cabesota.com\/fr\/produit\/abonnement-fromages-cabesota-2024\/#local-main-place-address\",\"streetAddress\":\"C. Torralba, 14, 13260 Bola\u00f1os de Calatrava, Ciudad Real\",\"addressLocality\":\"Bola\u00f1os de Calatrava\",\"postalCode\":\"13260\",\"addressRegion\":\"Ciudad Real\",\"addressCountry\":\"ES\"},{\"@type\":\"ImageObject\",\"inLanguage\":\"fr-FR\",\"@id\":\"https:\/\/cabesota.com\/fr\/produit\/abonnement-fromages-cabesota-2024\/#local-main-organization-logo\",\"url\":\"https:\/\/cabesota.com\/wp-content\/uploads\/2022\/05\/logo-cabesota.png\",\"contentUrl\":\"https:\/\/cabesota.com\/wp-content\/uploads\/2022\/05\/logo-cabesota.png\",\"width\":466,\"height\":113,\"caption\":\"Cabesota quesos\"}]}<\/script>\n<meta name=\"geo.placename\" content=\"Bola\u00f1os de Calatrava\" \/>\n<meta name=\"geo.position\" content=\"38.91110949358342;-3.6694486656672813\" \/>\n<meta name=\"geo.region\" content=\"Espagne\" \/>\n<!-- \/ Yoast SEO plugin. -->","yoast_head_json":{"title":"Abonnement fromages Cabesota 2024 - Cabesota","robots":{"index":"index","follow":"follow","max-snippet":"max-snippet:-1","max-image-preview":"max-image-preview:large","max-video-preview":"max-video-preview:-1"},"canonical":"https:\/\/cabesota.com\/fr\/produit\/abonnement-fromages-cabesota-2024\/","og_locale":"fr_FR","og_type":"article","og_title":"Abonnement fromages Cabesota 2024 - Cabesota","og_description":"Profitez du fromage comme jamais auparavant gr\u00e2ce \u00e0 notre abonnement et recevez chaque mois ou tous les deux mois \u00e0 votre domicile :  1 tranche de fromage \u00e0 p\u00e2te molle de 150-200 g  1 tranche de fromage semi-affin\u00e9 de 150-200 g  1 tranche de fromage affin\u00e9 de 150-200 g  1 tranche de fromage au paprika et \u00e0 l'huile d'olive vierge extra de 150-200 g  1 tranche de fromage proven\u00e7al de 150-200 g  1 mini cro\u00fbtons Choisissez \u00e9galement la version que vous pr\u00e9f\u00e9rez, sal\u00e9e ou sucr\u00e9e, pour b\u00e9n\u00e9ficier de diff\u00e9rents extras. Vous pouvez vous d\u00e9sabonner quand vous le souhaitez. Obtenez notre meilleur fromage au prix d'usine.  Si vous souhaitez remplacer l'une des tranches par une autre saveur, veuillez l'indiquer dans les remarques lors de la commande.","og_url":"https:\/\/cabesota.com\/fr\/produit\/abonnement-fromages-cabesota-2024\/","og_site_name":"Cabesota","og_image":[{"width":1500,"height":1000,"url":"https:\/\/cabesota.com\/wp-content\/uploads\/2024\/11\/40A62401.jpg","type":"image\/jpeg"}],"twitter_card":"summary_large_image","twitter_misc":{"Dur\u00e9e de lecture estim\u00e9e":"1 minute"},"schema":{"@context":"https:\/\/schema.org","@graph":[{"@type":"WebPage","@id":"https:\/\/cabesota.com\/fr\/produit\/abonnement-fromages-cabesota-2024\/","url":"https:\/\/cabesota.com\/fr\/produit\/abonnement-fromages-cabesota-2024\/","name":"Abonnement fromages Cabesota 2024 - Cabesota","isPartOf":{"@id":"http:\/\/cabesota.com\/fr\/#website"},"primaryImageOfPage":{"@id":"https:\/\/cabesota.com\/fr\/produit\/abonnement-fromages-cabesota-2024\/#primaryimage"},"image":{"@id":"https:\/\/cabesota.com\/fr\/produit\/abonnement-fromages-cabesota-2024\/#primaryimage"},"thumbnailUrl":"https:\/\/cabesota.com\/wp-content\/uploads\/2024\/11\/40A62401.jpg","datePublished":"2024-11-19T08:41:18+00:00","breadcrumb":{"@id":"https:\/\/cabesota.com\/fr\/produit\/abonnement-fromages-cabesota-2024\/#breadcrumb"},"inLanguage":"fr-FR","potentialAction":[{"@type":"ReadAction","target":["https:\/\/cabesota.com\/fr\/produit\/abonnement-fromages-cabesota-2024\/"]}]},{"@type":"ImageObject","inLanguage":"fr-FR","@id":"https:\/\/cabesota.com\/fr\/produit\/abonnement-fromages-cabesota-2024\/#primaryimage","url":"https:\/\/cabesota.com\/wp-content\/uploads\/2024\/11\/40A62401.jpg","contentUrl":"https:\/\/cabesota.com\/wp-content\/uploads\/2024\/11\/40A62401.jpg","width":1500,"height":1000},{"@type":"BreadcrumbList","@id":"https:\/\/cabesota.com\/fr\/produit\/abonnement-fromages-cabesota-2024\/#breadcrumb","itemListElement":[{"@type":"ListItem","position":1,"name":"Inicio","item":"https:\/\/cabesota.com\/fr\/portada\/"},{"@type":"ListItem","position":2,"name":"Tienda","item":"http:\/\/cabesota.com\/tienda\/"},{"@type":"ListItem","position":3,"name":"Abonnement fromages Cabesota 2024"}]},{"@type":"WebSite","@id":"http:\/\/cabesota.com\/fr\/#website","url":"http:\/\/cabesota.com\/fr\/","name":"Cabesota","description":"Tienda de quesos","publisher":{"@id":"http:\/\/cabesota.com\/fr\/#organization"},"potentialAction":[{"@type":"SearchAction","target":{"@type":"EntryPoint","urlTemplate":"http:\/\/cabesota.com\/fr\/?s={search_term_string}"},"query-input":{"@type":"PropertyValueSpecification","valueRequired":true,"valueName":"search_term_string"}}],"inLanguage":"fr-FR"},{"@type":["Organization","Place","FoodEstablishment"],"@id":"http:\/\/cabesota.com\/fr\/#organization","name":"Cabesota quesos","url":"http:\/\/cabesota.com\/fr\/","logo":{"@id":"https:\/\/cabesota.com\/fr\/produit\/abonnement-fromages-cabesota-2024\/#local-main-organization-logo"},"image":{"@id":"https:\/\/cabesota.com\/fr\/produit\/abonnement-fromages-cabesota-2024\/#local-main-organization-logo"},"address":{"@id":"https:\/\/cabesota.com\/fr\/produit\/abonnement-fromages-cabesota-2024\/#local-main-place-address"},"geo":{"@type":"GeoCoordinates","latitude":"38.91110949358342","longitude":"-3.6694486656672813"},"telephone":["681 91 16 31","652109758"],"contactPoint":{"@type":"ContactPoint","telephone":"681 91 16 31","email":"info@cabesota.com"},"openingHoursSpecification":[{"@type":"OpeningHoursSpecification","dayOfWeek":["Monday","Tuesday","Wednesday","Thursday","Friday"],"opens":"09:00","closes":"20:30"},{"@type":"OpeningHoursSpecification","dayOfWeek":["Saturday"],"opens":"10:00","closes":"14:00"},{"@type":"OpeningHoursSpecification","dayOfWeek":["Sunday"],"opens":"00:00","closes":"00:00"}],"email":"info@cabesota.com","vatID":"B05333968","currenciesAccepted":"Euro"},{"@type":"PostalAddress","@id":"https:\/\/cabesota.com\/fr\/produit\/abonnement-fromages-cabesota-2024\/#local-main-place-address","streetAddress":"C. Torralba, 14, 13260 Bola\u00f1os de Calatrava, Ciudad Real","addressLocality":"Bola\u00f1os de Calatrava","postalCode":"13260","addressRegion":"Ciudad Real","addressCountry":"ES"},{"@type":"ImageObject","inLanguage":"fr-FR","@id":"https:\/\/cabesota.com\/fr\/produit\/abonnement-fromages-cabesota-2024\/#local-main-organization-logo","url":"https:\/\/cabesota.com\/wp-content\/uploads\/2022\/05\/logo-cabesota.png","contentUrl":"https:\/\/cabesota.com\/wp-content\/uploads\/2022\/05\/logo-cabesota.png","width":466,"height":113,"caption":"Cabesota quesos"}]},"geo.placename":"Bola\u00f1os de Calatrava","geo.position":{"lat":"38.91110949358342","long":"-3.6694486656672813"},"geo.region":"Espagne"},"_links":{"self":[{"href":"https:\/\/cabesota.com\/fr\/wp-json\/wp\/v2\/product\/29566","targetHints":{"allow":["GET"]}}],"collection":[{"href":"https:\/\/cabesota.com\/fr\/wp-json\/wp\/v2\/product"}],"about":[{"href":"https:\/\/cabesota.com\/fr\/wp-json\/wp\/v2\/types\/product"}],"replies":[{"embeddable":true,"href":"https:\/\/cabesota.com\/fr\/wp-json\/wp\/v2\/comments?post=29566"}],"wp:featuredmedia":[{"embeddable":true,"href":"https:\/\/cabesota.com\/fr\/wp-json\/wp\/v2\/media\/28442"}],"wp:attachment":[{"href":"https:\/\/cabesota.com\/fr\/wp-json\/wp\/v2\/media?parent=29566"}],"wp:term":[{"taxonomy":"product_brand","embeddable":true,"href":"https:\/\/cabesota.com\/fr\/wp-json\/wp\/v2\/product_brand?post=29566"},{"taxonomy":"product_cat","embeddable":true,"href":"https:\/\/cabesota.com\/fr\/wp-json\/wp\/v2\/product_cat?post=29566"},{"taxonomy":"product_tag","embeddable":true,"href":"https:\/\/cabesota.com\/fr\/wp-json\/wp\/v2\/product_tag?post=29566"}],"curies":[{"name":"wp","href":"https:\/\/api.w.org\/{rel}","templated":true}]}}