{"id":29570,"date":"2023-12-01T13:53:37","date_gmt":"2023-12-01T13:53:37","guid":{"rendered":"https:\/\/cabesota.com\/fromage-semi-affine-a-la-truffe-noire\/"},"modified":"2023-12-01T13:53:37","modified_gmt":"2023-12-01T13:53:37","slug":"fromage-semi-affine-a-la-truffe-noire","status":"publish","type":"product","link":"https:\/\/cabesota.com\/fr\/produit\/fromage-semi-affine-a-la-truffe-noire\/","title":{"rendered":"Fromage semi-affin\u00e9 \u00e0 la truffe noire"},"content":{"rendered":"","protected":false},"excerpt":{"rendered":"<p><strong>TYPE DE FROMAGE<\/strong> : Semi-affin\u00e9<\/p>\n<p><strong>POIDS APPROXIMATIF PAR TAILLE <\/strong><\/p>\n<table>\n<tbody>\n<tr>\n<td>ENTIER<\/td>\n<td>2,900 Kg &#8211; 3,200 Kg<\/td>\n<\/tr>\n<tr>\n<td>MOITI\u00c9<\/td>\n<td>1,400 Kg &#8211; 1,600 Kg<\/td>\n<\/tr>\n<tr>\n<td>QUART<\/td>\n<td>0,700 Kg &#8211; 0,800 Kg<\/td>\n<\/tr>\n<tr>\n<td>TRANCHE<\/td>\n<td>0,350 Kg &#8211; 0,400 Kg<\/td>\n<\/tr>\n<\/tbody>\n<\/table>\n<p><strong>MARQUE<\/strong>: CabeSota<\/p>\n<p><strong>MATURATION<\/strong>:<strong> 90 jours<\/strong><\/p>\n<p><strong>LAIT DE<\/strong>: brebis<\/p>\n<p><strong>TRAITEMENT DU LAIT<\/strong> : pasteuris\u00e9<\/p>\n<p><strong>ALLERG\u00c8NES <\/strong>: lactose<\/p>\n<p><strong>ORIGINE DU LAIT<\/strong> : Espagne (<strong>provenant d&rsquo;un \u00e9levage familial<\/strong>)<\/p>\n<p><strong>SAVEUR <\/strong>: texture cr\u00e9meuse. Il procure une sensation exquise au palais. La truffe est tr\u00e8s intense. <\/p>\n<p><strong>ACCORD METS-VINS<\/strong> : Ce fromage se marie parfaitement avec des vins rouges moyennement cors\u00e9s tels que le Shyrah et le Merlot.<\/p>\n","protected":false},"featured_media":27115,"comment_status":"open","ping_status":"closed","template":"","meta":{"inline_featured_image":false,"_joinchat":[]},"product_brand":[],"product_cat":[1106,1113],"product_tag":[],"class_list":{"0":"post-29570","1":"product","2":"type-product","3":"status-publish","4":"has-post-thumbnail","6":"product_cat-fromages","7":"product_cat-semi-affine","8":"pa_tamanodelqueso-200-250g-fr","9":"pa_tamanodelqueso-entier","10":"pa_tamanodelqueso-moitie","11":"pa_tamanodelqueso-quart","12":"pa_tamanodelqueso-tranche","13":"has-subscription-plans","15":"first","16":"instock","17":"taxable","18":"shipping-taxable","19":"purchasable","20":"product-type-variable"},"yoast_head":"<!-- This site is optimized with the Yoast SEO plugin v26.6 - https:\/\/yoast.com\/wordpress\/plugins\/seo\/ -->\n<title>Fromage semi-affin\u00e9 \u00e0 la truffe noire - Cabesota<\/title>\n<meta name=\"robots\" content=\"index, follow, max-snippet:-1, max-image-preview:large, max-video-preview:-1\" \/>\n<link rel=\"canonical\" href=\"https:\/\/cabesota.com\/fr\/produit\/fromage-semi-affine-a-la-truffe-noire\/\" \/>\n<meta property=\"og:locale\" content=\"fr_FR\" \/>\n<meta property=\"og:type\" content=\"article\" \/>\n<meta property=\"og:title\" content=\"Fromage semi-affin\u00e9 \u00e0 la truffe noire - Cabesota\" \/>\n<meta property=\"og:description\" content=\"TYPE DE FROMAGE : Semi-affin\u00e9 POIDS APPROXIMATIF PAR TAILLE   ENTIER 2,900 Kg - 3,200 Kg  MOITI\u00c9 1,400 Kg - 1,600 Kg  QUART 0,700 Kg - 0,800 Kg  TRANCHE 0,350 Kg - 0,400 Kg  MARQUE: CabeSota MATURATION: 90 jours LAIT DE: brebis TRAITEMENT DU LAIT : pasteuris\u00e9 ALLERG\u00c8NES : lactose ORIGINE DU LAIT : Espagne (provenant d&#039;un \u00e9levage familial) SAVEUR : texture cr\u00e9meuse. Il procure une sensation exquise au palais. La truffe est tr\u00e8s intense.  ACCORD METS-VINS : Ce fromage se marie parfaitement avec des vins rouges moyennement cors\u00e9s tels que le Shyrah et le Merlot.\" \/>\n<meta property=\"og:url\" content=\"https:\/\/cabesota.com\/fr\/produit\/fromage-semi-affine-a-la-truffe-noire\/\" \/>\n<meta property=\"og:site_name\" content=\"Cabesota\" \/>\n<meta property=\"og:image\" content=\"https:\/\/cabesota.com\/wp-content\/uploads\/2023\/12\/quesotrufa-web.jpg\" \/>\n\t<meta property=\"og:image:width\" content=\"800\" \/>\n\t<meta property=\"og:image:height\" content=\"889\" \/>\n\t<meta property=\"og:image:type\" content=\"image\/jpeg\" \/>\n<meta name=\"twitter:card\" content=\"summary_large_image\" \/>\n<script type=\"application\/ld+json\" class=\"yoast-schema-graph\">{\"@context\":\"https:\/\/schema.org\",\"@graph\":[{\"@type\":\"WebPage\",\"@id\":\"https:\/\/cabesota.com\/fr\/produit\/fromage-semi-affine-a-la-truffe-noire\/\",\"url\":\"https:\/\/cabesota.com\/fr\/produit\/fromage-semi-affine-a-la-truffe-noire\/\",\"name\":\"Fromage semi-affin\u00e9 \u00e0 la truffe noire - Cabesota\",\"isPartOf\":{\"@id\":\"http:\/\/cabesota.com\/fr\/#website\"},\"primaryImageOfPage\":{\"@id\":\"https:\/\/cabesota.com\/fr\/produit\/fromage-semi-affine-a-la-truffe-noire\/#primaryimage\"},\"image\":{\"@id\":\"https:\/\/cabesota.com\/fr\/produit\/fromage-semi-affine-a-la-truffe-noire\/#primaryimage\"},\"thumbnailUrl\":\"https:\/\/cabesota.com\/wp-content\/uploads\/2023\/12\/quesotrufa-web.jpg\",\"datePublished\":\"2023-12-01T13:53:37+00:00\",\"breadcrumb\":{\"@id\":\"https:\/\/cabesota.com\/fr\/produit\/fromage-semi-affine-a-la-truffe-noire\/#breadcrumb\"},\"inLanguage\":\"fr-FR\",\"potentialAction\":[{\"@type\":\"ReadAction\",\"target\":[\"https:\/\/cabesota.com\/fr\/produit\/fromage-semi-affine-a-la-truffe-noire\/\"]}]},{\"@type\":\"ImageObject\",\"inLanguage\":\"fr-FR\",\"@id\":\"https:\/\/cabesota.com\/fr\/produit\/fromage-semi-affine-a-la-truffe-noire\/#primaryimage\",\"url\":\"https:\/\/cabesota.com\/wp-content\/uploads\/2023\/12\/quesotrufa-web.jpg\",\"contentUrl\":\"https:\/\/cabesota.com\/wp-content\/uploads\/2023\/12\/quesotrufa-web.jpg\",\"width\":800,\"height\":889},{\"@type\":\"BreadcrumbList\",\"@id\":\"https:\/\/cabesota.com\/fr\/produit\/fromage-semi-affine-a-la-truffe-noire\/#breadcrumb\",\"itemListElement\":[{\"@type\":\"ListItem\",\"position\":1,\"name\":\"Inicio\",\"item\":\"https:\/\/cabesota.com\/fr\/portada\/\"},{\"@type\":\"ListItem\",\"position\":2,\"name\":\"Tienda\",\"item\":\"http:\/\/cabesota.com\/tienda\/\"},{\"@type\":\"ListItem\",\"position\":3,\"name\":\"Fromage semi-affin\u00e9 \u00e0 la truffe noire\"}]},{\"@type\":\"WebSite\",\"@id\":\"http:\/\/cabesota.com\/fr\/#website\",\"url\":\"http:\/\/cabesota.com\/fr\/\",\"name\":\"Cabesota\",\"description\":\"Tienda de quesos\",\"publisher\":{\"@id\":\"http:\/\/cabesota.com\/fr\/#organization\"},\"potentialAction\":[{\"@type\":\"SearchAction\",\"target\":{\"@type\":\"EntryPoint\",\"urlTemplate\":\"http:\/\/cabesota.com\/fr\/?s={search_term_string}\"},\"query-input\":{\"@type\":\"PropertyValueSpecification\",\"valueRequired\":true,\"valueName\":\"search_term_string\"}}],\"inLanguage\":\"fr-FR\"},{\"@type\":[\"Organization\",\"Place\",\"FoodEstablishment\"],\"@id\":\"http:\/\/cabesota.com\/fr\/#organization\",\"name\":\"Cabesota quesos\",\"url\":\"http:\/\/cabesota.com\/fr\/\",\"logo\":{\"@id\":\"https:\/\/cabesota.com\/fr\/produit\/fromage-semi-affine-a-la-truffe-noire\/#local-main-organization-logo\"},\"image\":{\"@id\":\"https:\/\/cabesota.com\/fr\/produit\/fromage-semi-affine-a-la-truffe-noire\/#local-main-organization-logo\"},\"address\":{\"@id\":\"https:\/\/cabesota.com\/fr\/produit\/fromage-semi-affine-a-la-truffe-noire\/#local-main-place-address\"},\"geo\":{\"@type\":\"GeoCoordinates\",\"latitude\":\"38.91110949358342\",\"longitude\":\"-3.6694486656672813\"},\"telephone\":[\"681 91 16 31\",\"652109758\"],\"contactPoint\":{\"@type\":\"ContactPoint\",\"telephone\":\"681 91 16 31\",\"email\":\"info@cabesota.com\"},\"openingHoursSpecification\":[{\"@type\":\"OpeningHoursSpecification\",\"dayOfWeek\":[\"Monday\",\"Tuesday\",\"Wednesday\",\"Thursday\",\"Friday\"],\"opens\":\"09:00\",\"closes\":\"20:30\"},{\"@type\":\"OpeningHoursSpecification\",\"dayOfWeek\":[\"Saturday\"],\"opens\":\"10:00\",\"closes\":\"14:00\"},{\"@type\":\"OpeningHoursSpecification\",\"dayOfWeek\":[\"Sunday\"],\"opens\":\"00:00\",\"closes\":\"00:00\"}],\"email\":\"info@cabesota.com\",\"vatID\":\"B05333968\",\"currenciesAccepted\":\"Euro\"},{\"@type\":\"PostalAddress\",\"@id\":\"https:\/\/cabesota.com\/fr\/produit\/fromage-semi-affine-a-la-truffe-noire\/#local-main-place-address\",\"streetAddress\":\"C. Torralba, 14, 13260 Bola\u00f1os de Calatrava, Ciudad Real\",\"addressLocality\":\"Bola\u00f1os de Calatrava\",\"postalCode\":\"13260\",\"addressRegion\":\"Ciudad Real\",\"addressCountry\":\"ES\"},{\"@type\":\"ImageObject\",\"inLanguage\":\"fr-FR\",\"@id\":\"https:\/\/cabesota.com\/fr\/produit\/fromage-semi-affine-a-la-truffe-noire\/#local-main-organization-logo\",\"url\":\"https:\/\/cabesota.com\/wp-content\/uploads\/2022\/05\/logo-cabesota.png\",\"contentUrl\":\"https:\/\/cabesota.com\/wp-content\/uploads\/2022\/05\/logo-cabesota.png\",\"width\":466,\"height\":113,\"caption\":\"Cabesota quesos\"}]}<\/script>\n<meta name=\"geo.placename\" content=\"Bola\u00f1os de Calatrava\" \/>\n<meta name=\"geo.position\" content=\"38.91110949358342;-3.6694486656672813\" \/>\n<meta name=\"geo.region\" content=\"Espagne\" \/>\n<!-- \/ Yoast SEO plugin. -->","yoast_head_json":{"title":"Fromage semi-affin\u00e9 \u00e0 la truffe noire - Cabesota","robots":{"index":"index","follow":"follow","max-snippet":"max-snippet:-1","max-image-preview":"max-image-preview:large","max-video-preview":"max-video-preview:-1"},"canonical":"https:\/\/cabesota.com\/fr\/produit\/fromage-semi-affine-a-la-truffe-noire\/","og_locale":"fr_FR","og_type":"article","og_title":"Fromage semi-affin\u00e9 \u00e0 la truffe noire - Cabesota","og_description":"TYPE DE FROMAGE : Semi-affin\u00e9 POIDS APPROXIMATIF PAR TAILLE   ENTIER 2,900 Kg - 3,200 Kg  MOITI\u00c9 1,400 Kg - 1,600 Kg  QUART 0,700 Kg - 0,800 Kg  TRANCHE 0,350 Kg - 0,400 Kg  MARQUE: CabeSota MATURATION: 90 jours LAIT DE: brebis TRAITEMENT DU LAIT : pasteuris\u00e9 ALLERG\u00c8NES : lactose ORIGINE DU LAIT : Espagne (provenant d'un \u00e9levage familial) SAVEUR : texture cr\u00e9meuse. Il procure une sensation exquise au palais. La truffe est tr\u00e8s intense.  ACCORD METS-VINS : Ce fromage se marie parfaitement avec des vins rouges moyennement cors\u00e9s tels que le Shyrah et le Merlot.","og_url":"https:\/\/cabesota.com\/fr\/produit\/fromage-semi-affine-a-la-truffe-noire\/","og_site_name":"Cabesota","og_image":[{"width":800,"height":889,"url":"https:\/\/cabesota.com\/wp-content\/uploads\/2023\/12\/quesotrufa-web.jpg","type":"image\/jpeg"}],"twitter_card":"summary_large_image","schema":{"@context":"https:\/\/schema.org","@graph":[{"@type":"WebPage","@id":"https:\/\/cabesota.com\/fr\/produit\/fromage-semi-affine-a-la-truffe-noire\/","url":"https:\/\/cabesota.com\/fr\/produit\/fromage-semi-affine-a-la-truffe-noire\/","name":"Fromage semi-affin\u00e9 \u00e0 la truffe noire - Cabesota","isPartOf":{"@id":"http:\/\/cabesota.com\/fr\/#website"},"primaryImageOfPage":{"@id":"https:\/\/cabesota.com\/fr\/produit\/fromage-semi-affine-a-la-truffe-noire\/#primaryimage"},"image":{"@id":"https:\/\/cabesota.com\/fr\/produit\/fromage-semi-affine-a-la-truffe-noire\/#primaryimage"},"thumbnailUrl":"https:\/\/cabesota.com\/wp-content\/uploads\/2023\/12\/quesotrufa-web.jpg","datePublished":"2023-12-01T13:53:37+00:00","breadcrumb":{"@id":"https:\/\/cabesota.com\/fr\/produit\/fromage-semi-affine-a-la-truffe-noire\/#breadcrumb"},"inLanguage":"fr-FR","potentialAction":[{"@type":"ReadAction","target":["https:\/\/cabesota.com\/fr\/produit\/fromage-semi-affine-a-la-truffe-noire\/"]}]},{"@type":"ImageObject","inLanguage":"fr-FR","@id":"https:\/\/cabesota.com\/fr\/produit\/fromage-semi-affine-a-la-truffe-noire\/#primaryimage","url":"https:\/\/cabesota.com\/wp-content\/uploads\/2023\/12\/quesotrufa-web.jpg","contentUrl":"https:\/\/cabesota.com\/wp-content\/uploads\/2023\/12\/quesotrufa-web.jpg","width":800,"height":889},{"@type":"BreadcrumbList","@id":"https:\/\/cabesota.com\/fr\/produit\/fromage-semi-affine-a-la-truffe-noire\/#breadcrumb","itemListElement":[{"@type":"ListItem","position":1,"name":"Inicio","item":"https:\/\/cabesota.com\/fr\/portada\/"},{"@type":"ListItem","position":2,"name":"Tienda","item":"http:\/\/cabesota.com\/tienda\/"},{"@type":"ListItem","position":3,"name":"Fromage semi-affin\u00e9 \u00e0 la truffe noire"}]},{"@type":"WebSite","@id":"http:\/\/cabesota.com\/fr\/#website","url":"http:\/\/cabesota.com\/fr\/","name":"Cabesota","description":"Tienda de quesos","publisher":{"@id":"http:\/\/cabesota.com\/fr\/#organization"},"potentialAction":[{"@type":"SearchAction","target":{"@type":"EntryPoint","urlTemplate":"http:\/\/cabesota.com\/fr\/?s={search_term_string}"},"query-input":{"@type":"PropertyValueSpecification","valueRequired":true,"valueName":"search_term_string"}}],"inLanguage":"fr-FR"},{"@type":["Organization","Place","FoodEstablishment"],"@id":"http:\/\/cabesota.com\/fr\/#organization","name":"Cabesota quesos","url":"http:\/\/cabesota.com\/fr\/","logo":{"@id":"https:\/\/cabesota.com\/fr\/produit\/fromage-semi-affine-a-la-truffe-noire\/#local-main-organization-logo"},"image":{"@id":"https:\/\/cabesota.com\/fr\/produit\/fromage-semi-affine-a-la-truffe-noire\/#local-main-organization-logo"},"address":{"@id":"https:\/\/cabesota.com\/fr\/produit\/fromage-semi-affine-a-la-truffe-noire\/#local-main-place-address"},"geo":{"@type":"GeoCoordinates","latitude":"38.91110949358342","longitude":"-3.6694486656672813"},"telephone":["681 91 16 31","652109758"],"contactPoint":{"@type":"ContactPoint","telephone":"681 91 16 31","email":"info@cabesota.com"},"openingHoursSpecification":[{"@type":"OpeningHoursSpecification","dayOfWeek":["Monday","Tuesday","Wednesday","Thursday","Friday"],"opens":"09:00","closes":"20:30"},{"@type":"OpeningHoursSpecification","dayOfWeek":["Saturday"],"opens":"10:00","closes":"14:00"},{"@type":"OpeningHoursSpecification","dayOfWeek":["Sunday"],"opens":"00:00","closes":"00:00"}],"email":"info@cabesota.com","vatID":"B05333968","currenciesAccepted":"Euro"},{"@type":"PostalAddress","@id":"https:\/\/cabesota.com\/fr\/produit\/fromage-semi-affine-a-la-truffe-noire\/#local-main-place-address","streetAddress":"C. Torralba, 14, 13260 Bola\u00f1os de Calatrava, Ciudad Real","addressLocality":"Bola\u00f1os de Calatrava","postalCode":"13260","addressRegion":"Ciudad Real","addressCountry":"ES"},{"@type":"ImageObject","inLanguage":"fr-FR","@id":"https:\/\/cabesota.com\/fr\/produit\/fromage-semi-affine-a-la-truffe-noire\/#local-main-organization-logo","url":"https:\/\/cabesota.com\/wp-content\/uploads\/2022\/05\/logo-cabesota.png","contentUrl":"https:\/\/cabesota.com\/wp-content\/uploads\/2022\/05\/logo-cabesota.png","width":466,"height":113,"caption":"Cabesota quesos"}]},"geo.placename":"Bola\u00f1os de Calatrava","geo.position":{"lat":"38.91110949358342","long":"-3.6694486656672813"},"geo.region":"Espagne"},"_links":{"self":[{"href":"https:\/\/cabesota.com\/fr\/wp-json\/wp\/v2\/product\/29570","targetHints":{"allow":["GET"]}}],"collection":[{"href":"https:\/\/cabesota.com\/fr\/wp-json\/wp\/v2\/product"}],"about":[{"href":"https:\/\/cabesota.com\/fr\/wp-json\/wp\/v2\/types\/product"}],"replies":[{"embeddable":true,"href":"https:\/\/cabesota.com\/fr\/wp-json\/wp\/v2\/comments?post=29570"}],"wp:featuredmedia":[{"embeddable":true,"href":"https:\/\/cabesota.com\/fr\/wp-json\/wp\/v2\/media\/27115"}],"wp:attachment":[{"href":"https:\/\/cabesota.com\/fr\/wp-json\/wp\/v2\/media?parent=29570"}],"wp:term":[{"taxonomy":"product_brand","embeddable":true,"href":"https:\/\/cabesota.com\/fr\/wp-json\/wp\/v2\/product_brand?post=29570"},{"taxonomy":"product_cat","embeddable":true,"href":"https:\/\/cabesota.com\/fr\/wp-json\/wp\/v2\/product_cat?post=29570"},{"taxonomy":"product_tag","embeddable":true,"href":"https:\/\/cabesota.com\/fr\/wp-json\/wp\/v2\/product_tag?post=29570"}],"curies":[{"name":"wp","href":"https:\/\/api.w.org\/{rel}","templated":true}]}}