{"id":29578,"date":"2022-05-10T05:28:40","date_gmt":"2022-05-10T05:28:40","guid":{"rendered":"https:\/\/cabesota.com\/abonnement-panier-de-fromages-pour-couples\/"},"modified":"2022-05-10T05:28:40","modified_gmt":"2022-05-10T05:28:40","slug":"abonnement-panier-de-fromages-pour-couples","status":"publish","type":"product","link":"https:\/\/cabesota.com\/fr\/produit\/abonnement-panier-de-fromages-pour-couples\/","title":{"rendered":"Abonnement Panier de fromages pour couples"},"content":{"rendered":"","protected":false},"excerpt":{"rendered":"<p>Profitez du fromage comme jamais auparavant gr\u00e2ce \u00e0 <strong>notre abonnement pour les couples (ou les c\u00e9libataires qui aiment le fromage) et recevez chaque mois chez vous<\/strong> :<\/p>\n<p>1 morceau de fromage \u00e0 p\u00e2te molle d&rsquo;environ 150-200 g.<\/p>\n<p>1 morceau de fromage semi-affin\u00e9 d&rsquo;environ 150-200 g.<\/p>\n<p>1 morceau de fromage affin\u00e9 d&rsquo;environ 150-200 g.<\/p>\n<p>1 morceau de fromage au paprika et \u00e0 l&rsquo;huile d&rsquo;olive vierge d&rsquo;environ 150-200 g.<\/p>\n<p>1 pquet de b\u00e2tonnets de pain<\/p>\n<p>1 cadeau surprise chaque mois (1er mois : mousse au foie gras de canard)<\/p>\n<p>Vous pouvez <strong>vous d\u00e9sabonner quand vous le souhaitez<\/strong>. Obtenez notre meilleur fromage <strong>au prix d&rsquo;usine<\/strong>. <\/p>\n","protected":false},"featured_media":25242,"comment_status":"open","ping_status":"closed","template":"","meta":{"inline_featured_image":false,"_joinchat":[]},"product_brand":[],"product_cat":[1114],"product_tag":[],"class_list":{"0":"post-29578","1":"product","2":"type-product","3":"status-publish","4":"has-post-thumbnail","6":"product_cat-suscripcion-fr","7":"product_shipping_class-supplement-abonnement-baleares","9":"first","10":"instock","11":"sold-individually","12":"taxable","13":"shipping-taxable","14":"purchasable","15":"product-type-variable-subscription"},"yoast_head":"<!-- This site is optimized with the Yoast SEO plugin v26.6 - https:\/\/yoast.com\/wordpress\/plugins\/seo\/ -->\n<title>Abonnement Panier de fromages pour couples - Cabesota<\/title>\n<meta name=\"robots\" content=\"index, follow, max-snippet:-1, max-image-preview:large, max-video-preview:-1\" \/>\n<link rel=\"canonical\" href=\"https:\/\/cabesota.com\/fr\/produit\/abonnement-panier-de-fromages-pour-couples\/\" \/>\n<meta property=\"og:locale\" content=\"fr_FR\" \/>\n<meta property=\"og:type\" content=\"article\" \/>\n<meta property=\"og:title\" content=\"Abonnement Panier de fromages pour couples - Cabesota\" \/>\n<meta property=\"og:description\" content=\"Profitez du fromage comme jamais auparavant gr\u00e2ce \u00e0 notre abonnement pour les couples (ou les c\u00e9libataires qui aiment le fromage) et recevez chaque mois chez vous : 1 morceau de fromage \u00e0 p\u00e2te molle d&#039;environ 150-200 g. 1 morceau de fromage semi-affin\u00e9 d&#039;environ 150-200 g. 1 morceau de fromage affin\u00e9 d&#039;environ 150-200 g. 1 morceau de fromage au paprika et \u00e0 l&#039;huile d&#039;olive vierge d&#039;environ 150-200 g. 1 pquet de b\u00e2tonnets de pain 1 cadeau surprise chaque mois (1er mois : mousse au foie gras de canard) Vous pouvez vous d\u00e9sabonner quand vous le souhaitez. Obtenez notre meilleur fromage au prix d&#039;usine.\" \/>\n<meta property=\"og:url\" content=\"https:\/\/cabesota.com\/fr\/produit\/abonnement-panier-de-fromages-pour-couples\/\" \/>\n<meta property=\"og:site_name\" content=\"Cabesota\" \/>\n<meta property=\"og:image\" content=\"https:\/\/cabesota.com\/wp-content\/uploads\/2021\/05\/672-Suscripcion-Quesos-Parejas.jpg\" \/>\n\t<meta property=\"og:image:width\" content=\"1080\" \/>\n\t<meta property=\"og:image:height\" content=\"1080\" \/>\n\t<meta property=\"og:image:type\" content=\"image\/jpeg\" \/>\n<meta name=\"twitter:card\" content=\"summary_large_image\" \/>\n<script type=\"application\/ld+json\" class=\"yoast-schema-graph\">{\"@context\":\"https:\/\/schema.org\",\"@graph\":[{\"@type\":\"WebPage\",\"@id\":\"https:\/\/cabesota.com\/fr\/produit\/abonnement-panier-de-fromages-pour-couples\/\",\"url\":\"https:\/\/cabesota.com\/fr\/produit\/abonnement-panier-de-fromages-pour-couples\/\",\"name\":\"Abonnement Panier de fromages pour couples - Cabesota\",\"isPartOf\":{\"@id\":\"http:\/\/cabesota.com\/fr\/#website\"},\"primaryImageOfPage\":{\"@id\":\"https:\/\/cabesota.com\/fr\/produit\/abonnement-panier-de-fromages-pour-couples\/#primaryimage\"},\"image\":{\"@id\":\"https:\/\/cabesota.com\/fr\/produit\/abonnement-panier-de-fromages-pour-couples\/#primaryimage\"},\"thumbnailUrl\":\"https:\/\/cabesota.com\/wp-content\/uploads\/2021\/05\/672-Suscripcion-Quesos-Parejas.jpg\",\"datePublished\":\"2022-05-10T05:28:40+00:00\",\"breadcrumb\":{\"@id\":\"https:\/\/cabesota.com\/fr\/produit\/abonnement-panier-de-fromages-pour-couples\/#breadcrumb\"},\"inLanguage\":\"fr-FR\",\"potentialAction\":[{\"@type\":\"ReadAction\",\"target\":[\"https:\/\/cabesota.com\/fr\/produit\/abonnement-panier-de-fromages-pour-couples\/\"]}]},{\"@type\":\"ImageObject\",\"inLanguage\":\"fr-FR\",\"@id\":\"https:\/\/cabesota.com\/fr\/produit\/abonnement-panier-de-fromages-pour-couples\/#primaryimage\",\"url\":\"https:\/\/cabesota.com\/wp-content\/uploads\/2021\/05\/672-Suscripcion-Quesos-Parejas.jpg\",\"contentUrl\":\"https:\/\/cabesota.com\/wp-content\/uploads\/2021\/05\/672-Suscripcion-Quesos-Parejas.jpg\",\"width\":1080,\"height\":1080},{\"@type\":\"BreadcrumbList\",\"@id\":\"https:\/\/cabesota.com\/fr\/produit\/abonnement-panier-de-fromages-pour-couples\/#breadcrumb\",\"itemListElement\":[{\"@type\":\"ListItem\",\"position\":1,\"name\":\"Inicio\",\"item\":\"https:\/\/cabesota.com\/fr\/portada\/\"},{\"@type\":\"ListItem\",\"position\":2,\"name\":\"Tienda\",\"item\":\"http:\/\/cabesota.com\/tienda\/\"},{\"@type\":\"ListItem\",\"position\":3,\"name\":\"Abonnement Panier de fromages pour couples\"}]},{\"@type\":\"WebSite\",\"@id\":\"http:\/\/cabesota.com\/fr\/#website\",\"url\":\"http:\/\/cabesota.com\/fr\/\",\"name\":\"Cabesota\",\"description\":\"Tienda de quesos\",\"publisher\":{\"@id\":\"http:\/\/cabesota.com\/fr\/#organization\"},\"potentialAction\":[{\"@type\":\"SearchAction\",\"target\":{\"@type\":\"EntryPoint\",\"urlTemplate\":\"http:\/\/cabesota.com\/fr\/?s={search_term_string}\"},\"query-input\":{\"@type\":\"PropertyValueSpecification\",\"valueRequired\":true,\"valueName\":\"search_term_string\"}}],\"inLanguage\":\"fr-FR\"},{\"@type\":[\"Organization\",\"Place\",\"FoodEstablishment\"],\"@id\":\"http:\/\/cabesota.com\/fr\/#organization\",\"name\":\"Cabesota quesos\",\"url\":\"http:\/\/cabesota.com\/fr\/\",\"logo\":{\"@id\":\"https:\/\/cabesota.com\/fr\/produit\/abonnement-panier-de-fromages-pour-couples\/#local-main-organization-logo\"},\"image\":{\"@id\":\"https:\/\/cabesota.com\/fr\/produit\/abonnement-panier-de-fromages-pour-couples\/#local-main-organization-logo\"},\"address\":{\"@id\":\"https:\/\/cabesota.com\/fr\/produit\/abonnement-panier-de-fromages-pour-couples\/#local-main-place-address\"},\"geo\":{\"@type\":\"GeoCoordinates\",\"latitude\":\"38.91110949358342\",\"longitude\":\"-3.6694486656672813\"},\"telephone\":[\"681 91 16 31\",\"652109758\"],\"contactPoint\":{\"@type\":\"ContactPoint\",\"telephone\":\"681 91 16 31\",\"email\":\"info@cabesota.com\"},\"openingHoursSpecification\":[{\"@type\":\"OpeningHoursSpecification\",\"dayOfWeek\":[\"Monday\",\"Tuesday\",\"Wednesday\",\"Thursday\",\"Friday\"],\"opens\":\"09:00\",\"closes\":\"20:30\"},{\"@type\":\"OpeningHoursSpecification\",\"dayOfWeek\":[\"Saturday\"],\"opens\":\"10:00\",\"closes\":\"14:00\"},{\"@type\":\"OpeningHoursSpecification\",\"dayOfWeek\":[\"Sunday\"],\"opens\":\"00:00\",\"closes\":\"00:00\"}],\"email\":\"info@cabesota.com\",\"vatID\":\"B05333968\",\"currenciesAccepted\":\"Euro\"},{\"@type\":\"PostalAddress\",\"@id\":\"https:\/\/cabesota.com\/fr\/produit\/abonnement-panier-de-fromages-pour-couples\/#local-main-place-address\",\"streetAddress\":\"C. Torralba, 14, 13260 Bola\u00f1os de Calatrava, Ciudad Real\",\"addressLocality\":\"Bola\u00f1os de Calatrava\",\"postalCode\":\"13260\",\"addressRegion\":\"Ciudad Real\",\"addressCountry\":\"ES\"},{\"@type\":\"ImageObject\",\"inLanguage\":\"fr-FR\",\"@id\":\"https:\/\/cabesota.com\/fr\/produit\/abonnement-panier-de-fromages-pour-couples\/#local-main-organization-logo\",\"url\":\"https:\/\/cabesota.com\/wp-content\/uploads\/2022\/05\/logo-cabesota.png\",\"contentUrl\":\"https:\/\/cabesota.com\/wp-content\/uploads\/2022\/05\/logo-cabesota.png\",\"width\":466,\"height\":113,\"caption\":\"Cabesota quesos\"}]}<\/script>\n<meta name=\"geo.placename\" content=\"Bola\u00f1os de Calatrava\" \/>\n<meta name=\"geo.position\" content=\"38.91110949358342;-3.6694486656672813\" \/>\n<meta name=\"geo.region\" content=\"Espagne\" \/>\n<!-- \/ Yoast SEO plugin. -->","yoast_head_json":{"title":"Abonnement Panier de fromages pour couples - Cabesota","robots":{"index":"index","follow":"follow","max-snippet":"max-snippet:-1","max-image-preview":"max-image-preview:large","max-video-preview":"max-video-preview:-1"},"canonical":"https:\/\/cabesota.com\/fr\/produit\/abonnement-panier-de-fromages-pour-couples\/","og_locale":"fr_FR","og_type":"article","og_title":"Abonnement Panier de fromages pour couples - Cabesota","og_description":"Profitez du fromage comme jamais auparavant gr\u00e2ce \u00e0 notre abonnement pour les couples (ou les c\u00e9libataires qui aiment le fromage) et recevez chaque mois chez vous : 1 morceau de fromage \u00e0 p\u00e2te molle d'environ 150-200 g. 1 morceau de fromage semi-affin\u00e9 d'environ 150-200 g. 1 morceau de fromage affin\u00e9 d'environ 150-200 g. 1 morceau de fromage au paprika et \u00e0 l'huile d'olive vierge d'environ 150-200 g. 1 pquet de b\u00e2tonnets de pain 1 cadeau surprise chaque mois (1er mois : mousse au foie gras de canard) Vous pouvez vous d\u00e9sabonner quand vous le souhaitez. Obtenez notre meilleur fromage au prix d'usine.","og_url":"https:\/\/cabesota.com\/fr\/produit\/abonnement-panier-de-fromages-pour-couples\/","og_site_name":"Cabesota","og_image":[{"width":1080,"height":1080,"url":"https:\/\/cabesota.com\/wp-content\/uploads\/2021\/05\/672-Suscripcion-Quesos-Parejas.jpg","type":"image\/jpeg"}],"twitter_card":"summary_large_image","schema":{"@context":"https:\/\/schema.org","@graph":[{"@type":"WebPage","@id":"https:\/\/cabesota.com\/fr\/produit\/abonnement-panier-de-fromages-pour-couples\/","url":"https:\/\/cabesota.com\/fr\/produit\/abonnement-panier-de-fromages-pour-couples\/","name":"Abonnement Panier de fromages pour couples - Cabesota","isPartOf":{"@id":"http:\/\/cabesota.com\/fr\/#website"},"primaryImageOfPage":{"@id":"https:\/\/cabesota.com\/fr\/produit\/abonnement-panier-de-fromages-pour-couples\/#primaryimage"},"image":{"@id":"https:\/\/cabesota.com\/fr\/produit\/abonnement-panier-de-fromages-pour-couples\/#primaryimage"},"thumbnailUrl":"https:\/\/cabesota.com\/wp-content\/uploads\/2021\/05\/672-Suscripcion-Quesos-Parejas.jpg","datePublished":"2022-05-10T05:28:40+00:00","breadcrumb":{"@id":"https:\/\/cabesota.com\/fr\/produit\/abonnement-panier-de-fromages-pour-couples\/#breadcrumb"},"inLanguage":"fr-FR","potentialAction":[{"@type":"ReadAction","target":["https:\/\/cabesota.com\/fr\/produit\/abonnement-panier-de-fromages-pour-couples\/"]}]},{"@type":"ImageObject","inLanguage":"fr-FR","@id":"https:\/\/cabesota.com\/fr\/produit\/abonnement-panier-de-fromages-pour-couples\/#primaryimage","url":"https:\/\/cabesota.com\/wp-content\/uploads\/2021\/05\/672-Suscripcion-Quesos-Parejas.jpg","contentUrl":"https:\/\/cabesota.com\/wp-content\/uploads\/2021\/05\/672-Suscripcion-Quesos-Parejas.jpg","width":1080,"height":1080},{"@type":"BreadcrumbList","@id":"https:\/\/cabesota.com\/fr\/produit\/abonnement-panier-de-fromages-pour-couples\/#breadcrumb","itemListElement":[{"@type":"ListItem","position":1,"name":"Inicio","item":"https:\/\/cabesota.com\/fr\/portada\/"},{"@type":"ListItem","position":2,"name":"Tienda","item":"http:\/\/cabesota.com\/tienda\/"},{"@type":"ListItem","position":3,"name":"Abonnement Panier de fromages pour couples"}]},{"@type":"WebSite","@id":"http:\/\/cabesota.com\/fr\/#website","url":"http:\/\/cabesota.com\/fr\/","name":"Cabesota","description":"Tienda de quesos","publisher":{"@id":"http:\/\/cabesota.com\/fr\/#organization"},"potentialAction":[{"@type":"SearchAction","target":{"@type":"EntryPoint","urlTemplate":"http:\/\/cabesota.com\/fr\/?s={search_term_string}"},"query-input":{"@type":"PropertyValueSpecification","valueRequired":true,"valueName":"search_term_string"}}],"inLanguage":"fr-FR"},{"@type":["Organization","Place","FoodEstablishment"],"@id":"http:\/\/cabesota.com\/fr\/#organization","name":"Cabesota quesos","url":"http:\/\/cabesota.com\/fr\/","logo":{"@id":"https:\/\/cabesota.com\/fr\/produit\/abonnement-panier-de-fromages-pour-couples\/#local-main-organization-logo"},"image":{"@id":"https:\/\/cabesota.com\/fr\/produit\/abonnement-panier-de-fromages-pour-couples\/#local-main-organization-logo"},"address":{"@id":"https:\/\/cabesota.com\/fr\/produit\/abonnement-panier-de-fromages-pour-couples\/#local-main-place-address"},"geo":{"@type":"GeoCoordinates","latitude":"38.91110949358342","longitude":"-3.6694486656672813"},"telephone":["681 91 16 31","652109758"],"contactPoint":{"@type":"ContactPoint","telephone":"681 91 16 31","email":"info@cabesota.com"},"openingHoursSpecification":[{"@type":"OpeningHoursSpecification","dayOfWeek":["Monday","Tuesday","Wednesday","Thursday","Friday"],"opens":"09:00","closes":"20:30"},{"@type":"OpeningHoursSpecification","dayOfWeek":["Saturday"],"opens":"10:00","closes":"14:00"},{"@type":"OpeningHoursSpecification","dayOfWeek":["Sunday"],"opens":"00:00","closes":"00:00"}],"email":"info@cabesota.com","vatID":"B05333968","currenciesAccepted":"Euro"},{"@type":"PostalAddress","@id":"https:\/\/cabesota.com\/fr\/produit\/abonnement-panier-de-fromages-pour-couples\/#local-main-place-address","streetAddress":"C. Torralba, 14, 13260 Bola\u00f1os de Calatrava, Ciudad Real","addressLocality":"Bola\u00f1os de Calatrava","postalCode":"13260","addressRegion":"Ciudad Real","addressCountry":"ES"},{"@type":"ImageObject","inLanguage":"fr-FR","@id":"https:\/\/cabesota.com\/fr\/produit\/abonnement-panier-de-fromages-pour-couples\/#local-main-organization-logo","url":"https:\/\/cabesota.com\/wp-content\/uploads\/2022\/05\/logo-cabesota.png","contentUrl":"https:\/\/cabesota.com\/wp-content\/uploads\/2022\/05\/logo-cabesota.png","width":466,"height":113,"caption":"Cabesota quesos"}]},"geo.placename":"Bola\u00f1os de Calatrava","geo.position":{"lat":"38.91110949358342","long":"-3.6694486656672813"},"geo.region":"Espagne"},"_links":{"self":[{"href":"https:\/\/cabesota.com\/fr\/wp-json\/wp\/v2\/product\/29578","targetHints":{"allow":["GET"]}}],"collection":[{"href":"https:\/\/cabesota.com\/fr\/wp-json\/wp\/v2\/product"}],"about":[{"href":"https:\/\/cabesota.com\/fr\/wp-json\/wp\/v2\/types\/product"}],"replies":[{"embeddable":true,"href":"https:\/\/cabesota.com\/fr\/wp-json\/wp\/v2\/comments?post=29578"}],"wp:featuredmedia":[{"embeddable":true,"href":"https:\/\/cabesota.com\/fr\/wp-json\/wp\/v2\/media\/25242"}],"wp:attachment":[{"href":"https:\/\/cabesota.com\/fr\/wp-json\/wp\/v2\/media?parent=29578"}],"wp:term":[{"taxonomy":"product_brand","embeddable":true,"href":"https:\/\/cabesota.com\/fr\/wp-json\/wp\/v2\/product_brand?post=29578"},{"taxonomy":"product_cat","embeddable":true,"href":"https:\/\/cabesota.com\/fr\/wp-json\/wp\/v2\/product_cat?post=29578"},{"taxonomy":"product_tag","embeddable":true,"href":"https:\/\/cabesota.com\/fr\/wp-json\/wp\/v2\/product_tag?post=29578"}],"curies":[{"name":"wp","href":"https:\/\/api.w.org\/{rel}","templated":true}]}}