{"id":29600,"date":"2022-02-03T20:03:59","date_gmt":"2022-02-03T20:03:59","guid":{"rendered":"https:\/\/cabesota.com\/lot-diner-enamorados-platino\/"},"modified":"2022-02-03T20:03:59","modified_gmt":"2022-02-03T20:03:59","slug":"lot-diner-enamorados-platino","status":"publish","type":"product","link":"https:\/\/cabesota.com\/fr\/produit\/lot-diner-enamorados-platino\/","title":{"rendered":"Lot d\u00eener Enamorados Platino"},"content":{"rendered":"<p>Lot \u00ab amoureux \u00bb compos\u00e9 de :<\/p>\n<p>*Morceau de fromage affin\u00e9 (200 &#8211; 250 g)<\/p>\n<p>*Morceau de fromage au beurre et au romarin (200-250 g)<\/p>\n<p>*Morceau de fromage semi-affin\u00e9 (200-250 g)<\/p>\n<p>*Cr\u00e8me au fromage et aux c\u00e8pes<\/p>\n<p>*Rose rouge naturelle<\/p>\n<p>*Brut Louis perdrier<\/p>\n<p>*Huile d&rsquo;olive vierge extra Palacio de los olivos 500 ml<\/p>\n<p>*Larmes de pain 150 g<\/p>\n<p>*Carte pour les amoureux pour y inscrire un petit mot<\/p>\n<p>*Coffret cadeau<\/p>\n","protected":false},"excerpt":{"rendered":"<p><strong>Quoi de mieux pour accompagner votre d\u00eener en amoureux qu&rsquo;un plateau de fromages Cabesota ?<\/strong><\/p>\n<p>Imaginez : un centre de table compos\u00e9 d&rsquo;un plateau de fromages \u00e0 la lueur d&rsquo;une bougie et d&rsquo;une rose naturelle, accompagn\u00e9 de notre d\u00e9licieuse cr\u00e8me maison. En outre, un morceau de fromage semi-affin\u00e9, affin\u00e9 et au beurre et au romarin (poids approx. 200-250 g) et des morceaux de pain. <\/p>\n<p>Ce fromage peut \u00eatre accompagn\u00e9 de la d\u00e9licieuse huile d&rsquo;olive Palacio de los olivos, laur\u00e9ate de plusieurs prix internationaux. Une seule goutte suffit pour donner au fromage une touche particuli\u00e8re. <\/p>\n<p>Et pour accompagner ? Une bouteille de brut Louis Perdrier. <\/p>\n<p><strong>Carte cadeau<\/strong> sur laquelle vous pouvez inscrire votre d\u00e9dicace<\/p>\n","protected":false},"featured_media":28198,"comment_status":"open","ping_status":"closed","template":"","meta":{"inline_featured_image":false,"_joinchat":[]},"product_brand":[],"product_cat":[1121],"product_tag":[],"class_list":{"0":"post-29600","1":"product","2":"type-product","3":"status-publish","4":"has-post-thumbnail","6":"product_cat-paniers-gourmand","7":"pa_tamanodelascunas-120g-150g-fr","8":"pa_tamanodelascunas-200g-250g-fr","9":"pa_tamanodelascunas-350g-400g-fr","10":"pa_tipodecrema-boletus-fr","11":"pa_tipodecrema-chili-fr","12":"pa_tipodecrema-paysanne","13":"pa_tipodecrema-raisins-secs","14":"pa_tipodecrema-semi-affine","15":"has-subscription-plans","17":"first","18":"instock","19":"sale","20":"taxable","21":"shipping-taxable","22":"purchasable","23":"product-type-simple"},"yoast_head":"<!-- This site is optimized with the Yoast SEO plugin v26.6 - https:\/\/yoast.com\/wordpress\/plugins\/seo\/ -->\n<title>Lot d\u00eener Enamorados Platino - Cabesota<\/title>\n<meta name=\"robots\" content=\"index, follow, max-snippet:-1, max-image-preview:large, max-video-preview:-1\" \/>\n<link rel=\"canonical\" href=\"https:\/\/cabesota.com\/fr\/produit\/lot-diner-enamorados-platino\/\" \/>\n<meta property=\"og:locale\" content=\"fr_FR\" \/>\n<meta property=\"og:type\" content=\"article\" \/>\n<meta property=\"og:title\" content=\"Lot d\u00eener Enamorados Platino - Cabesota\" \/>\n<meta property=\"og:description\" content=\"Quoi de mieux pour accompagner votre d\u00eener en amoureux qu&#039;un plateau de fromages Cabesota ? Imaginez : un centre de table compos\u00e9 d&#039;un plateau de fromages \u00e0 la lueur d&#039;une bougie et d&#039;une rose naturelle, accompagn\u00e9 de notre d\u00e9licieuse cr\u00e8me maison. En outre, un morceau de fromage semi-affin\u00e9, affin\u00e9 et au beurre et au romarin (poids approx. 200-250 g) et des morceaux de pain.  Ce fromage peut \u00eatre accompagn\u00e9 de la d\u00e9licieuse huile d&#039;olive Palacio de los olivos, laur\u00e9ate de plusieurs prix internationaux. Une seule goutte suffit pour donner au fromage une touche particuli\u00e8re.  Et pour accompagner ? Une bouteille de brut Louis Perdrier.  Carte cadeau sur laquelle vous pouvez inscrire votre d\u00e9dicace\" \/>\n<meta property=\"og:url\" content=\"https:\/\/cabesota.com\/fr\/produit\/lot-diner-enamorados-platino\/\" \/>\n<meta property=\"og:site_name\" content=\"Cabesota\" \/>\n<meta property=\"og:image\" content=\"https:\/\/cabesota.com\/wp-content\/uploads\/2022\/02\/40A6001-2.jpg\" \/>\n\t<meta property=\"og:image:width\" content=\"800\" \/>\n\t<meta property=\"og:image:height\" content=\"800\" \/>\n\t<meta property=\"og:image:type\" content=\"image\/jpeg\" \/>\n<meta name=\"twitter:card\" content=\"summary_large_image\" \/>\n<script type=\"application\/ld+json\" class=\"yoast-schema-graph\">{\"@context\":\"https:\/\/schema.org\",\"@graph\":[{\"@type\":\"WebPage\",\"@id\":\"https:\/\/cabesota.com\/fr\/produit\/lot-diner-enamorados-platino\/\",\"url\":\"https:\/\/cabesota.com\/fr\/produit\/lot-diner-enamorados-platino\/\",\"name\":\"Lot d\u00eener Enamorados Platino - Cabesota\",\"isPartOf\":{\"@id\":\"http:\/\/cabesota.com\/fr\/#website\"},\"primaryImageOfPage\":{\"@id\":\"https:\/\/cabesota.com\/fr\/produit\/lot-diner-enamorados-platino\/#primaryimage\"},\"image\":{\"@id\":\"https:\/\/cabesota.com\/fr\/produit\/lot-diner-enamorados-platino\/#primaryimage\"},\"thumbnailUrl\":\"https:\/\/cabesota.com\/wp-content\/uploads\/2022\/02\/40A6001-2.jpg\",\"datePublished\":\"2022-02-03T20:03:59+00:00\",\"breadcrumb\":{\"@id\":\"https:\/\/cabesota.com\/fr\/produit\/lot-diner-enamorados-platino\/#breadcrumb\"},\"inLanguage\":\"fr-FR\",\"potentialAction\":[{\"@type\":\"ReadAction\",\"target\":[\"https:\/\/cabesota.com\/fr\/produit\/lot-diner-enamorados-platino\/\"]}]},{\"@type\":\"ImageObject\",\"inLanguage\":\"fr-FR\",\"@id\":\"https:\/\/cabesota.com\/fr\/produit\/lot-diner-enamorados-platino\/#primaryimage\",\"url\":\"https:\/\/cabesota.com\/wp-content\/uploads\/2022\/02\/40A6001-2.jpg\",\"contentUrl\":\"https:\/\/cabesota.com\/wp-content\/uploads\/2022\/02\/40A6001-2.jpg\",\"width\":800,\"height\":800},{\"@type\":\"BreadcrumbList\",\"@id\":\"https:\/\/cabesota.com\/fr\/produit\/lot-diner-enamorados-platino\/#breadcrumb\",\"itemListElement\":[{\"@type\":\"ListItem\",\"position\":1,\"name\":\"Inicio\",\"item\":\"https:\/\/cabesota.com\/fr\/portada\/\"},{\"@type\":\"ListItem\",\"position\":2,\"name\":\"Tienda\",\"item\":\"http:\/\/cabesota.com\/tienda\/\"},{\"@type\":\"ListItem\",\"position\":3,\"name\":\"Lot d\u00eener Enamorados Platino\"}]},{\"@type\":\"WebSite\",\"@id\":\"http:\/\/cabesota.com\/fr\/#website\",\"url\":\"http:\/\/cabesota.com\/fr\/\",\"name\":\"Cabesota\",\"description\":\"Tienda de quesos\",\"publisher\":{\"@id\":\"http:\/\/cabesota.com\/fr\/#organization\"},\"potentialAction\":[{\"@type\":\"SearchAction\",\"target\":{\"@type\":\"EntryPoint\",\"urlTemplate\":\"http:\/\/cabesota.com\/fr\/?s={search_term_string}\"},\"query-input\":{\"@type\":\"PropertyValueSpecification\",\"valueRequired\":true,\"valueName\":\"search_term_string\"}}],\"inLanguage\":\"fr-FR\"},{\"@type\":[\"Organization\",\"Place\",\"FoodEstablishment\"],\"@id\":\"http:\/\/cabesota.com\/fr\/#organization\",\"name\":\"Cabesota quesos\",\"url\":\"http:\/\/cabesota.com\/fr\/\",\"logo\":{\"@id\":\"https:\/\/cabesota.com\/fr\/produit\/lot-diner-enamorados-platino\/#local-main-organization-logo\"},\"image\":{\"@id\":\"https:\/\/cabesota.com\/fr\/produit\/lot-diner-enamorados-platino\/#local-main-organization-logo\"},\"address\":{\"@id\":\"https:\/\/cabesota.com\/fr\/produit\/lot-diner-enamorados-platino\/#local-main-place-address\"},\"geo\":{\"@type\":\"GeoCoordinates\",\"latitude\":\"38.91110949358342\",\"longitude\":\"-3.6694486656672813\"},\"telephone\":[\"681 91 16 31\",\"652109758\"],\"contactPoint\":{\"@type\":\"ContactPoint\",\"telephone\":\"681 91 16 31\",\"email\":\"info@cabesota.com\"},\"openingHoursSpecification\":[{\"@type\":\"OpeningHoursSpecification\",\"dayOfWeek\":[\"Monday\",\"Tuesday\",\"Wednesday\",\"Thursday\",\"Friday\"],\"opens\":\"09:00\",\"closes\":\"20:30\"},{\"@type\":\"OpeningHoursSpecification\",\"dayOfWeek\":[\"Saturday\"],\"opens\":\"10:00\",\"closes\":\"14:00\"},{\"@type\":\"OpeningHoursSpecification\",\"dayOfWeek\":[\"Sunday\"],\"opens\":\"00:00\",\"closes\":\"00:00\"}],\"email\":\"info@cabesota.com\",\"vatID\":\"B05333968\",\"currenciesAccepted\":\"Euro\"},{\"@type\":\"PostalAddress\",\"@id\":\"https:\/\/cabesota.com\/fr\/produit\/lot-diner-enamorados-platino\/#local-main-place-address\",\"streetAddress\":\"C. Torralba, 14, 13260 Bola\u00f1os de Calatrava, Ciudad Real\",\"addressLocality\":\"Bola\u00f1os de Calatrava\",\"postalCode\":\"13260\",\"addressRegion\":\"Ciudad Real\",\"addressCountry\":\"ES\"},{\"@type\":\"ImageObject\",\"inLanguage\":\"fr-FR\",\"@id\":\"https:\/\/cabesota.com\/fr\/produit\/lot-diner-enamorados-platino\/#local-main-organization-logo\",\"url\":\"https:\/\/cabesota.com\/wp-content\/uploads\/2022\/05\/logo-cabesota.png\",\"contentUrl\":\"https:\/\/cabesota.com\/wp-content\/uploads\/2022\/05\/logo-cabesota.png\",\"width\":466,\"height\":113,\"caption\":\"Cabesota quesos\"}]}<\/script>\n<meta name=\"geo.placename\" content=\"Bola\u00f1os de Calatrava\" \/>\n<meta name=\"geo.position\" content=\"38.91110949358342;-3.6694486656672813\" \/>\n<meta name=\"geo.region\" content=\"Espagne\" \/>\n<!-- \/ Yoast SEO plugin. -->","yoast_head_json":{"title":"Lot d\u00eener Enamorados Platino - Cabesota","robots":{"index":"index","follow":"follow","max-snippet":"max-snippet:-1","max-image-preview":"max-image-preview:large","max-video-preview":"max-video-preview:-1"},"canonical":"https:\/\/cabesota.com\/fr\/produit\/lot-diner-enamorados-platino\/","og_locale":"fr_FR","og_type":"article","og_title":"Lot d\u00eener Enamorados Platino - Cabesota","og_description":"Quoi de mieux pour accompagner votre d\u00eener en amoureux qu'un plateau de fromages Cabesota ? Imaginez : un centre de table compos\u00e9 d'un plateau de fromages \u00e0 la lueur d'une bougie et d'une rose naturelle, accompagn\u00e9 de notre d\u00e9licieuse cr\u00e8me maison. En outre, un morceau de fromage semi-affin\u00e9, affin\u00e9 et au beurre et au romarin (poids approx. 200-250 g) et des morceaux de pain.  Ce fromage peut \u00eatre accompagn\u00e9 de la d\u00e9licieuse huile d'olive Palacio de los olivos, laur\u00e9ate de plusieurs prix internationaux. Une seule goutte suffit pour donner au fromage une touche particuli\u00e8re.  Et pour accompagner ? Une bouteille de brut Louis Perdrier.  Carte cadeau sur laquelle vous pouvez inscrire votre d\u00e9dicace","og_url":"https:\/\/cabesota.com\/fr\/produit\/lot-diner-enamorados-platino\/","og_site_name":"Cabesota","og_image":[{"width":800,"height":800,"url":"https:\/\/cabesota.com\/wp-content\/uploads\/2022\/02\/40A6001-2.jpg","type":"image\/jpeg"}],"twitter_card":"summary_large_image","schema":{"@context":"https:\/\/schema.org","@graph":[{"@type":"WebPage","@id":"https:\/\/cabesota.com\/fr\/produit\/lot-diner-enamorados-platino\/","url":"https:\/\/cabesota.com\/fr\/produit\/lot-diner-enamorados-platino\/","name":"Lot d\u00eener Enamorados Platino - Cabesota","isPartOf":{"@id":"http:\/\/cabesota.com\/fr\/#website"},"primaryImageOfPage":{"@id":"https:\/\/cabesota.com\/fr\/produit\/lot-diner-enamorados-platino\/#primaryimage"},"image":{"@id":"https:\/\/cabesota.com\/fr\/produit\/lot-diner-enamorados-platino\/#primaryimage"},"thumbnailUrl":"https:\/\/cabesota.com\/wp-content\/uploads\/2022\/02\/40A6001-2.jpg","datePublished":"2022-02-03T20:03:59+00:00","breadcrumb":{"@id":"https:\/\/cabesota.com\/fr\/produit\/lot-diner-enamorados-platino\/#breadcrumb"},"inLanguage":"fr-FR","potentialAction":[{"@type":"ReadAction","target":["https:\/\/cabesota.com\/fr\/produit\/lot-diner-enamorados-platino\/"]}]},{"@type":"ImageObject","inLanguage":"fr-FR","@id":"https:\/\/cabesota.com\/fr\/produit\/lot-diner-enamorados-platino\/#primaryimage","url":"https:\/\/cabesota.com\/wp-content\/uploads\/2022\/02\/40A6001-2.jpg","contentUrl":"https:\/\/cabesota.com\/wp-content\/uploads\/2022\/02\/40A6001-2.jpg","width":800,"height":800},{"@type":"BreadcrumbList","@id":"https:\/\/cabesota.com\/fr\/produit\/lot-diner-enamorados-platino\/#breadcrumb","itemListElement":[{"@type":"ListItem","position":1,"name":"Inicio","item":"https:\/\/cabesota.com\/fr\/portada\/"},{"@type":"ListItem","position":2,"name":"Tienda","item":"http:\/\/cabesota.com\/tienda\/"},{"@type":"ListItem","position":3,"name":"Lot d\u00eener Enamorados Platino"}]},{"@type":"WebSite","@id":"http:\/\/cabesota.com\/fr\/#website","url":"http:\/\/cabesota.com\/fr\/","name":"Cabesota","description":"Tienda de quesos","publisher":{"@id":"http:\/\/cabesota.com\/fr\/#organization"},"potentialAction":[{"@type":"SearchAction","target":{"@type":"EntryPoint","urlTemplate":"http:\/\/cabesota.com\/fr\/?s={search_term_string}"},"query-input":{"@type":"PropertyValueSpecification","valueRequired":true,"valueName":"search_term_string"}}],"inLanguage":"fr-FR"},{"@type":["Organization","Place","FoodEstablishment"],"@id":"http:\/\/cabesota.com\/fr\/#organization","name":"Cabesota quesos","url":"http:\/\/cabesota.com\/fr\/","logo":{"@id":"https:\/\/cabesota.com\/fr\/produit\/lot-diner-enamorados-platino\/#local-main-organization-logo"},"image":{"@id":"https:\/\/cabesota.com\/fr\/produit\/lot-diner-enamorados-platino\/#local-main-organization-logo"},"address":{"@id":"https:\/\/cabesota.com\/fr\/produit\/lot-diner-enamorados-platino\/#local-main-place-address"},"geo":{"@type":"GeoCoordinates","latitude":"38.91110949358342","longitude":"-3.6694486656672813"},"telephone":["681 91 16 31","652109758"],"contactPoint":{"@type":"ContactPoint","telephone":"681 91 16 31","email":"info@cabesota.com"},"openingHoursSpecification":[{"@type":"OpeningHoursSpecification","dayOfWeek":["Monday","Tuesday","Wednesday","Thursday","Friday"],"opens":"09:00","closes":"20:30"},{"@type":"OpeningHoursSpecification","dayOfWeek":["Saturday"],"opens":"10:00","closes":"14:00"},{"@type":"OpeningHoursSpecification","dayOfWeek":["Sunday"],"opens":"00:00","closes":"00:00"}],"email":"info@cabesota.com","vatID":"B05333968","currenciesAccepted":"Euro"},{"@type":"PostalAddress","@id":"https:\/\/cabesota.com\/fr\/produit\/lot-diner-enamorados-platino\/#local-main-place-address","streetAddress":"C. Torralba, 14, 13260 Bola\u00f1os de Calatrava, Ciudad Real","addressLocality":"Bola\u00f1os de Calatrava","postalCode":"13260","addressRegion":"Ciudad Real","addressCountry":"ES"},{"@type":"ImageObject","inLanguage":"fr-FR","@id":"https:\/\/cabesota.com\/fr\/produit\/lot-diner-enamorados-platino\/#local-main-organization-logo","url":"https:\/\/cabesota.com\/wp-content\/uploads\/2022\/05\/logo-cabesota.png","contentUrl":"https:\/\/cabesota.com\/wp-content\/uploads\/2022\/05\/logo-cabesota.png","width":466,"height":113,"caption":"Cabesota quesos"}]},"geo.placename":"Bola\u00f1os de Calatrava","geo.position":{"lat":"38.91110949358342","long":"-3.6694486656672813"},"geo.region":"Espagne"},"_links":{"self":[{"href":"https:\/\/cabesota.com\/fr\/wp-json\/wp\/v2\/product\/29600","targetHints":{"allow":["GET"]}}],"collection":[{"href":"https:\/\/cabesota.com\/fr\/wp-json\/wp\/v2\/product"}],"about":[{"href":"https:\/\/cabesota.com\/fr\/wp-json\/wp\/v2\/types\/product"}],"replies":[{"embeddable":true,"href":"https:\/\/cabesota.com\/fr\/wp-json\/wp\/v2\/comments?post=29600"}],"wp:featuredmedia":[{"embeddable":true,"href":"https:\/\/cabesota.com\/fr\/wp-json\/wp\/v2\/media\/28198"}],"wp:attachment":[{"href":"https:\/\/cabesota.com\/fr\/wp-json\/wp\/v2\/media?parent=29600"}],"wp:term":[{"taxonomy":"product_brand","embeddable":true,"href":"https:\/\/cabesota.com\/fr\/wp-json\/wp\/v2\/product_brand?post=29600"},{"taxonomy":"product_cat","embeddable":true,"href":"https:\/\/cabesota.com\/fr\/wp-json\/wp\/v2\/product_cat?post=29600"},{"taxonomy":"product_tag","embeddable":true,"href":"https:\/\/cabesota.com\/fr\/wp-json\/wp\/v2\/product_tag?post=29600"}],"curies":[{"name":"wp","href":"https:\/\/api.w.org\/{rel}","templated":true}]}}