{"id":29601,"date":"2021-11-23T10:45:33","date_gmt":"2021-11-23T10:45:33","guid":{"rendered":"https:\/\/cabesota.com\/lot-gourmet-diamant-iberique\/"},"modified":"2021-11-23T10:45:33","modified_gmt":"2021-11-23T10:45:33","slug":"lot-gourmet-diamant-iberique","status":"publish","type":"product","link":"https:\/\/cabesota.com\/fr\/produit\/lot-gourmet-diamant-iberique\/","title":{"rendered":"Lot gourmet diamant ib\u00e9rique"},"content":{"rendered":"","protected":false},"excerpt":{"rendered":"<p><strong>LOT <\/strong>GOURMET AVEC DES PRODUITS IB\u00c9RIQUES, ID\u00c9AL POUR UN CADEAU D&rsquo;ENTREPRISE<\/p>\n<p>-Morceau de fromage <strong>semi-affin\u00e9<\/strong> (200-250 g)<\/p>\n<p>-Morceau de fromage <strong>affin\u00e9 <\/strong>(200-250 g)<\/p>\n<p>-Morceau de fromage avec <strong>beurre et romarin<\/strong> (200-250 g)<\/p>\n<p>&#8211;<strong>Huile <\/strong>d&rsquo;olive vierge extra de vari\u00e9t\u00e9 picual<\/p>\n<p>&#8211;<strong>Chorizo <\/strong>ib\u00e9rique 200 g<\/p>\n<p>&#8211;<strong>Saucisse <\/strong>ib\u00e9rique \u00ab El charro \u00bb 500 g<\/p>\n<p>-Mini <strong>b\u00e2tonnets <\/strong>de pain cristal \u00ab el Garbo \u00bb<\/p>\n<p>&#8211;<strong>Miel <\/strong>artisanal mille fleurs<\/p>\n<p>&#8211;<strong>Vin <\/strong>Ca\u00f1averas 1889 rouge tempranillo jeune<\/p>\n<p>-Bo\u00eete au choix<\/p>\n<ul style=\"list-style-type: circle;\">\n<li>En bois avec s\u00e9rigraphie<\/li>\n<li>Sans coffret cadeau<\/li>\n<\/ul>\n","protected":false},"featured_media":28202,"comment_status":"open","ping_status":"closed","template":"","meta":{"inline_featured_image":false,"_joinchat":[]},"product_brand":[],"product_cat":[1121],"product_tag":[],"class_list":{"0":"post-29601","1":"product","2":"type-product","3":"status-publish","4":"has-post-thumbnail","6":"product_cat-paniers-gourmand","7":"pa_tipodecaja-boite-en-bois","8":"pa_tipodecaja-grand-plateau-marron","9":"pa_tipodecaja-sans-coffret-cadeau","10":"has-subscription-plans","12":"first","13":"instock","14":"taxable","15":"shipping-taxable","16":"purchasable","17":"product-type-variable"},"yoast_head":"<!-- This site is optimized with the Yoast SEO plugin v26.6 - https:\/\/yoast.com\/wordpress\/plugins\/seo\/ -->\n<title>Lot gourmet diamant ib\u00e9rique - Cabesota<\/title>\n<meta name=\"robots\" content=\"index, follow, max-snippet:-1, max-image-preview:large, max-video-preview:-1\" \/>\n<link rel=\"canonical\" href=\"https:\/\/cabesota.com\/fr\/produit\/lot-gourmet-diamant-iberique\/\" \/>\n<meta property=\"og:locale\" content=\"fr_FR\" \/>\n<meta property=\"og:type\" content=\"article\" \/>\n<meta property=\"og:title\" content=\"Lot gourmet diamant ib\u00e9rique - Cabesota\" \/>\n<meta property=\"og:description\" content=\"LOT GOURMET AVEC DES PRODUITS IB\u00c9RIQUES, ID\u00c9AL POUR UN CADEAU D&#039;ENTREPRISE -Morceau de fromage semi-affin\u00e9 (200-250 g) -Morceau de fromage affin\u00e9 (200-250 g) -Morceau de fromage avec beurre et romarin (200-250 g) -Huile d&#039;olive vierge extra de vari\u00e9t\u00e9 picual -Chorizo ib\u00e9rique 200 g -Saucisse ib\u00e9rique \u00ab El charro \u00bb 500 g -Mini b\u00e2tonnets de pain cristal \u00ab el Garbo \u00bb -Miel artisanal mille fleurs -Vin Ca\u00f1averas 1889 rouge tempranillo jeune -Bo\u00eete au choix  En bois avec s\u00e9rigraphie  Sans coffret cadeau\" \/>\n<meta property=\"og:url\" content=\"https:\/\/cabesota.com\/fr\/produit\/lot-gourmet-diamant-iberique\/\" \/>\n<meta property=\"og:site_name\" content=\"Cabesota\" \/>\n<meta property=\"og:image\" content=\"https:\/\/cabesota.com\/wp-content\/uploads\/2021\/11\/40A5838-2.jpg\" \/>\n\t<meta property=\"og:image:width\" content=\"800\" \/>\n\t<meta property=\"og:image:height\" content=\"800\" \/>\n\t<meta property=\"og:image:type\" content=\"image\/jpeg\" \/>\n<meta name=\"twitter:card\" content=\"summary_large_image\" \/>\n<script type=\"application\/ld+json\" class=\"yoast-schema-graph\">{\"@context\":\"https:\/\/schema.org\",\"@graph\":[{\"@type\":\"WebPage\",\"@id\":\"https:\/\/cabesota.com\/fr\/produit\/lot-gourmet-diamant-iberique\/\",\"url\":\"https:\/\/cabesota.com\/fr\/produit\/lot-gourmet-diamant-iberique\/\",\"name\":\"Lot gourmet diamant ib\u00e9rique - Cabesota\",\"isPartOf\":{\"@id\":\"http:\/\/cabesota.com\/fr\/#website\"},\"primaryImageOfPage\":{\"@id\":\"https:\/\/cabesota.com\/fr\/produit\/lot-gourmet-diamant-iberique\/#primaryimage\"},\"image\":{\"@id\":\"https:\/\/cabesota.com\/fr\/produit\/lot-gourmet-diamant-iberique\/#primaryimage\"},\"thumbnailUrl\":\"https:\/\/cabesota.com\/wp-content\/uploads\/2021\/11\/40A5838-2.jpg\",\"datePublished\":\"2021-11-23T10:45:33+00:00\",\"breadcrumb\":{\"@id\":\"https:\/\/cabesota.com\/fr\/produit\/lot-gourmet-diamant-iberique\/#breadcrumb\"},\"inLanguage\":\"fr-FR\",\"potentialAction\":[{\"@type\":\"ReadAction\",\"target\":[\"https:\/\/cabesota.com\/fr\/produit\/lot-gourmet-diamant-iberique\/\"]}]},{\"@type\":\"ImageObject\",\"inLanguage\":\"fr-FR\",\"@id\":\"https:\/\/cabesota.com\/fr\/produit\/lot-gourmet-diamant-iberique\/#primaryimage\",\"url\":\"https:\/\/cabesota.com\/wp-content\/uploads\/2021\/11\/40A5838-2.jpg\",\"contentUrl\":\"https:\/\/cabesota.com\/wp-content\/uploads\/2021\/11\/40A5838-2.jpg\",\"width\":800,\"height\":800},{\"@type\":\"BreadcrumbList\",\"@id\":\"https:\/\/cabesota.com\/fr\/produit\/lot-gourmet-diamant-iberique\/#breadcrumb\",\"itemListElement\":[{\"@type\":\"ListItem\",\"position\":1,\"name\":\"Inicio\",\"item\":\"https:\/\/cabesota.com\/fr\/portada\/\"},{\"@type\":\"ListItem\",\"position\":2,\"name\":\"Tienda\",\"item\":\"http:\/\/cabesota.com\/tienda\/\"},{\"@type\":\"ListItem\",\"position\":3,\"name\":\"Lot gourmet diamant ib\u00e9rique\"}]},{\"@type\":\"WebSite\",\"@id\":\"http:\/\/cabesota.com\/fr\/#website\",\"url\":\"http:\/\/cabesota.com\/fr\/\",\"name\":\"Cabesota\",\"description\":\"Tienda de quesos\",\"publisher\":{\"@id\":\"http:\/\/cabesota.com\/fr\/#organization\"},\"potentialAction\":[{\"@type\":\"SearchAction\",\"target\":{\"@type\":\"EntryPoint\",\"urlTemplate\":\"http:\/\/cabesota.com\/fr\/?s={search_term_string}\"},\"query-input\":{\"@type\":\"PropertyValueSpecification\",\"valueRequired\":true,\"valueName\":\"search_term_string\"}}],\"inLanguage\":\"fr-FR\"},{\"@type\":[\"Organization\",\"Place\",\"FoodEstablishment\"],\"@id\":\"http:\/\/cabesota.com\/fr\/#organization\",\"name\":\"Cabesota quesos\",\"url\":\"http:\/\/cabesota.com\/fr\/\",\"logo\":{\"@id\":\"https:\/\/cabesota.com\/fr\/produit\/lot-gourmet-diamant-iberique\/#local-main-organization-logo\"},\"image\":{\"@id\":\"https:\/\/cabesota.com\/fr\/produit\/lot-gourmet-diamant-iberique\/#local-main-organization-logo\"},\"address\":{\"@id\":\"https:\/\/cabesota.com\/fr\/produit\/lot-gourmet-diamant-iberique\/#local-main-place-address\"},\"geo\":{\"@type\":\"GeoCoordinates\",\"latitude\":\"38.91110949358342\",\"longitude\":\"-3.6694486656672813\"},\"telephone\":[\"681 91 16 31\",\"652109758\"],\"contactPoint\":{\"@type\":\"ContactPoint\",\"telephone\":\"681 91 16 31\",\"email\":\"info@cabesota.com\"},\"openingHoursSpecification\":[{\"@type\":\"OpeningHoursSpecification\",\"dayOfWeek\":[\"Monday\",\"Tuesday\",\"Wednesday\",\"Thursday\",\"Friday\"],\"opens\":\"09:00\",\"closes\":\"20:30\"},{\"@type\":\"OpeningHoursSpecification\",\"dayOfWeek\":[\"Saturday\"],\"opens\":\"10:00\",\"closes\":\"14:00\"},{\"@type\":\"OpeningHoursSpecification\",\"dayOfWeek\":[\"Sunday\"],\"opens\":\"00:00\",\"closes\":\"00:00\"}],\"email\":\"info@cabesota.com\",\"vatID\":\"B05333968\",\"currenciesAccepted\":\"Euro\"},{\"@type\":\"PostalAddress\",\"@id\":\"https:\/\/cabesota.com\/fr\/produit\/lot-gourmet-diamant-iberique\/#local-main-place-address\",\"streetAddress\":\"C. Torralba, 14, 13260 Bola\u00f1os de Calatrava, Ciudad Real\",\"addressLocality\":\"Bola\u00f1os de Calatrava\",\"postalCode\":\"13260\",\"addressRegion\":\"Ciudad Real\",\"addressCountry\":\"ES\"},{\"@type\":\"ImageObject\",\"inLanguage\":\"fr-FR\",\"@id\":\"https:\/\/cabesota.com\/fr\/produit\/lot-gourmet-diamant-iberique\/#local-main-organization-logo\",\"url\":\"https:\/\/cabesota.com\/wp-content\/uploads\/2022\/05\/logo-cabesota.png\",\"contentUrl\":\"https:\/\/cabesota.com\/wp-content\/uploads\/2022\/05\/logo-cabesota.png\",\"width\":466,\"height\":113,\"caption\":\"Cabesota quesos\"}]}<\/script>\n<meta name=\"geo.placename\" content=\"Bola\u00f1os de Calatrava\" \/>\n<meta name=\"geo.position\" content=\"38.91110949358342;-3.6694486656672813\" \/>\n<meta name=\"geo.region\" content=\"Espagne\" \/>\n<!-- \/ Yoast SEO plugin. -->","yoast_head_json":{"title":"Lot gourmet diamant ib\u00e9rique - Cabesota","robots":{"index":"index","follow":"follow","max-snippet":"max-snippet:-1","max-image-preview":"max-image-preview:large","max-video-preview":"max-video-preview:-1"},"canonical":"https:\/\/cabesota.com\/fr\/produit\/lot-gourmet-diamant-iberique\/","og_locale":"fr_FR","og_type":"article","og_title":"Lot gourmet diamant ib\u00e9rique - Cabesota","og_description":"LOT GOURMET AVEC DES PRODUITS IB\u00c9RIQUES, ID\u00c9AL POUR UN CADEAU D'ENTREPRISE -Morceau de fromage semi-affin\u00e9 (200-250 g) -Morceau de fromage affin\u00e9 (200-250 g) -Morceau de fromage avec beurre et romarin (200-250 g) -Huile d'olive vierge extra de vari\u00e9t\u00e9 picual -Chorizo ib\u00e9rique 200 g -Saucisse ib\u00e9rique \u00ab El charro \u00bb 500 g -Mini b\u00e2tonnets de pain cristal \u00ab el Garbo \u00bb -Miel artisanal mille fleurs -Vin Ca\u00f1averas 1889 rouge tempranillo jeune -Bo\u00eete au choix  En bois avec s\u00e9rigraphie  Sans coffret cadeau","og_url":"https:\/\/cabesota.com\/fr\/produit\/lot-gourmet-diamant-iberique\/","og_site_name":"Cabesota","og_image":[{"width":800,"height":800,"url":"https:\/\/cabesota.com\/wp-content\/uploads\/2021\/11\/40A5838-2.jpg","type":"image\/jpeg"}],"twitter_card":"summary_large_image","schema":{"@context":"https:\/\/schema.org","@graph":[{"@type":"WebPage","@id":"https:\/\/cabesota.com\/fr\/produit\/lot-gourmet-diamant-iberique\/","url":"https:\/\/cabesota.com\/fr\/produit\/lot-gourmet-diamant-iberique\/","name":"Lot gourmet diamant ib\u00e9rique - Cabesota","isPartOf":{"@id":"http:\/\/cabesota.com\/fr\/#website"},"primaryImageOfPage":{"@id":"https:\/\/cabesota.com\/fr\/produit\/lot-gourmet-diamant-iberique\/#primaryimage"},"image":{"@id":"https:\/\/cabesota.com\/fr\/produit\/lot-gourmet-diamant-iberique\/#primaryimage"},"thumbnailUrl":"https:\/\/cabesota.com\/wp-content\/uploads\/2021\/11\/40A5838-2.jpg","datePublished":"2021-11-23T10:45:33+00:00","breadcrumb":{"@id":"https:\/\/cabesota.com\/fr\/produit\/lot-gourmet-diamant-iberique\/#breadcrumb"},"inLanguage":"fr-FR","potentialAction":[{"@type":"ReadAction","target":["https:\/\/cabesota.com\/fr\/produit\/lot-gourmet-diamant-iberique\/"]}]},{"@type":"ImageObject","inLanguage":"fr-FR","@id":"https:\/\/cabesota.com\/fr\/produit\/lot-gourmet-diamant-iberique\/#primaryimage","url":"https:\/\/cabesota.com\/wp-content\/uploads\/2021\/11\/40A5838-2.jpg","contentUrl":"https:\/\/cabesota.com\/wp-content\/uploads\/2021\/11\/40A5838-2.jpg","width":800,"height":800},{"@type":"BreadcrumbList","@id":"https:\/\/cabesota.com\/fr\/produit\/lot-gourmet-diamant-iberique\/#breadcrumb","itemListElement":[{"@type":"ListItem","position":1,"name":"Inicio","item":"https:\/\/cabesota.com\/fr\/portada\/"},{"@type":"ListItem","position":2,"name":"Tienda","item":"http:\/\/cabesota.com\/tienda\/"},{"@type":"ListItem","position":3,"name":"Lot gourmet diamant ib\u00e9rique"}]},{"@type":"WebSite","@id":"http:\/\/cabesota.com\/fr\/#website","url":"http:\/\/cabesota.com\/fr\/","name":"Cabesota","description":"Tienda de quesos","publisher":{"@id":"http:\/\/cabesota.com\/fr\/#organization"},"potentialAction":[{"@type":"SearchAction","target":{"@type":"EntryPoint","urlTemplate":"http:\/\/cabesota.com\/fr\/?s={search_term_string}"},"query-input":{"@type":"PropertyValueSpecification","valueRequired":true,"valueName":"search_term_string"}}],"inLanguage":"fr-FR"},{"@type":["Organization","Place","FoodEstablishment"],"@id":"http:\/\/cabesota.com\/fr\/#organization","name":"Cabesota quesos","url":"http:\/\/cabesota.com\/fr\/","logo":{"@id":"https:\/\/cabesota.com\/fr\/produit\/lot-gourmet-diamant-iberique\/#local-main-organization-logo"},"image":{"@id":"https:\/\/cabesota.com\/fr\/produit\/lot-gourmet-diamant-iberique\/#local-main-organization-logo"},"address":{"@id":"https:\/\/cabesota.com\/fr\/produit\/lot-gourmet-diamant-iberique\/#local-main-place-address"},"geo":{"@type":"GeoCoordinates","latitude":"38.91110949358342","longitude":"-3.6694486656672813"},"telephone":["681 91 16 31","652109758"],"contactPoint":{"@type":"ContactPoint","telephone":"681 91 16 31","email":"info@cabesota.com"},"openingHoursSpecification":[{"@type":"OpeningHoursSpecification","dayOfWeek":["Monday","Tuesday","Wednesday","Thursday","Friday"],"opens":"09:00","closes":"20:30"},{"@type":"OpeningHoursSpecification","dayOfWeek":["Saturday"],"opens":"10:00","closes":"14:00"},{"@type":"OpeningHoursSpecification","dayOfWeek":["Sunday"],"opens":"00:00","closes":"00:00"}],"email":"info@cabesota.com","vatID":"B05333968","currenciesAccepted":"Euro"},{"@type":"PostalAddress","@id":"https:\/\/cabesota.com\/fr\/produit\/lot-gourmet-diamant-iberique\/#local-main-place-address","streetAddress":"C. Torralba, 14, 13260 Bola\u00f1os de Calatrava, Ciudad Real","addressLocality":"Bola\u00f1os de Calatrava","postalCode":"13260","addressRegion":"Ciudad Real","addressCountry":"ES"},{"@type":"ImageObject","inLanguage":"fr-FR","@id":"https:\/\/cabesota.com\/fr\/produit\/lot-gourmet-diamant-iberique\/#local-main-organization-logo","url":"https:\/\/cabesota.com\/wp-content\/uploads\/2022\/05\/logo-cabesota.png","contentUrl":"https:\/\/cabesota.com\/wp-content\/uploads\/2022\/05\/logo-cabesota.png","width":466,"height":113,"caption":"Cabesota quesos"}]},"geo.placename":"Bola\u00f1os de Calatrava","geo.position":{"lat":"38.91110949358342","long":"-3.6694486656672813"},"geo.region":"Espagne"},"_links":{"self":[{"href":"https:\/\/cabesota.com\/fr\/wp-json\/wp\/v2\/product\/29601","targetHints":{"allow":["GET"]}}],"collection":[{"href":"https:\/\/cabesota.com\/fr\/wp-json\/wp\/v2\/product"}],"about":[{"href":"https:\/\/cabesota.com\/fr\/wp-json\/wp\/v2\/types\/product"}],"replies":[{"embeddable":true,"href":"https:\/\/cabesota.com\/fr\/wp-json\/wp\/v2\/comments?post=29601"}],"wp:featuredmedia":[{"embeddable":true,"href":"https:\/\/cabesota.com\/fr\/wp-json\/wp\/v2\/media\/28202"}],"wp:attachment":[{"href":"https:\/\/cabesota.com\/fr\/wp-json\/wp\/v2\/media?parent=29601"}],"wp:term":[{"taxonomy":"product_brand","embeddable":true,"href":"https:\/\/cabesota.com\/fr\/wp-json\/wp\/v2\/product_brand?post=29601"},{"taxonomy":"product_cat","embeddable":true,"href":"https:\/\/cabesota.com\/fr\/wp-json\/wp\/v2\/product_cat?post=29601"},{"taxonomy":"product_tag","embeddable":true,"href":"https:\/\/cabesota.com\/fr\/wp-json\/wp\/v2\/product_tag?post=29601"}],"curies":[{"name":"wp","href":"https:\/\/api.w.org\/{rel}","templated":true}]}}