{"id":29602,"date":"2021-11-23T10:37:14","date_gmt":"2021-11-23T10:37:14","guid":{"rendered":"https:\/\/cabesota.com\/lot-gourmet-platine\/"},"modified":"2021-11-23T10:37:14","modified_gmt":"2021-11-23T10:37:14","slug":"lot-gourmet-platine","status":"publish","type":"product","link":"https:\/\/cabesota.com\/fr\/produit\/lot-gourmet-platine\/","title":{"rendered":"Lot Gourmet PLATINE"},"content":{"rendered":"<p>Lot Platine compos\u00e9 de :<\/p>\n<p>*Morceau de fromage semi-affin\u00e9<\/p>\n<p>*Morceau de fromage affin\u00e9<\/p>\n<p>*Morceau de fromage avec beurre et romarin<\/p>\n<p>*Huile extra vierge biologique<\/p>\n<p>*P\u00e2t\u00e9 de perdrix du grand-p\u00e8re Justi<\/p>\n<p>*Miel artisanal<\/p>\n<p>*Pics en cristal El Garbo<\/p>\n<p>*Vin au choix<\/p>\n<ul style=\"list-style-type: circle;\">\n<li>Rouge, Ca\u00f1averas tempranillo de la r\u00e9colte 2019<\/li>\n<li>Demi-doux, blanc de c\u00e9page airen, mill\u00e9sime 2020<\/li>\n<\/ul>\n<p>*Panier en osier<\/p>\n<p>&nbsp;<\/p>\n","protected":false},"excerpt":{"rendered":"<p><strong>LOT <\/strong>MOYEN ID\u00c9AL POUR LES ENTREPRISES<\/p>\n<p>-Morceau de fromage semi-affin\u00e9 (200-250 g)<\/p>\n<p>-Morceau de fromage affin\u00e9 (200-250 g)<\/p>\n<p>-Morceau de fromage avec beurre et romarin (200-250 g)<\/p>\n<p>-Huile d&rsquo;olive Picual Magnolia<\/p>\n<p>-Pate de perdrix du grand-p\u00e8re Justi<\/p>\n<p>-Miel artesanal<\/p>\n<p>-Pain de cristal el Garbo<\/p>\n<p>-Vin au choix<\/p>\n<ul style=\"list-style-type: circle;\">\n<li>Rouge, Ca\u00f1averas de c\u00e9page tempranillo \/Berenguela rouge<\/li>\n<li>Demi-doux, blanc de c\u00e9page airen<\/li>\n<\/ul>\n<p>-Panier en osier<\/p>\n","protected":false},"featured_media":28206,"comment_status":"open","ping_status":"closed","template":"","meta":{"inline_featured_image":false,"_joinchat":[]},"product_brand":[],"product_cat":[1121],"product_tag":[],"class_list":{"0":"post-29602","1":"product","2":"type-product","3":"status-publish","4":"has-post-thumbnail","6":"product_cat-paniers-gourmand","7":"pa_tipodevino-demi-doux","8":"pa_tipodevino-rouge","9":"has-subscription-plans","11":"first","12":"instock","13":"taxable","14":"shipping-taxable","15":"purchasable","16":"product-type-variable"},"yoast_head":"<!-- This site is optimized with the Yoast SEO plugin v26.6 - https:\/\/yoast.com\/wordpress\/plugins\/seo\/ -->\n<title>Lot Gourmet PLATINE - Cabesota<\/title>\n<meta name=\"robots\" content=\"index, follow, max-snippet:-1, max-image-preview:large, max-video-preview:-1\" \/>\n<link rel=\"canonical\" href=\"https:\/\/cabesota.com\/fr\/produit\/lot-gourmet-platine\/\" \/>\n<meta property=\"og:locale\" content=\"fr_FR\" \/>\n<meta property=\"og:type\" content=\"article\" \/>\n<meta property=\"og:title\" content=\"Lot Gourmet PLATINE - Cabesota\" \/>\n<meta property=\"og:description\" content=\"LOT MOYEN ID\u00c9AL POUR LES ENTREPRISES -Morceau de fromage semi-affin\u00e9 (200-250 g) -Morceau de fromage affin\u00e9 (200-250 g) -Morceau de fromage avec beurre et romarin (200-250 g) -Huile d&#039;olive Picual Magnolia -Pate de perdrix du grand-p\u00e8re Justi -Miel artesanal -Pain de cristal el Garbo -Vin au choix  Rouge, Ca\u00f1averas de c\u00e9page tempranillo \/Berenguela rouge  Demi-doux, blanc de c\u00e9page airen -Panier en osier\" \/>\n<meta property=\"og:url\" content=\"https:\/\/cabesota.com\/fr\/produit\/lot-gourmet-platine\/\" \/>\n<meta property=\"og:site_name\" content=\"Cabesota\" \/>\n<meta property=\"og:image\" content=\"https:\/\/cabesota.com\/wp-content\/uploads\/2021\/11\/40A5848-2.jpg\" \/>\n\t<meta property=\"og:image:width\" content=\"800\" \/>\n\t<meta property=\"og:image:height\" content=\"800\" \/>\n\t<meta property=\"og:image:type\" content=\"image\/jpeg\" \/>\n<meta name=\"twitter:card\" content=\"summary_large_image\" \/>\n<script type=\"application\/ld+json\" class=\"yoast-schema-graph\">{\"@context\":\"https:\/\/schema.org\",\"@graph\":[{\"@type\":\"WebPage\",\"@id\":\"https:\/\/cabesota.com\/fr\/produit\/lot-gourmet-platine\/\",\"url\":\"https:\/\/cabesota.com\/fr\/produit\/lot-gourmet-platine\/\",\"name\":\"Lot Gourmet PLATINE - Cabesota\",\"isPartOf\":{\"@id\":\"http:\/\/cabesota.com\/fr\/#website\"},\"primaryImageOfPage\":{\"@id\":\"https:\/\/cabesota.com\/fr\/produit\/lot-gourmet-platine\/#primaryimage\"},\"image\":{\"@id\":\"https:\/\/cabesota.com\/fr\/produit\/lot-gourmet-platine\/#primaryimage\"},\"thumbnailUrl\":\"https:\/\/cabesota.com\/wp-content\/uploads\/2021\/11\/40A5848-2.jpg\",\"datePublished\":\"2021-11-23T10:37:14+00:00\",\"breadcrumb\":{\"@id\":\"https:\/\/cabesota.com\/fr\/produit\/lot-gourmet-platine\/#breadcrumb\"},\"inLanguage\":\"fr-FR\",\"potentialAction\":[{\"@type\":\"ReadAction\",\"target\":[\"https:\/\/cabesota.com\/fr\/produit\/lot-gourmet-platine\/\"]}]},{\"@type\":\"ImageObject\",\"inLanguage\":\"fr-FR\",\"@id\":\"https:\/\/cabesota.com\/fr\/produit\/lot-gourmet-platine\/#primaryimage\",\"url\":\"https:\/\/cabesota.com\/wp-content\/uploads\/2021\/11\/40A5848-2.jpg\",\"contentUrl\":\"https:\/\/cabesota.com\/wp-content\/uploads\/2021\/11\/40A5848-2.jpg\",\"width\":800,\"height\":800},{\"@type\":\"BreadcrumbList\",\"@id\":\"https:\/\/cabesota.com\/fr\/produit\/lot-gourmet-platine\/#breadcrumb\",\"itemListElement\":[{\"@type\":\"ListItem\",\"position\":1,\"name\":\"Inicio\",\"item\":\"https:\/\/cabesota.com\/fr\/portada\/\"},{\"@type\":\"ListItem\",\"position\":2,\"name\":\"Tienda\",\"item\":\"http:\/\/cabesota.com\/tienda\/\"},{\"@type\":\"ListItem\",\"position\":3,\"name\":\"Lot Gourmet PLATINE\"}]},{\"@type\":\"WebSite\",\"@id\":\"http:\/\/cabesota.com\/fr\/#website\",\"url\":\"http:\/\/cabesota.com\/fr\/\",\"name\":\"Cabesota\",\"description\":\"Tienda de quesos\",\"publisher\":{\"@id\":\"http:\/\/cabesota.com\/fr\/#organization\"},\"potentialAction\":[{\"@type\":\"SearchAction\",\"target\":{\"@type\":\"EntryPoint\",\"urlTemplate\":\"http:\/\/cabesota.com\/fr\/?s={search_term_string}\"},\"query-input\":{\"@type\":\"PropertyValueSpecification\",\"valueRequired\":true,\"valueName\":\"search_term_string\"}}],\"inLanguage\":\"fr-FR\"},{\"@type\":[\"Organization\",\"Place\",\"FoodEstablishment\"],\"@id\":\"http:\/\/cabesota.com\/fr\/#organization\",\"name\":\"Cabesota quesos\",\"url\":\"http:\/\/cabesota.com\/fr\/\",\"logo\":{\"@id\":\"https:\/\/cabesota.com\/fr\/produit\/lot-gourmet-platine\/#local-main-organization-logo\"},\"image\":{\"@id\":\"https:\/\/cabesota.com\/fr\/produit\/lot-gourmet-platine\/#local-main-organization-logo\"},\"address\":{\"@id\":\"https:\/\/cabesota.com\/fr\/produit\/lot-gourmet-platine\/#local-main-place-address\"},\"geo\":{\"@type\":\"GeoCoordinates\",\"latitude\":\"38.91110949358342\",\"longitude\":\"-3.6694486656672813\"},\"telephone\":[\"681 91 16 31\",\"652109758\"],\"contactPoint\":{\"@type\":\"ContactPoint\",\"telephone\":\"681 91 16 31\",\"email\":\"info@cabesota.com\"},\"openingHoursSpecification\":[{\"@type\":\"OpeningHoursSpecification\",\"dayOfWeek\":[\"Monday\",\"Tuesday\",\"Wednesday\",\"Thursday\",\"Friday\"],\"opens\":\"09:00\",\"closes\":\"20:30\"},{\"@type\":\"OpeningHoursSpecification\",\"dayOfWeek\":[\"Saturday\"],\"opens\":\"10:00\",\"closes\":\"14:00\"},{\"@type\":\"OpeningHoursSpecification\",\"dayOfWeek\":[\"Sunday\"],\"opens\":\"00:00\",\"closes\":\"00:00\"}],\"email\":\"info@cabesota.com\",\"vatID\":\"B05333968\",\"currenciesAccepted\":\"Euro\"},{\"@type\":\"PostalAddress\",\"@id\":\"https:\/\/cabesota.com\/fr\/produit\/lot-gourmet-platine\/#local-main-place-address\",\"streetAddress\":\"C. Torralba, 14, 13260 Bola\u00f1os de Calatrava, Ciudad Real\",\"addressLocality\":\"Bola\u00f1os de Calatrava\",\"postalCode\":\"13260\",\"addressRegion\":\"Ciudad Real\",\"addressCountry\":\"ES\"},{\"@type\":\"ImageObject\",\"inLanguage\":\"fr-FR\",\"@id\":\"https:\/\/cabesota.com\/fr\/produit\/lot-gourmet-platine\/#local-main-organization-logo\",\"url\":\"https:\/\/cabesota.com\/wp-content\/uploads\/2022\/05\/logo-cabesota.png\",\"contentUrl\":\"https:\/\/cabesota.com\/wp-content\/uploads\/2022\/05\/logo-cabesota.png\",\"width\":466,\"height\":113,\"caption\":\"Cabesota quesos\"}]}<\/script>\n<meta name=\"geo.placename\" content=\"Bola\u00f1os de Calatrava\" \/>\n<meta name=\"geo.position\" content=\"38.91110949358342;-3.6694486656672813\" \/>\n<meta name=\"geo.region\" content=\"Espagne\" \/>\n<!-- \/ Yoast SEO plugin. -->","yoast_head_json":{"title":"Lot Gourmet PLATINE - Cabesota","robots":{"index":"index","follow":"follow","max-snippet":"max-snippet:-1","max-image-preview":"max-image-preview:large","max-video-preview":"max-video-preview:-1"},"canonical":"https:\/\/cabesota.com\/fr\/produit\/lot-gourmet-platine\/","og_locale":"fr_FR","og_type":"article","og_title":"Lot Gourmet PLATINE - Cabesota","og_description":"LOT MOYEN ID\u00c9AL POUR LES ENTREPRISES -Morceau de fromage semi-affin\u00e9 (200-250 g) -Morceau de fromage affin\u00e9 (200-250 g) -Morceau de fromage avec beurre et romarin (200-250 g) -Huile d'olive Picual Magnolia -Pate de perdrix du grand-p\u00e8re Justi -Miel artesanal -Pain de cristal el Garbo -Vin au choix  Rouge, Ca\u00f1averas de c\u00e9page tempranillo \/Berenguela rouge  Demi-doux, blanc de c\u00e9page airen -Panier en osier","og_url":"https:\/\/cabesota.com\/fr\/produit\/lot-gourmet-platine\/","og_site_name":"Cabesota","og_image":[{"width":800,"height":800,"url":"https:\/\/cabesota.com\/wp-content\/uploads\/2021\/11\/40A5848-2.jpg","type":"image\/jpeg"}],"twitter_card":"summary_large_image","schema":{"@context":"https:\/\/schema.org","@graph":[{"@type":"WebPage","@id":"https:\/\/cabesota.com\/fr\/produit\/lot-gourmet-platine\/","url":"https:\/\/cabesota.com\/fr\/produit\/lot-gourmet-platine\/","name":"Lot Gourmet PLATINE - Cabesota","isPartOf":{"@id":"http:\/\/cabesota.com\/fr\/#website"},"primaryImageOfPage":{"@id":"https:\/\/cabesota.com\/fr\/produit\/lot-gourmet-platine\/#primaryimage"},"image":{"@id":"https:\/\/cabesota.com\/fr\/produit\/lot-gourmet-platine\/#primaryimage"},"thumbnailUrl":"https:\/\/cabesota.com\/wp-content\/uploads\/2021\/11\/40A5848-2.jpg","datePublished":"2021-11-23T10:37:14+00:00","breadcrumb":{"@id":"https:\/\/cabesota.com\/fr\/produit\/lot-gourmet-platine\/#breadcrumb"},"inLanguage":"fr-FR","potentialAction":[{"@type":"ReadAction","target":["https:\/\/cabesota.com\/fr\/produit\/lot-gourmet-platine\/"]}]},{"@type":"ImageObject","inLanguage":"fr-FR","@id":"https:\/\/cabesota.com\/fr\/produit\/lot-gourmet-platine\/#primaryimage","url":"https:\/\/cabesota.com\/wp-content\/uploads\/2021\/11\/40A5848-2.jpg","contentUrl":"https:\/\/cabesota.com\/wp-content\/uploads\/2021\/11\/40A5848-2.jpg","width":800,"height":800},{"@type":"BreadcrumbList","@id":"https:\/\/cabesota.com\/fr\/produit\/lot-gourmet-platine\/#breadcrumb","itemListElement":[{"@type":"ListItem","position":1,"name":"Inicio","item":"https:\/\/cabesota.com\/fr\/portada\/"},{"@type":"ListItem","position":2,"name":"Tienda","item":"http:\/\/cabesota.com\/tienda\/"},{"@type":"ListItem","position":3,"name":"Lot Gourmet PLATINE"}]},{"@type":"WebSite","@id":"http:\/\/cabesota.com\/fr\/#website","url":"http:\/\/cabesota.com\/fr\/","name":"Cabesota","description":"Tienda de quesos","publisher":{"@id":"http:\/\/cabesota.com\/fr\/#organization"},"potentialAction":[{"@type":"SearchAction","target":{"@type":"EntryPoint","urlTemplate":"http:\/\/cabesota.com\/fr\/?s={search_term_string}"},"query-input":{"@type":"PropertyValueSpecification","valueRequired":true,"valueName":"search_term_string"}}],"inLanguage":"fr-FR"},{"@type":["Organization","Place","FoodEstablishment"],"@id":"http:\/\/cabesota.com\/fr\/#organization","name":"Cabesota quesos","url":"http:\/\/cabesota.com\/fr\/","logo":{"@id":"https:\/\/cabesota.com\/fr\/produit\/lot-gourmet-platine\/#local-main-organization-logo"},"image":{"@id":"https:\/\/cabesota.com\/fr\/produit\/lot-gourmet-platine\/#local-main-organization-logo"},"address":{"@id":"https:\/\/cabesota.com\/fr\/produit\/lot-gourmet-platine\/#local-main-place-address"},"geo":{"@type":"GeoCoordinates","latitude":"38.91110949358342","longitude":"-3.6694486656672813"},"telephone":["681 91 16 31","652109758"],"contactPoint":{"@type":"ContactPoint","telephone":"681 91 16 31","email":"info@cabesota.com"},"openingHoursSpecification":[{"@type":"OpeningHoursSpecification","dayOfWeek":["Monday","Tuesday","Wednesday","Thursday","Friday"],"opens":"09:00","closes":"20:30"},{"@type":"OpeningHoursSpecification","dayOfWeek":["Saturday"],"opens":"10:00","closes":"14:00"},{"@type":"OpeningHoursSpecification","dayOfWeek":["Sunday"],"opens":"00:00","closes":"00:00"}],"email":"info@cabesota.com","vatID":"B05333968","currenciesAccepted":"Euro"},{"@type":"PostalAddress","@id":"https:\/\/cabesota.com\/fr\/produit\/lot-gourmet-platine\/#local-main-place-address","streetAddress":"C. Torralba, 14, 13260 Bola\u00f1os de Calatrava, Ciudad Real","addressLocality":"Bola\u00f1os de Calatrava","postalCode":"13260","addressRegion":"Ciudad Real","addressCountry":"ES"},{"@type":"ImageObject","inLanguage":"fr-FR","@id":"https:\/\/cabesota.com\/fr\/produit\/lot-gourmet-platine\/#local-main-organization-logo","url":"https:\/\/cabesota.com\/wp-content\/uploads\/2022\/05\/logo-cabesota.png","contentUrl":"https:\/\/cabesota.com\/wp-content\/uploads\/2022\/05\/logo-cabesota.png","width":466,"height":113,"caption":"Cabesota quesos"}]},"geo.placename":"Bola\u00f1os de Calatrava","geo.position":{"lat":"38.91110949358342","long":"-3.6694486656672813"},"geo.region":"Espagne"},"_links":{"self":[{"href":"https:\/\/cabesota.com\/fr\/wp-json\/wp\/v2\/product\/29602","targetHints":{"allow":["GET"]}}],"collection":[{"href":"https:\/\/cabesota.com\/fr\/wp-json\/wp\/v2\/product"}],"about":[{"href":"https:\/\/cabesota.com\/fr\/wp-json\/wp\/v2\/types\/product"}],"replies":[{"embeddable":true,"href":"https:\/\/cabesota.com\/fr\/wp-json\/wp\/v2\/comments?post=29602"}],"wp:featuredmedia":[{"embeddable":true,"href":"https:\/\/cabesota.com\/fr\/wp-json\/wp\/v2\/media\/28206"}],"wp:attachment":[{"href":"https:\/\/cabesota.com\/fr\/wp-json\/wp\/v2\/media?parent=29602"}],"wp:term":[{"taxonomy":"product_brand","embeddable":true,"href":"https:\/\/cabesota.com\/fr\/wp-json\/wp\/v2\/product_brand?post=29602"},{"taxonomy":"product_cat","embeddable":true,"href":"https:\/\/cabesota.com\/fr\/wp-json\/wp\/v2\/product_cat?post=29602"},{"taxonomy":"product_tag","embeddable":true,"href":"https:\/\/cabesota.com\/fr\/wp-json\/wp\/v2\/product_tag?post=29602"}],"curies":[{"name":"wp","href":"https:\/\/api.w.org\/{rel}","templated":true}]}}