{"id":29607,"date":"2021-02-09T19:27:24","date_gmt":"2021-02-09T19:27:24","guid":{"rendered":"https:\/\/cabesota.com\/lot-diner-enamorados-oro\/"},"modified":"2021-02-09T19:27:24","modified_gmt":"2021-02-09T19:27:24","slug":"lot-diner-enamorados-oro","status":"publish","type":"product","link":"https:\/\/cabesota.com\/fr\/produit\/lot-diner-enamorados-oro\/","title":{"rendered":"Lot d\u00eener Enamorados Oro"},"content":{"rendered":"<p>Lot compos\u00e9 de :<\/p>\n<p>*Morceau de fromage semi-affin\u00e9 (200 &#8211; 250 g)<\/p>\n<p>*Morceau de fromage au beurre et au romarin (200 &#8211; 250 g)<\/p>\n<p>*Huile d&rsquo;olive vierge extra Aceituno picual 100 ml<\/p>\n<p>*Rose naturelle<\/p>\n<p>*La Rega\u00f1a de s\u00e9lection gourmet de Cristal<\/p>\n<p>*Carte pour d\u00e9dicace<\/p>\n<p>*Coffret cadeau s\u00e9rigraphi\u00e9<\/p>\n","protected":false},"excerpt":{"rendered":"<p><strong>Quoi de mieux pour accompagner votre d\u00eener en amoureux qu&rsquo;un plateau de fromages Cabesota ?<\/strong><\/p>\n<p>Imaginez : un centre de table compos\u00e9 d&rsquo;un plateau de fromages \u00e0 la lueur d&rsquo;une bougie et d&rsquo;une rose naturelle.<\/p>\n<p>Le lot comprend un morceau de fromage semi-affin\u00e9, un morceau de fromage au beurre et au romarin, de l&rsquo;huile d&rsquo;olive vierge extra picual, s\u00e9lectionn\u00e9e sp\u00e9cialement dans une oliveraie de montagne, et un petit pain croustillant.<\/p>\n<p><strong>Carte cadeau<\/strong> sur laquelle vous pouvez inscrire votre d\u00e9dicace.<\/p>\n","protected":false},"featured_media":28224,"comment_status":"open","ping_status":"closed","template":"","meta":{"inline_featured_image":false,"_joinchat":[]},"product_brand":[],"product_cat":[1121],"product_tag":[],"class_list":{"0":"post-29607","1":"product","2":"type-product","3":"status-publish","4":"has-post-thumbnail","6":"product_cat-paniers-gourmand","7":"pa_tamanodelascunas-120g-150g-fr","8":"pa_tamanodelascunas-200g-250g-fr","9":"pa_tipodecrema-boletus-fr","10":"pa_tipodecrema-chili-fr","11":"pa_tipodecrema-paysanne","12":"pa_tipodecrema-raisins-secs","13":"pa_tipodecrema-semi-affine","14":"has-subscription-plans","16":"first","17":"instock","18":"sale","19":"taxable","20":"shipping-taxable","21":"purchasable","22":"product-type-simple"},"yoast_head":"<!-- This site is optimized with the Yoast SEO plugin v26.6 - https:\/\/yoast.com\/wordpress\/plugins\/seo\/ -->\n<title>Lot d\u00eener Enamorados Oro - Cabesota<\/title>\n<meta name=\"robots\" content=\"index, follow, max-snippet:-1, max-image-preview:large, max-video-preview:-1\" \/>\n<link rel=\"canonical\" href=\"https:\/\/cabesota.com\/fr\/produit\/lot-diner-enamorados-oro\/\" \/>\n<meta property=\"og:locale\" content=\"fr_FR\" \/>\n<meta property=\"og:type\" content=\"article\" \/>\n<meta property=\"og:title\" content=\"Lot d\u00eener Enamorados Oro - Cabesota\" \/>\n<meta property=\"og:description\" content=\"Quoi de mieux pour accompagner votre d\u00eener en amoureux qu&#039;un plateau de fromages Cabesota ? Imaginez : un centre de table compos\u00e9 d&#039;un plateau de fromages \u00e0 la lueur d&#039;une bougie et d&#039;une rose naturelle. Le lot comprend un morceau de fromage semi-affin\u00e9, un morceau de fromage au beurre et au romarin, de l&#039;huile d&#039;olive vierge extra picual, s\u00e9lectionn\u00e9e sp\u00e9cialement dans une oliveraie de montagne, et un petit pain croustillant. Carte cadeau sur laquelle vous pouvez inscrire votre d\u00e9dicace.\" \/>\n<meta property=\"og:url\" content=\"https:\/\/cabesota.com\/fr\/produit\/lot-diner-enamorados-oro\/\" \/>\n<meta property=\"og:site_name\" content=\"Cabesota\" \/>\n<meta property=\"og:image\" content=\"https:\/\/cabesota.com\/wp-content\/uploads\/2021\/02\/40A5985-2.jpg\" \/>\n\t<meta property=\"og:image:width\" content=\"800\" \/>\n\t<meta property=\"og:image:height\" content=\"800\" \/>\n\t<meta property=\"og:image:type\" content=\"image\/jpeg\" \/>\n<meta name=\"twitter:card\" content=\"summary_large_image\" \/>\n<script type=\"application\/ld+json\" class=\"yoast-schema-graph\">{\"@context\":\"https:\/\/schema.org\",\"@graph\":[{\"@type\":\"WebPage\",\"@id\":\"https:\/\/cabesota.com\/fr\/produit\/lot-diner-enamorados-oro\/\",\"url\":\"https:\/\/cabesota.com\/fr\/produit\/lot-diner-enamorados-oro\/\",\"name\":\"Lot d\u00eener Enamorados Oro - Cabesota\",\"isPartOf\":{\"@id\":\"http:\/\/cabesota.com\/fr\/#website\"},\"primaryImageOfPage\":{\"@id\":\"https:\/\/cabesota.com\/fr\/produit\/lot-diner-enamorados-oro\/#primaryimage\"},\"image\":{\"@id\":\"https:\/\/cabesota.com\/fr\/produit\/lot-diner-enamorados-oro\/#primaryimage\"},\"thumbnailUrl\":\"https:\/\/cabesota.com\/wp-content\/uploads\/2021\/02\/40A5985-2.jpg\",\"datePublished\":\"2021-02-09T19:27:24+00:00\",\"breadcrumb\":{\"@id\":\"https:\/\/cabesota.com\/fr\/produit\/lot-diner-enamorados-oro\/#breadcrumb\"},\"inLanguage\":\"fr-FR\",\"potentialAction\":[{\"@type\":\"ReadAction\",\"target\":[\"https:\/\/cabesota.com\/fr\/produit\/lot-diner-enamorados-oro\/\"]}]},{\"@type\":\"ImageObject\",\"inLanguage\":\"fr-FR\",\"@id\":\"https:\/\/cabesota.com\/fr\/produit\/lot-diner-enamorados-oro\/#primaryimage\",\"url\":\"https:\/\/cabesota.com\/wp-content\/uploads\/2021\/02\/40A5985-2.jpg\",\"contentUrl\":\"https:\/\/cabesota.com\/wp-content\/uploads\/2021\/02\/40A5985-2.jpg\",\"width\":800,\"height\":800},{\"@type\":\"BreadcrumbList\",\"@id\":\"https:\/\/cabesota.com\/fr\/produit\/lot-diner-enamorados-oro\/#breadcrumb\",\"itemListElement\":[{\"@type\":\"ListItem\",\"position\":1,\"name\":\"Inicio\",\"item\":\"https:\/\/cabesota.com\/fr\/portada\/\"},{\"@type\":\"ListItem\",\"position\":2,\"name\":\"Tienda\",\"item\":\"http:\/\/cabesota.com\/tienda\/\"},{\"@type\":\"ListItem\",\"position\":3,\"name\":\"Lot d\u00eener Enamorados Oro\"}]},{\"@type\":\"WebSite\",\"@id\":\"http:\/\/cabesota.com\/fr\/#website\",\"url\":\"http:\/\/cabesota.com\/fr\/\",\"name\":\"Cabesota\",\"description\":\"Tienda de quesos\",\"publisher\":{\"@id\":\"http:\/\/cabesota.com\/fr\/#organization\"},\"potentialAction\":[{\"@type\":\"SearchAction\",\"target\":{\"@type\":\"EntryPoint\",\"urlTemplate\":\"http:\/\/cabesota.com\/fr\/?s={search_term_string}\"},\"query-input\":{\"@type\":\"PropertyValueSpecification\",\"valueRequired\":true,\"valueName\":\"search_term_string\"}}],\"inLanguage\":\"fr-FR\"},{\"@type\":[\"Organization\",\"Place\",\"FoodEstablishment\"],\"@id\":\"http:\/\/cabesota.com\/fr\/#organization\",\"name\":\"Cabesota quesos\",\"url\":\"http:\/\/cabesota.com\/fr\/\",\"logo\":{\"@id\":\"https:\/\/cabesota.com\/fr\/produit\/lot-diner-enamorados-oro\/#local-main-organization-logo\"},\"image\":{\"@id\":\"https:\/\/cabesota.com\/fr\/produit\/lot-diner-enamorados-oro\/#local-main-organization-logo\"},\"address\":{\"@id\":\"https:\/\/cabesota.com\/fr\/produit\/lot-diner-enamorados-oro\/#local-main-place-address\"},\"geo\":{\"@type\":\"GeoCoordinates\",\"latitude\":\"38.91110949358342\",\"longitude\":\"-3.6694486656672813\"},\"telephone\":[\"681 91 16 31\",\"652109758\"],\"contactPoint\":{\"@type\":\"ContactPoint\",\"telephone\":\"681 91 16 31\",\"email\":\"info@cabesota.com\"},\"openingHoursSpecification\":[{\"@type\":\"OpeningHoursSpecification\",\"dayOfWeek\":[\"Monday\",\"Tuesday\",\"Wednesday\",\"Thursday\",\"Friday\"],\"opens\":\"09:00\",\"closes\":\"20:30\"},{\"@type\":\"OpeningHoursSpecification\",\"dayOfWeek\":[\"Saturday\"],\"opens\":\"10:00\",\"closes\":\"14:00\"},{\"@type\":\"OpeningHoursSpecification\",\"dayOfWeek\":[\"Sunday\"],\"opens\":\"00:00\",\"closes\":\"00:00\"}],\"email\":\"info@cabesota.com\",\"vatID\":\"B05333968\",\"currenciesAccepted\":\"Euro\"},{\"@type\":\"PostalAddress\",\"@id\":\"https:\/\/cabesota.com\/fr\/produit\/lot-diner-enamorados-oro\/#local-main-place-address\",\"streetAddress\":\"C. Torralba, 14, 13260 Bola\u00f1os de Calatrava, Ciudad Real\",\"addressLocality\":\"Bola\u00f1os de Calatrava\",\"postalCode\":\"13260\",\"addressRegion\":\"Ciudad Real\",\"addressCountry\":\"ES\"},{\"@type\":\"ImageObject\",\"inLanguage\":\"fr-FR\",\"@id\":\"https:\/\/cabesota.com\/fr\/produit\/lot-diner-enamorados-oro\/#local-main-organization-logo\",\"url\":\"https:\/\/cabesota.com\/wp-content\/uploads\/2022\/05\/logo-cabesota.png\",\"contentUrl\":\"https:\/\/cabesota.com\/wp-content\/uploads\/2022\/05\/logo-cabesota.png\",\"width\":466,\"height\":113,\"caption\":\"Cabesota quesos\"}]}<\/script>\n<meta name=\"geo.placename\" content=\"Bola\u00f1os de Calatrava\" \/>\n<meta name=\"geo.position\" content=\"38.91110949358342;-3.6694486656672813\" \/>\n<meta name=\"geo.region\" content=\"Espagne\" \/>\n<!-- \/ Yoast SEO plugin. -->","yoast_head_json":{"title":"Lot d\u00eener Enamorados Oro - Cabesota","robots":{"index":"index","follow":"follow","max-snippet":"max-snippet:-1","max-image-preview":"max-image-preview:large","max-video-preview":"max-video-preview:-1"},"canonical":"https:\/\/cabesota.com\/fr\/produit\/lot-diner-enamorados-oro\/","og_locale":"fr_FR","og_type":"article","og_title":"Lot d\u00eener Enamorados Oro - Cabesota","og_description":"Quoi de mieux pour accompagner votre d\u00eener en amoureux qu'un plateau de fromages Cabesota ? Imaginez : un centre de table compos\u00e9 d'un plateau de fromages \u00e0 la lueur d'une bougie et d'une rose naturelle. Le lot comprend un morceau de fromage semi-affin\u00e9, un morceau de fromage au beurre et au romarin, de l'huile d'olive vierge extra picual, s\u00e9lectionn\u00e9e sp\u00e9cialement dans une oliveraie de montagne, et un petit pain croustillant. Carte cadeau sur laquelle vous pouvez inscrire votre d\u00e9dicace.","og_url":"https:\/\/cabesota.com\/fr\/produit\/lot-diner-enamorados-oro\/","og_site_name":"Cabesota","og_image":[{"width":800,"height":800,"url":"https:\/\/cabesota.com\/wp-content\/uploads\/2021\/02\/40A5985-2.jpg","type":"image\/jpeg"}],"twitter_card":"summary_large_image","schema":{"@context":"https:\/\/schema.org","@graph":[{"@type":"WebPage","@id":"https:\/\/cabesota.com\/fr\/produit\/lot-diner-enamorados-oro\/","url":"https:\/\/cabesota.com\/fr\/produit\/lot-diner-enamorados-oro\/","name":"Lot d\u00eener Enamorados Oro - Cabesota","isPartOf":{"@id":"http:\/\/cabesota.com\/fr\/#website"},"primaryImageOfPage":{"@id":"https:\/\/cabesota.com\/fr\/produit\/lot-diner-enamorados-oro\/#primaryimage"},"image":{"@id":"https:\/\/cabesota.com\/fr\/produit\/lot-diner-enamorados-oro\/#primaryimage"},"thumbnailUrl":"https:\/\/cabesota.com\/wp-content\/uploads\/2021\/02\/40A5985-2.jpg","datePublished":"2021-02-09T19:27:24+00:00","breadcrumb":{"@id":"https:\/\/cabesota.com\/fr\/produit\/lot-diner-enamorados-oro\/#breadcrumb"},"inLanguage":"fr-FR","potentialAction":[{"@type":"ReadAction","target":["https:\/\/cabesota.com\/fr\/produit\/lot-diner-enamorados-oro\/"]}]},{"@type":"ImageObject","inLanguage":"fr-FR","@id":"https:\/\/cabesota.com\/fr\/produit\/lot-diner-enamorados-oro\/#primaryimage","url":"https:\/\/cabesota.com\/wp-content\/uploads\/2021\/02\/40A5985-2.jpg","contentUrl":"https:\/\/cabesota.com\/wp-content\/uploads\/2021\/02\/40A5985-2.jpg","width":800,"height":800},{"@type":"BreadcrumbList","@id":"https:\/\/cabesota.com\/fr\/produit\/lot-diner-enamorados-oro\/#breadcrumb","itemListElement":[{"@type":"ListItem","position":1,"name":"Inicio","item":"https:\/\/cabesota.com\/fr\/portada\/"},{"@type":"ListItem","position":2,"name":"Tienda","item":"http:\/\/cabesota.com\/tienda\/"},{"@type":"ListItem","position":3,"name":"Lot d\u00eener Enamorados Oro"}]},{"@type":"WebSite","@id":"http:\/\/cabesota.com\/fr\/#website","url":"http:\/\/cabesota.com\/fr\/","name":"Cabesota","description":"Tienda de quesos","publisher":{"@id":"http:\/\/cabesota.com\/fr\/#organization"},"potentialAction":[{"@type":"SearchAction","target":{"@type":"EntryPoint","urlTemplate":"http:\/\/cabesota.com\/fr\/?s={search_term_string}"},"query-input":{"@type":"PropertyValueSpecification","valueRequired":true,"valueName":"search_term_string"}}],"inLanguage":"fr-FR"},{"@type":["Organization","Place","FoodEstablishment"],"@id":"http:\/\/cabesota.com\/fr\/#organization","name":"Cabesota quesos","url":"http:\/\/cabesota.com\/fr\/","logo":{"@id":"https:\/\/cabesota.com\/fr\/produit\/lot-diner-enamorados-oro\/#local-main-organization-logo"},"image":{"@id":"https:\/\/cabesota.com\/fr\/produit\/lot-diner-enamorados-oro\/#local-main-organization-logo"},"address":{"@id":"https:\/\/cabesota.com\/fr\/produit\/lot-diner-enamorados-oro\/#local-main-place-address"},"geo":{"@type":"GeoCoordinates","latitude":"38.91110949358342","longitude":"-3.6694486656672813"},"telephone":["681 91 16 31","652109758"],"contactPoint":{"@type":"ContactPoint","telephone":"681 91 16 31","email":"info@cabesota.com"},"openingHoursSpecification":[{"@type":"OpeningHoursSpecification","dayOfWeek":["Monday","Tuesday","Wednesday","Thursday","Friday"],"opens":"09:00","closes":"20:30"},{"@type":"OpeningHoursSpecification","dayOfWeek":["Saturday"],"opens":"10:00","closes":"14:00"},{"@type":"OpeningHoursSpecification","dayOfWeek":["Sunday"],"opens":"00:00","closes":"00:00"}],"email":"info@cabesota.com","vatID":"B05333968","currenciesAccepted":"Euro"},{"@type":"PostalAddress","@id":"https:\/\/cabesota.com\/fr\/produit\/lot-diner-enamorados-oro\/#local-main-place-address","streetAddress":"C. Torralba, 14, 13260 Bola\u00f1os de Calatrava, Ciudad Real","addressLocality":"Bola\u00f1os de Calatrava","postalCode":"13260","addressRegion":"Ciudad Real","addressCountry":"ES"},{"@type":"ImageObject","inLanguage":"fr-FR","@id":"https:\/\/cabesota.com\/fr\/produit\/lot-diner-enamorados-oro\/#local-main-organization-logo","url":"https:\/\/cabesota.com\/wp-content\/uploads\/2022\/05\/logo-cabesota.png","contentUrl":"https:\/\/cabesota.com\/wp-content\/uploads\/2022\/05\/logo-cabesota.png","width":466,"height":113,"caption":"Cabesota quesos"}]},"geo.placename":"Bola\u00f1os de Calatrava","geo.position":{"lat":"38.91110949358342","long":"-3.6694486656672813"},"geo.region":"Espagne"},"_links":{"self":[{"href":"https:\/\/cabesota.com\/fr\/wp-json\/wp\/v2\/product\/29607","targetHints":{"allow":["GET"]}}],"collection":[{"href":"https:\/\/cabesota.com\/fr\/wp-json\/wp\/v2\/product"}],"about":[{"href":"https:\/\/cabesota.com\/fr\/wp-json\/wp\/v2\/types\/product"}],"replies":[{"embeddable":true,"href":"https:\/\/cabesota.com\/fr\/wp-json\/wp\/v2\/comments?post=29607"}],"wp:featuredmedia":[{"embeddable":true,"href":"https:\/\/cabesota.com\/fr\/wp-json\/wp\/v2\/media\/28224"}],"wp:attachment":[{"href":"https:\/\/cabesota.com\/fr\/wp-json\/wp\/v2\/media?parent=29607"}],"wp:term":[{"taxonomy":"product_brand","embeddable":true,"href":"https:\/\/cabesota.com\/fr\/wp-json\/wp\/v2\/product_brand?post=29607"},{"taxonomy":"product_cat","embeddable":true,"href":"https:\/\/cabesota.com\/fr\/wp-json\/wp\/v2\/product_cat?post=29607"},{"taxonomy":"product_tag","embeddable":true,"href":"https:\/\/cabesota.com\/fr\/wp-json\/wp\/v2\/product_tag?post=29607"}],"curies":[{"name":"wp","href":"https:\/\/api.w.org\/{rel}","templated":true}]}}