{"id":29641,"date":"2020-04-20T19:16:54","date_gmt":"2020-04-20T19:16:54","guid":{"rendered":"https:\/\/cabesota.com\/creme-de-fromage-semi-affine-paysan-cabesota\/"},"modified":"2025-09-23T11:34:48","modified_gmt":"2025-09-23T11:34:48","slug":"creme-de-fromage-semi-affine-paysan-cabesota","status":"publish","type":"product","link":"https:\/\/cabesota.com\/fr\/produit\/creme-de-fromage-semi-affine-paysan-cabesota\/","title":{"rendered":"Cr\u00e8me de fromage semi-affin\u00e9 paysan CabeSota"},"content":{"rendered":"<p><strong>CR\u00c8ME DE FROMAGE CAMPESINA CABESOTA<\/strong><\/p>\n<p><strong>Ingredients:<\/strong><\/p>\n<p>-Fromage semi-affin\u00e9 (lait pasteuris\u00e9, ferments, chlorure de calcium, pr\u00e9sure)<\/p>\n<p>-Eau<\/p>\n<p>-Fine herbs<\/p>\n<p>-Sales fondantes<\/p>\n<p><strong>Valeur nutritionnelle pour 100 g de produit<\/strong><\/p>\n<p>Valeur \u00e9nerg\u00e9tique : 433,7 Kcal<\/p>\n<p>Lipides : 37,5 g dont 23,85 g satur\u00e9s<\/p>\n<p>Glucides : 4,9 g dont sucres 0 g<\/p>\n<p>Prot\u00e9ines : 21 g<\/p>\n<p>Sel: 1,25g<\/p>\n","protected":false},"excerpt":{"rendered":"<p><strong>TYPE <\/strong>: cr\u00e8me au fromage et aux herbes<\/p>\n<p><span style=\"text-align: justify;\"><strong>POIDS <\/strong>: 100 g<\/span><\/p>\n<p><span style=\"text-align: justify;\"><strong>MARQUE<\/strong>: CabeSota<\/span><\/p>\n<p><span style=\"text-align: justify;\"><strong>LAIT DE<\/strong> : brebis (provenant d&rsquo;un <strong>\u00c9LEVAGE FAMILIAL<\/strong>)<\/span><\/p>\n<p><span style=\"text-align: justify;\"><strong>TRAITEMENT DU LAIT<\/strong> : pasteuris\u00e9<\/span><\/p>\n<p><strong>Ingr\u00e9dients<\/strong> : Fromage semi-affin\u00e9 (lait pasteuris\u00e9, ferments, chlorure de calcium, pr\u00e9sure), eau, fines herbes, sels fondants.<\/p>\n<p><strong>Valeur nutritionnelle pour 100 g de produit<\/strong><\/p>\n<p>Valeur \u00e9nerg\u00e9tique : 433,7 Kcal<\/p>\n<p>Lipides : 37,5 g dont 23,85 g satur\u00e9s<\/p>\n<p>Glucides : 4,9 g dont sucres 0 g<\/p>\n<p>Prot\u00e9ines : 21 g<\/p>\n<p>Sel: 1,25g<\/p>\n<p><span style=\"text-align: justify;\"><strong>ORIGINE DU LAIT<\/strong> : Espagne <\/span><\/p>\n<p>Conserver entre 3 \u00b0C et 8 \u00b0C.<\/p>\n","protected":false},"featured_media":25893,"comment_status":"open","ping_status":"closed","template":"","meta":{"inline_featured_image":false,"_joinchat":[]},"product_brand":[],"product_cat":[1144,1106,1113],"product_tag":[],"class_list":{"0":"post-29641","1":"product","2":"type-product","3":"status-publish","4":"has-post-thumbnail","6":"product_cat-crema-fr","7":"product_cat-fromages","8":"product_cat-semi-affine","9":"has-subscription-plans","11":"first","12":"instock","13":"taxable","14":"shipping-taxable","15":"purchasable","16":"product-type-simple"},"yoast_head":"<!-- This site is optimized with the Yoast SEO plugin v26.6 - https:\/\/yoast.com\/wordpress\/plugins\/seo\/ -->\n<title>Achetez de la cr\u00e8me de fromage aux herbes artisanale de notre propre fabrication<\/title>\n<meta name=\"description\" content=\"Vente de fromage \u00e0 p\u00e2te molle affin\u00e9 \u00e0 base de lait pasteuris\u00e9 et d&#039;herbes aromatiques de notre propre production. Livraison dans toute l&#039;Espagne en 24h-48h.\" \/>\n<meta name=\"robots\" content=\"index, follow, max-snippet:-1, max-image-preview:large, max-video-preview:-1\" \/>\n<link rel=\"canonical\" href=\"https:\/\/cabesota.com\/fr\/produit\/creme-de-fromage-semi-affine-paysan-cabesota\/\" \/>\n<meta property=\"og:locale\" content=\"fr_FR\" \/>\n<meta property=\"og:type\" content=\"article\" \/>\n<meta property=\"og:title\" content=\"Achetez de la cr\u00e8me de fromage aux herbes artisanale de notre propre fabrication\" \/>\n<meta property=\"og:description\" content=\"Vente de fromage \u00e0 p\u00e2te molle affin\u00e9 \u00e0 base de lait pasteuris\u00e9 et d&#039;herbes aromatiques de notre propre production. Livraison dans toute l&#039;Espagne en 24h-48h.\" \/>\n<meta property=\"og:url\" content=\"https:\/\/cabesota.com\/fr\/produit\/creme-de-fromage-semi-affine-paysan-cabesota\/\" \/>\n<meta property=\"og:site_name\" content=\"Cabesota\" \/>\n<meta property=\"article:modified_time\" content=\"2025-09-23T11:34:48+00:00\" \/>\n<meta property=\"og:image\" content=\"https:\/\/cabesota.com\/wp-content\/uploads\/2020\/04\/cremacampesina-web.jpg\" \/>\n\t<meta property=\"og:image:width\" content=\"800\" \/>\n\t<meta property=\"og:image:height\" content=\"800\" \/>\n\t<meta property=\"og:image:type\" content=\"image\/jpeg\" \/>\n<meta name=\"twitter:card\" content=\"summary_large_image\" \/>\n<script type=\"application\/ld+json\" class=\"yoast-schema-graph\">{\"@context\":\"https:\/\/schema.org\",\"@graph\":[{\"@type\":\"WebPage\",\"@id\":\"https:\/\/cabesota.com\/fr\/produit\/creme-de-fromage-semi-affine-paysan-cabesota\/\",\"url\":\"https:\/\/cabesota.com\/fr\/produit\/creme-de-fromage-semi-affine-paysan-cabesota\/\",\"name\":\"Achetez de la cr\u00e8me de fromage aux herbes artisanale de notre propre fabrication\",\"isPartOf\":{\"@id\":\"http:\/\/cabesota.com\/fr\/#website\"},\"primaryImageOfPage\":{\"@id\":\"https:\/\/cabesota.com\/fr\/produit\/creme-de-fromage-semi-affine-paysan-cabesota\/#primaryimage\"},\"image\":{\"@id\":\"https:\/\/cabesota.com\/fr\/produit\/creme-de-fromage-semi-affine-paysan-cabesota\/#primaryimage\"},\"thumbnailUrl\":\"https:\/\/cabesota.com\/wp-content\/uploads\/2020\/04\/cremacampesina-web.jpg\",\"datePublished\":\"2020-04-20T19:16:54+00:00\",\"dateModified\":\"2025-09-23T11:34:48+00:00\",\"description\":\"Vente de fromage \u00e0 p\u00e2te molle affin\u00e9 \u00e0 base de lait pasteuris\u00e9 et d'herbes aromatiques de notre propre production. Livraison dans toute l'Espagne en 24h-48h.\",\"breadcrumb\":{\"@id\":\"https:\/\/cabesota.com\/fr\/produit\/creme-de-fromage-semi-affine-paysan-cabesota\/#breadcrumb\"},\"inLanguage\":\"fr-FR\",\"potentialAction\":[{\"@type\":\"ReadAction\",\"target\":[\"https:\/\/cabesota.com\/fr\/produit\/creme-de-fromage-semi-affine-paysan-cabesota\/\"]}]},{\"@type\":\"ImageObject\",\"inLanguage\":\"fr-FR\",\"@id\":\"https:\/\/cabesota.com\/fr\/produit\/creme-de-fromage-semi-affine-paysan-cabesota\/#primaryimage\",\"url\":\"https:\/\/cabesota.com\/wp-content\/uploads\/2020\/04\/cremacampesina-web.jpg\",\"contentUrl\":\"https:\/\/cabesota.com\/wp-content\/uploads\/2020\/04\/cremacampesina-web.jpg\",\"width\":800,\"height\":800},{\"@type\":\"BreadcrumbList\",\"@id\":\"https:\/\/cabesota.com\/fr\/produit\/creme-de-fromage-semi-affine-paysan-cabesota\/#breadcrumb\",\"itemListElement\":[{\"@type\":\"ListItem\",\"position\":1,\"name\":\"Inicio\",\"item\":\"https:\/\/cabesota.com\/fr\/portada\/\"},{\"@type\":\"ListItem\",\"position\":2,\"name\":\"Tienda\",\"item\":\"http:\/\/cabesota.com\/tienda\/\"},{\"@type\":\"ListItem\",\"position\":3,\"name\":\"Cr\u00e8me de fromage semi-affin\u00e9 paysan CabeSota\"}]},{\"@type\":\"WebSite\",\"@id\":\"http:\/\/cabesota.com\/fr\/#website\",\"url\":\"http:\/\/cabesota.com\/fr\/\",\"name\":\"Cabesota\",\"description\":\"Tienda de quesos\",\"publisher\":{\"@id\":\"http:\/\/cabesota.com\/fr\/#organization\"},\"potentialAction\":[{\"@type\":\"SearchAction\",\"target\":{\"@type\":\"EntryPoint\",\"urlTemplate\":\"http:\/\/cabesota.com\/fr\/?s={search_term_string}\"},\"query-input\":{\"@type\":\"PropertyValueSpecification\",\"valueRequired\":true,\"valueName\":\"search_term_string\"}}],\"inLanguage\":\"fr-FR\"},{\"@type\":[\"Organization\",\"Place\",\"FoodEstablishment\"],\"@id\":\"http:\/\/cabesota.com\/fr\/#organization\",\"name\":\"Cabesota quesos\",\"url\":\"http:\/\/cabesota.com\/fr\/\",\"logo\":{\"@id\":\"https:\/\/cabesota.com\/fr\/produit\/creme-de-fromage-semi-affine-paysan-cabesota\/#local-main-organization-logo\"},\"image\":{\"@id\":\"https:\/\/cabesota.com\/fr\/produit\/creme-de-fromage-semi-affine-paysan-cabesota\/#local-main-organization-logo\"},\"address\":{\"@id\":\"https:\/\/cabesota.com\/fr\/produit\/creme-de-fromage-semi-affine-paysan-cabesota\/#local-main-place-address\"},\"geo\":{\"@type\":\"GeoCoordinates\",\"latitude\":\"38.91110949358342\",\"longitude\":\"-3.6694486656672813\"},\"telephone\":[\"681 91 16 31\",\"652109758\"],\"contactPoint\":{\"@type\":\"ContactPoint\",\"telephone\":\"681 91 16 31\",\"email\":\"info@cabesota.com\"},\"openingHoursSpecification\":[{\"@type\":\"OpeningHoursSpecification\",\"dayOfWeek\":[\"Monday\",\"Tuesday\",\"Wednesday\",\"Thursday\",\"Friday\"],\"opens\":\"09:00\",\"closes\":\"20:30\"},{\"@type\":\"OpeningHoursSpecification\",\"dayOfWeek\":[\"Saturday\"],\"opens\":\"10:00\",\"closes\":\"14:00\"},{\"@type\":\"OpeningHoursSpecification\",\"dayOfWeek\":[\"Sunday\"],\"opens\":\"00:00\",\"closes\":\"00:00\"}],\"email\":\"info@cabesota.com\",\"vatID\":\"B05333968\",\"currenciesAccepted\":\"Euro\"},{\"@type\":\"PostalAddress\",\"@id\":\"https:\/\/cabesota.com\/fr\/produit\/creme-de-fromage-semi-affine-paysan-cabesota\/#local-main-place-address\",\"streetAddress\":\"C. Torralba, 14, 13260 Bola\u00f1os de Calatrava, Ciudad Real\",\"addressLocality\":\"Bola\u00f1os de Calatrava\",\"postalCode\":\"13260\",\"addressRegion\":\"Ciudad Real\",\"addressCountry\":\"ES\"},{\"@type\":\"ImageObject\",\"inLanguage\":\"fr-FR\",\"@id\":\"https:\/\/cabesota.com\/fr\/produit\/creme-de-fromage-semi-affine-paysan-cabesota\/#local-main-organization-logo\",\"url\":\"https:\/\/cabesota.com\/wp-content\/uploads\/2022\/05\/logo-cabesota.png\",\"contentUrl\":\"https:\/\/cabesota.com\/wp-content\/uploads\/2022\/05\/logo-cabesota.png\",\"width\":466,\"height\":113,\"caption\":\"Cabesota quesos\"}]}<\/script>\n<meta name=\"geo.placename\" content=\"Bola\u00f1os de Calatrava\" \/>\n<meta name=\"geo.position\" content=\"38.91110949358342;-3.6694486656672813\" \/>\n<meta name=\"geo.region\" content=\"Espagne\" \/>\n<!-- \/ Yoast SEO plugin. -->","yoast_head_json":{"title":"Achetez de la cr\u00e8me de fromage aux herbes artisanale de notre propre fabrication","description":"Vente de fromage \u00e0 p\u00e2te molle affin\u00e9 \u00e0 base de lait pasteuris\u00e9 et d'herbes aromatiques de notre propre production. Livraison dans toute l'Espagne en 24h-48h.","robots":{"index":"index","follow":"follow","max-snippet":"max-snippet:-1","max-image-preview":"max-image-preview:large","max-video-preview":"max-video-preview:-1"},"canonical":"https:\/\/cabesota.com\/fr\/produit\/creme-de-fromage-semi-affine-paysan-cabesota\/","og_locale":"fr_FR","og_type":"article","og_title":"Achetez de la cr\u00e8me de fromage aux herbes artisanale de notre propre fabrication","og_description":"Vente de fromage \u00e0 p\u00e2te molle affin\u00e9 \u00e0 base de lait pasteuris\u00e9 et d'herbes aromatiques de notre propre production. Livraison dans toute l'Espagne en 24h-48h.","og_url":"https:\/\/cabesota.com\/fr\/produit\/creme-de-fromage-semi-affine-paysan-cabesota\/","og_site_name":"Cabesota","article_modified_time":"2025-09-23T11:34:48+00:00","og_image":[{"width":800,"height":800,"url":"https:\/\/cabesota.com\/wp-content\/uploads\/2020\/04\/cremacampesina-web.jpg","type":"image\/jpeg"}],"twitter_card":"summary_large_image","schema":{"@context":"https:\/\/schema.org","@graph":[{"@type":"WebPage","@id":"https:\/\/cabesota.com\/fr\/produit\/creme-de-fromage-semi-affine-paysan-cabesota\/","url":"https:\/\/cabesota.com\/fr\/produit\/creme-de-fromage-semi-affine-paysan-cabesota\/","name":"Achetez de la cr\u00e8me de fromage aux herbes artisanale de notre propre fabrication","isPartOf":{"@id":"http:\/\/cabesota.com\/fr\/#website"},"primaryImageOfPage":{"@id":"https:\/\/cabesota.com\/fr\/produit\/creme-de-fromage-semi-affine-paysan-cabesota\/#primaryimage"},"image":{"@id":"https:\/\/cabesota.com\/fr\/produit\/creme-de-fromage-semi-affine-paysan-cabesota\/#primaryimage"},"thumbnailUrl":"https:\/\/cabesota.com\/wp-content\/uploads\/2020\/04\/cremacampesina-web.jpg","datePublished":"2020-04-20T19:16:54+00:00","dateModified":"2025-09-23T11:34:48+00:00","description":"Vente de fromage \u00e0 p\u00e2te molle affin\u00e9 \u00e0 base de lait pasteuris\u00e9 et d'herbes aromatiques de notre propre production. Livraison dans toute l'Espagne en 24h-48h.","breadcrumb":{"@id":"https:\/\/cabesota.com\/fr\/produit\/creme-de-fromage-semi-affine-paysan-cabesota\/#breadcrumb"},"inLanguage":"fr-FR","potentialAction":[{"@type":"ReadAction","target":["https:\/\/cabesota.com\/fr\/produit\/creme-de-fromage-semi-affine-paysan-cabesota\/"]}]},{"@type":"ImageObject","inLanguage":"fr-FR","@id":"https:\/\/cabesota.com\/fr\/produit\/creme-de-fromage-semi-affine-paysan-cabesota\/#primaryimage","url":"https:\/\/cabesota.com\/wp-content\/uploads\/2020\/04\/cremacampesina-web.jpg","contentUrl":"https:\/\/cabesota.com\/wp-content\/uploads\/2020\/04\/cremacampesina-web.jpg","width":800,"height":800},{"@type":"BreadcrumbList","@id":"https:\/\/cabesota.com\/fr\/produit\/creme-de-fromage-semi-affine-paysan-cabesota\/#breadcrumb","itemListElement":[{"@type":"ListItem","position":1,"name":"Inicio","item":"https:\/\/cabesota.com\/fr\/portada\/"},{"@type":"ListItem","position":2,"name":"Tienda","item":"http:\/\/cabesota.com\/tienda\/"},{"@type":"ListItem","position":3,"name":"Cr\u00e8me de fromage semi-affin\u00e9 paysan CabeSota"}]},{"@type":"WebSite","@id":"http:\/\/cabesota.com\/fr\/#website","url":"http:\/\/cabesota.com\/fr\/","name":"Cabesota","description":"Tienda de quesos","publisher":{"@id":"http:\/\/cabesota.com\/fr\/#organization"},"potentialAction":[{"@type":"SearchAction","target":{"@type":"EntryPoint","urlTemplate":"http:\/\/cabesota.com\/fr\/?s={search_term_string}"},"query-input":{"@type":"PropertyValueSpecification","valueRequired":true,"valueName":"search_term_string"}}],"inLanguage":"fr-FR"},{"@type":["Organization","Place","FoodEstablishment"],"@id":"http:\/\/cabesota.com\/fr\/#organization","name":"Cabesota quesos","url":"http:\/\/cabesota.com\/fr\/","logo":{"@id":"https:\/\/cabesota.com\/fr\/produit\/creme-de-fromage-semi-affine-paysan-cabesota\/#local-main-organization-logo"},"image":{"@id":"https:\/\/cabesota.com\/fr\/produit\/creme-de-fromage-semi-affine-paysan-cabesota\/#local-main-organization-logo"},"address":{"@id":"https:\/\/cabesota.com\/fr\/produit\/creme-de-fromage-semi-affine-paysan-cabesota\/#local-main-place-address"},"geo":{"@type":"GeoCoordinates","latitude":"38.91110949358342","longitude":"-3.6694486656672813"},"telephone":["681 91 16 31","652109758"],"contactPoint":{"@type":"ContactPoint","telephone":"681 91 16 31","email":"info@cabesota.com"},"openingHoursSpecification":[{"@type":"OpeningHoursSpecification","dayOfWeek":["Monday","Tuesday","Wednesday","Thursday","Friday"],"opens":"09:00","closes":"20:30"},{"@type":"OpeningHoursSpecification","dayOfWeek":["Saturday"],"opens":"10:00","closes":"14:00"},{"@type":"OpeningHoursSpecification","dayOfWeek":["Sunday"],"opens":"00:00","closes":"00:00"}],"email":"info@cabesota.com","vatID":"B05333968","currenciesAccepted":"Euro"},{"@type":"PostalAddress","@id":"https:\/\/cabesota.com\/fr\/produit\/creme-de-fromage-semi-affine-paysan-cabesota\/#local-main-place-address","streetAddress":"C. Torralba, 14, 13260 Bola\u00f1os de Calatrava, Ciudad Real","addressLocality":"Bola\u00f1os de Calatrava","postalCode":"13260","addressRegion":"Ciudad Real","addressCountry":"ES"},{"@type":"ImageObject","inLanguage":"fr-FR","@id":"https:\/\/cabesota.com\/fr\/produit\/creme-de-fromage-semi-affine-paysan-cabesota\/#local-main-organization-logo","url":"https:\/\/cabesota.com\/wp-content\/uploads\/2022\/05\/logo-cabesota.png","contentUrl":"https:\/\/cabesota.com\/wp-content\/uploads\/2022\/05\/logo-cabesota.png","width":466,"height":113,"caption":"Cabesota quesos"}]},"geo.placename":"Bola\u00f1os de Calatrava","geo.position":{"lat":"38.91110949358342","long":"-3.6694486656672813"},"geo.region":"Espagne"},"_links":{"self":[{"href":"https:\/\/cabesota.com\/fr\/wp-json\/wp\/v2\/product\/29641","targetHints":{"allow":["GET"]}}],"collection":[{"href":"https:\/\/cabesota.com\/fr\/wp-json\/wp\/v2\/product"}],"about":[{"href":"https:\/\/cabesota.com\/fr\/wp-json\/wp\/v2\/types\/product"}],"replies":[{"embeddable":true,"href":"https:\/\/cabesota.com\/fr\/wp-json\/wp\/v2\/comments?post=29641"}],"wp:featuredmedia":[{"embeddable":true,"href":"https:\/\/cabesota.com\/fr\/wp-json\/wp\/v2\/media\/25893"}],"wp:attachment":[{"href":"https:\/\/cabesota.com\/fr\/wp-json\/wp\/v2\/media?parent=29641"}],"wp:term":[{"taxonomy":"product_brand","embeddable":true,"href":"https:\/\/cabesota.com\/fr\/wp-json\/wp\/v2\/product_brand?post=29641"},{"taxonomy":"product_cat","embeddable":true,"href":"https:\/\/cabesota.com\/fr\/wp-json\/wp\/v2\/product_cat?post=29641"},{"taxonomy":"product_tag","embeddable":true,"href":"https:\/\/cabesota.com\/fr\/wp-json\/wp\/v2\/product_tag?post=29641"}],"curies":[{"name":"wp","href":"https:\/\/api.w.org\/{rel}","templated":true}]}}