{"id":29644,"date":"2020-01-07T20:17:35","date_gmt":"2020-01-07T20:17:35","guid":{"rendered":"https:\/\/cabesota.com\/fromage-affine-cabesota\/"},"modified":"2020-01-07T20:17:35","modified_gmt":"2020-01-07T20:17:35","slug":"fromage-affine-cabesota","status":"publish","type":"product","link":"https:\/\/cabesota.com\/fr\/produit\/fromage-affine-cabesota\/","title":{"rendered":"Fromage affin\u00e9 CabeSota"},"content":{"rendered":"<p class=\"p1\"><b>INGREDIENTS<\/b>: Pasteurised sheep&rsquo;s milk, lactic ferments, calcium chloride, rennet, salt and lysozyme (derived from egg).<\/p>\n<p><b>ALLERG\u00c8NES <\/b>: lait et \u0153ufs.<\/p>\n<p class=\"MsoNormal\" style=\"text-align: justify;\"><b>INFORMATIONS NUTRITIONNELLES<\/b> (pour 100 g) :<\/p>\n<p>-Valeur \u00e9nerg\u00e9tique : 1796,3 kJ \/ 433,7 kcal<\/p>\n<p>&#8211; Lipides : 37,5 g \/ Lipides satur\u00e9s : 23,85 g<\/p>\n<p>-Glucides : 4,9 g<\/p>\n<p>-Sucres : 0 g<\/p>\n<p>-Prot\u00e9ines 21 g<\/p>\n<p>-Sel : 1,25 g<\/p>\n<p>Conserver dans un endroit frais et sec.<\/p>\n<p><strong style=\"color: #4a4a4a; text-align: justify;\">NOTE \u00c0 L&rsquo;ATTENTION DES CLIENTS<\/strong> : <span style=\"color: #4a4a4a; text-align: justify;\">Chez<\/span> <span style=\"color: #4a4a4a; text-align: justify;\">CabeSota<\/span>, <span style=\"color: #4a4a4a; text-align: justify;\">nous<\/span><span style=\"color: #4a4a4a; text-align: justify;\"> Nous nous chargeons de peser tous les fromages afin qu&rsquo;ils correspondent au poids indiqu\u00e9 sur le site web et ainsi garantir une transparence maximale envers le client. Si le poids d&rsquo;une pi\u00e8ce pr\u00e9par\u00e9e est inf\u00e9rieur \u00e0 celui indiqu\u00e9, nous compensons la diff\u00e9rence en ajoutant un morceau suppl\u00e9mentaire correspondant au poids  <\/span><span style=\"color: #4a4a4a; text-align: justify;\">manquant.<\/span><\/p>\n","protected":false},"excerpt":{"rendered":"<p><strong>TYPE DE FROMAGE<\/strong> : affin\u00e9<\/p>\n<p class=\"MsoNormal\" style=\"text-align: justify;\"><strong>POIDS APPROXIMATIF PAR TAILLE <\/strong><\/p>\n<table>\n<tbody>\n<tr>\n<td>ENTIER<\/td>\n<td>2 800 kg &#8211; 3 100 kg<\/td>\n<\/tr>\n<tr>\n<td>MOITI\u00c9<\/td>\n<td>1,400 Kg &#8211; 1,600 Kg<\/td>\n<\/tr>\n<tr>\n<td>QUART<\/td>\n<td>0,700 Kg &#8211; 0,800 Kg<\/td>\n<\/tr>\n<tr>\n<td>TRANCHE<\/td>\n<td>0,350 Kg &#8211; 0,400 Kg<\/td>\n<\/tr>\n<\/tbody>\n<\/table>\n<p><span style=\"text-align: justify;\"><strong>MATURATION <\/strong>: 13 mois ou plus<\/span><\/p>\n<p><span style=\"text-align: justify;\"><strong>MARQUE<\/strong>: CabeSota<\/span><\/p>\n<p><span style=\"text-align: justify;\"><strong>LAIT DE<\/strong>: brebis<\/span><\/p>\n<p><span style=\"text-align: justify;\"><strong>TRAITEMENT DU LAIT<\/strong> : pasteuris\u00e9<\/span><\/p>\n<p><span style=\"text-align: justify;\"><strong>ORIGINE DU LAIT<\/strong> : Espagne (provenant d&rsquo;un <strong>\u00c9LEVAGE FAMILIAL<\/strong>)<\/span><\/p>\n<p class=\"p1\"><b>INGR\u00c9DIENTS <\/b>: Lait pasteuris\u00e9 de brebis, ferments lactiques, chlorure de calcium, pr\u00e9sure, sel.<\/p>\n<p><strong>INFORMATIONS NUTRITIONNELLES<\/strong> (pour 100 g) :<\/p>\n<p>-Valeur \u00e9nerg\u00e9tique : 1796,3 kJ \/ 433,7 kcal<\/p>\n<p>&#8211; Lipides : 37,5 g \/ Lipides satur\u00e9s : 23,85 g<\/p>\n<p>-Glucides : 4,9 g<\/p>\n<p>-Sucres : 0 g<\/p>\n<p>-Prot\u00e9ines 21 g<\/p>\n<p>-Sel : 1,25 g<\/p>\n<p>Conserver dans un endroit frais et sec.<\/p>\n<p><b>ALLERG\u00c8NES <\/b>: lactose.<\/p>\n<p><span style=\"text-align: justify;\"><strong>SAVEUR <\/strong><\/span>: texture cr\u00e9meuse. Il procure une sensation exquise au palais, avec des notes acidul\u00e9es et piquantes.<\/p>\n<p style=\"text-align: justify;\"><strong>ACCORD METS-VINS<\/strong> : Ce fromage se marie parfaitement avec des vins rouges moyennement cors\u00e9s tels que le Shyrah et le Merlot.<\/p>\n","protected":false},"featured_media":25901,"comment_status":"open","ping_status":"closed","template":"","meta":{"inline_featured_image":false,"_joinchat":[]},"product_brand":[],"product_cat":[1107,1106,1127],"product_tag":[],"class_list":{"0":"post-29644","1":"product","2":"type-product","3":"status-publish","4":"has-post-thumbnail","6":"product_cat-affine","7":"product_cat-fromages","8":"product_cat-vieilli","9":"pa_tamanodelqueso-200-250g-fr","10":"pa_tamanodelqueso-entier","11":"pa_tamanodelqueso-moitie","12":"pa_tamanodelqueso-quart","13":"pa_tamanodelqueso-tranche","14":"has-subscription-plans","16":"first","17":"instock","18":"taxable","19":"shipping-taxable","20":"purchasable","21":"product-type-variable"},"yoast_head":"<!-- This site is optimized with the Yoast SEO plugin v26.6 - https:\/\/yoast.com\/wordpress\/plugins\/seo\/ -->\n<title>Fromage affin\u00e9 \u00e9labor\u00e9 \u00e0 partir de lait pasteuris\u00e9 de brebis.<\/title>\n<meta name=\"description\" content=\"Vente d&#039;un d\u00e9licieux fromage affin\u00e9 pendant 12 mois, fabriqu\u00e9 de mani\u00e8re artisanale en Castille-La Manche. Livraison GRATUITE en 24-48 h dans toute l&#039;Espagne.\" \/>\n<meta name=\"robots\" content=\"index, follow, max-snippet:-1, max-image-preview:large, max-video-preview:-1\" \/>\n<link rel=\"canonical\" href=\"https:\/\/cabesota.com\/fr\/produit\/fromage-affine-cabesota\/\" \/>\n<meta property=\"og:locale\" content=\"fr_FR\" \/>\n<meta property=\"og:type\" content=\"article\" \/>\n<meta property=\"og:title\" content=\"Fromage affin\u00e9 \u00e9labor\u00e9 \u00e0 partir de lait pasteuris\u00e9 de brebis.\" \/>\n<meta property=\"og:description\" content=\"Vente d&#039;un d\u00e9licieux fromage affin\u00e9 pendant 12 mois, fabriqu\u00e9 de mani\u00e8re artisanale en Castille-La Manche. Livraison GRATUITE en 24-48 h dans toute l&#039;Espagne.\" \/>\n<meta property=\"og:url\" content=\"https:\/\/cabesota.com\/fr\/produit\/fromage-affine-cabesota\/\" \/>\n<meta property=\"og:site_name\" content=\"Cabesota\" \/>\n<meta property=\"og:image\" content=\"https:\/\/cabesota.com\/wp-content\/uploads\/2020\/01\/quesoreserva-web.jpg\" \/>\n\t<meta property=\"og:image:width\" content=\"800\" \/>\n\t<meta property=\"og:image:height\" content=\"889\" \/>\n\t<meta property=\"og:image:type\" content=\"image\/jpeg\" \/>\n<meta name=\"twitter:card\" content=\"summary_large_image\" \/>\n<meta name=\"twitter:label1\" content=\"Dur\u00e9e de lecture estim\u00e9e\" \/>\n\t<meta name=\"twitter:data1\" content=\"1 minute\" \/>\n<script type=\"application\/ld+json\" class=\"yoast-schema-graph\">{\"@context\":\"https:\/\/schema.org\",\"@graph\":[{\"@type\":\"WebPage\",\"@id\":\"https:\/\/cabesota.com\/fr\/produit\/fromage-affine-cabesota\/\",\"url\":\"https:\/\/cabesota.com\/fr\/produit\/fromage-affine-cabesota\/\",\"name\":\"Fromage affin\u00e9 \u00e9labor\u00e9 \u00e0 partir de lait pasteuris\u00e9 de brebis.\",\"isPartOf\":{\"@id\":\"http:\/\/cabesota.com\/fr\/#website\"},\"primaryImageOfPage\":{\"@id\":\"https:\/\/cabesota.com\/fr\/produit\/fromage-affine-cabesota\/#primaryimage\"},\"image\":{\"@id\":\"https:\/\/cabesota.com\/fr\/produit\/fromage-affine-cabesota\/#primaryimage\"},\"thumbnailUrl\":\"https:\/\/cabesota.com\/wp-content\/uploads\/2020\/01\/quesoreserva-web.jpg\",\"datePublished\":\"2020-01-07T20:17:35+00:00\",\"description\":\"Vente d'un d\u00e9licieux fromage affin\u00e9 pendant 12 mois, fabriqu\u00e9 de mani\u00e8re artisanale en Castille-La Manche. Livraison GRATUITE en 24-48 h dans toute l'Espagne.\",\"breadcrumb\":{\"@id\":\"https:\/\/cabesota.com\/fr\/produit\/fromage-affine-cabesota\/#breadcrumb\"},\"inLanguage\":\"fr-FR\",\"potentialAction\":[{\"@type\":\"ReadAction\",\"target\":[\"https:\/\/cabesota.com\/fr\/produit\/fromage-affine-cabesota\/\"]}]},{\"@type\":\"ImageObject\",\"inLanguage\":\"fr-FR\",\"@id\":\"https:\/\/cabesota.com\/fr\/produit\/fromage-affine-cabesota\/#primaryimage\",\"url\":\"https:\/\/cabesota.com\/wp-content\/uploads\/2020\/01\/quesoreserva-web.jpg\",\"contentUrl\":\"https:\/\/cabesota.com\/wp-content\/uploads\/2020\/01\/quesoreserva-web.jpg\",\"width\":800,\"height\":889},{\"@type\":\"BreadcrumbList\",\"@id\":\"https:\/\/cabesota.com\/fr\/produit\/fromage-affine-cabesota\/#breadcrumb\",\"itemListElement\":[{\"@type\":\"ListItem\",\"position\":1,\"name\":\"Inicio\",\"item\":\"https:\/\/cabesota.com\/fr\/portada\/\"},{\"@type\":\"ListItem\",\"position\":2,\"name\":\"Tienda\",\"item\":\"http:\/\/cabesota.com\/tienda\/\"},{\"@type\":\"ListItem\",\"position\":3,\"name\":\"Fromage affin\u00e9 CabeSota\"}]},{\"@type\":\"WebSite\",\"@id\":\"http:\/\/cabesota.com\/fr\/#website\",\"url\":\"http:\/\/cabesota.com\/fr\/\",\"name\":\"Cabesota\",\"description\":\"Tienda de quesos\",\"publisher\":{\"@id\":\"http:\/\/cabesota.com\/fr\/#organization\"},\"potentialAction\":[{\"@type\":\"SearchAction\",\"target\":{\"@type\":\"EntryPoint\",\"urlTemplate\":\"http:\/\/cabesota.com\/fr\/?s={search_term_string}\"},\"query-input\":{\"@type\":\"PropertyValueSpecification\",\"valueRequired\":true,\"valueName\":\"search_term_string\"}}],\"inLanguage\":\"fr-FR\"},{\"@type\":[\"Organization\",\"Place\",\"FoodEstablishment\"],\"@id\":\"http:\/\/cabesota.com\/fr\/#organization\",\"name\":\"Cabesota quesos\",\"url\":\"http:\/\/cabesota.com\/fr\/\",\"logo\":{\"@id\":\"https:\/\/cabesota.com\/fr\/produit\/fromage-affine-cabesota\/#local-main-organization-logo\"},\"image\":{\"@id\":\"https:\/\/cabesota.com\/fr\/produit\/fromage-affine-cabesota\/#local-main-organization-logo\"},\"address\":{\"@id\":\"https:\/\/cabesota.com\/fr\/produit\/fromage-affine-cabesota\/#local-main-place-address\"},\"geo\":{\"@type\":\"GeoCoordinates\",\"latitude\":\"38.91110949358342\",\"longitude\":\"-3.6694486656672813\"},\"telephone\":[\"681 91 16 31\",\"652109758\"],\"contactPoint\":{\"@type\":\"ContactPoint\",\"telephone\":\"681 91 16 31\",\"email\":\"info@cabesota.com\"},\"openingHoursSpecification\":[{\"@type\":\"OpeningHoursSpecification\",\"dayOfWeek\":[\"Monday\",\"Tuesday\",\"Wednesday\",\"Thursday\",\"Friday\"],\"opens\":\"09:00\",\"closes\":\"20:30\"},{\"@type\":\"OpeningHoursSpecification\",\"dayOfWeek\":[\"Saturday\"],\"opens\":\"10:00\",\"closes\":\"14:00\"},{\"@type\":\"OpeningHoursSpecification\",\"dayOfWeek\":[\"Sunday\"],\"opens\":\"00:00\",\"closes\":\"00:00\"}],\"email\":\"info@cabesota.com\",\"vatID\":\"B05333968\",\"currenciesAccepted\":\"Euro\"},{\"@type\":\"PostalAddress\",\"@id\":\"https:\/\/cabesota.com\/fr\/produit\/fromage-affine-cabesota\/#local-main-place-address\",\"streetAddress\":\"C. Torralba, 14, 13260 Bola\u00f1os de Calatrava, Ciudad Real\",\"addressLocality\":\"Bola\u00f1os de Calatrava\",\"postalCode\":\"13260\",\"addressRegion\":\"Ciudad Real\",\"addressCountry\":\"ES\"},{\"@type\":\"ImageObject\",\"inLanguage\":\"fr-FR\",\"@id\":\"https:\/\/cabesota.com\/fr\/produit\/fromage-affine-cabesota\/#local-main-organization-logo\",\"url\":\"https:\/\/cabesota.com\/wp-content\/uploads\/2022\/05\/logo-cabesota.png\",\"contentUrl\":\"https:\/\/cabesota.com\/wp-content\/uploads\/2022\/05\/logo-cabesota.png\",\"width\":466,\"height\":113,\"caption\":\"Cabesota quesos\"}]}<\/script>\n<meta name=\"geo.placename\" content=\"Bola\u00f1os de Calatrava\" \/>\n<meta name=\"geo.position\" content=\"38.91110949358342;-3.6694486656672813\" \/>\n<meta name=\"geo.region\" content=\"Espagne\" \/>\n<!-- \/ Yoast SEO plugin. -->","yoast_head_json":{"title":"Fromage affin\u00e9 \u00e9labor\u00e9 \u00e0 partir de lait pasteuris\u00e9 de brebis.","description":"Vente d'un d\u00e9licieux fromage affin\u00e9 pendant 12 mois, fabriqu\u00e9 de mani\u00e8re artisanale en Castille-La Manche. Livraison GRATUITE en 24-48 h dans toute l'Espagne.","robots":{"index":"index","follow":"follow","max-snippet":"max-snippet:-1","max-image-preview":"max-image-preview:large","max-video-preview":"max-video-preview:-1"},"canonical":"https:\/\/cabesota.com\/fr\/produit\/fromage-affine-cabesota\/","og_locale":"fr_FR","og_type":"article","og_title":"Fromage affin\u00e9 \u00e9labor\u00e9 \u00e0 partir de lait pasteuris\u00e9 de brebis.","og_description":"Vente d'un d\u00e9licieux fromage affin\u00e9 pendant 12 mois, fabriqu\u00e9 de mani\u00e8re artisanale en Castille-La Manche. Livraison GRATUITE en 24-48 h dans toute l'Espagne.","og_url":"https:\/\/cabesota.com\/fr\/produit\/fromage-affine-cabesota\/","og_site_name":"Cabesota","og_image":[{"width":800,"height":889,"url":"https:\/\/cabesota.com\/wp-content\/uploads\/2020\/01\/quesoreserva-web.jpg","type":"image\/jpeg"}],"twitter_card":"summary_large_image","twitter_misc":{"Dur\u00e9e de lecture estim\u00e9e":"1 minute"},"schema":{"@context":"https:\/\/schema.org","@graph":[{"@type":"WebPage","@id":"https:\/\/cabesota.com\/fr\/produit\/fromage-affine-cabesota\/","url":"https:\/\/cabesota.com\/fr\/produit\/fromage-affine-cabesota\/","name":"Fromage affin\u00e9 \u00e9labor\u00e9 \u00e0 partir de lait pasteuris\u00e9 de brebis.","isPartOf":{"@id":"http:\/\/cabesota.com\/fr\/#website"},"primaryImageOfPage":{"@id":"https:\/\/cabesota.com\/fr\/produit\/fromage-affine-cabesota\/#primaryimage"},"image":{"@id":"https:\/\/cabesota.com\/fr\/produit\/fromage-affine-cabesota\/#primaryimage"},"thumbnailUrl":"https:\/\/cabesota.com\/wp-content\/uploads\/2020\/01\/quesoreserva-web.jpg","datePublished":"2020-01-07T20:17:35+00:00","description":"Vente d'un d\u00e9licieux fromage affin\u00e9 pendant 12 mois, fabriqu\u00e9 de mani\u00e8re artisanale en Castille-La Manche. Livraison GRATUITE en 24-48 h dans toute l'Espagne.","breadcrumb":{"@id":"https:\/\/cabesota.com\/fr\/produit\/fromage-affine-cabesota\/#breadcrumb"},"inLanguage":"fr-FR","potentialAction":[{"@type":"ReadAction","target":["https:\/\/cabesota.com\/fr\/produit\/fromage-affine-cabesota\/"]}]},{"@type":"ImageObject","inLanguage":"fr-FR","@id":"https:\/\/cabesota.com\/fr\/produit\/fromage-affine-cabesota\/#primaryimage","url":"https:\/\/cabesota.com\/wp-content\/uploads\/2020\/01\/quesoreserva-web.jpg","contentUrl":"https:\/\/cabesota.com\/wp-content\/uploads\/2020\/01\/quesoreserva-web.jpg","width":800,"height":889},{"@type":"BreadcrumbList","@id":"https:\/\/cabesota.com\/fr\/produit\/fromage-affine-cabesota\/#breadcrumb","itemListElement":[{"@type":"ListItem","position":1,"name":"Inicio","item":"https:\/\/cabesota.com\/fr\/portada\/"},{"@type":"ListItem","position":2,"name":"Tienda","item":"http:\/\/cabesota.com\/tienda\/"},{"@type":"ListItem","position":3,"name":"Fromage affin\u00e9 CabeSota"}]},{"@type":"WebSite","@id":"http:\/\/cabesota.com\/fr\/#website","url":"http:\/\/cabesota.com\/fr\/","name":"Cabesota","description":"Tienda de quesos","publisher":{"@id":"http:\/\/cabesota.com\/fr\/#organization"},"potentialAction":[{"@type":"SearchAction","target":{"@type":"EntryPoint","urlTemplate":"http:\/\/cabesota.com\/fr\/?s={search_term_string}"},"query-input":{"@type":"PropertyValueSpecification","valueRequired":true,"valueName":"search_term_string"}}],"inLanguage":"fr-FR"},{"@type":["Organization","Place","FoodEstablishment"],"@id":"http:\/\/cabesota.com\/fr\/#organization","name":"Cabesota quesos","url":"http:\/\/cabesota.com\/fr\/","logo":{"@id":"https:\/\/cabesota.com\/fr\/produit\/fromage-affine-cabesota\/#local-main-organization-logo"},"image":{"@id":"https:\/\/cabesota.com\/fr\/produit\/fromage-affine-cabesota\/#local-main-organization-logo"},"address":{"@id":"https:\/\/cabesota.com\/fr\/produit\/fromage-affine-cabesota\/#local-main-place-address"},"geo":{"@type":"GeoCoordinates","latitude":"38.91110949358342","longitude":"-3.6694486656672813"},"telephone":["681 91 16 31","652109758"],"contactPoint":{"@type":"ContactPoint","telephone":"681 91 16 31","email":"info@cabesota.com"},"openingHoursSpecification":[{"@type":"OpeningHoursSpecification","dayOfWeek":["Monday","Tuesday","Wednesday","Thursday","Friday"],"opens":"09:00","closes":"20:30"},{"@type":"OpeningHoursSpecification","dayOfWeek":["Saturday"],"opens":"10:00","closes":"14:00"},{"@type":"OpeningHoursSpecification","dayOfWeek":["Sunday"],"opens":"00:00","closes":"00:00"}],"email":"info@cabesota.com","vatID":"B05333968","currenciesAccepted":"Euro"},{"@type":"PostalAddress","@id":"https:\/\/cabesota.com\/fr\/produit\/fromage-affine-cabesota\/#local-main-place-address","streetAddress":"C. Torralba, 14, 13260 Bola\u00f1os de Calatrava, Ciudad Real","addressLocality":"Bola\u00f1os de Calatrava","postalCode":"13260","addressRegion":"Ciudad Real","addressCountry":"ES"},{"@type":"ImageObject","inLanguage":"fr-FR","@id":"https:\/\/cabesota.com\/fr\/produit\/fromage-affine-cabesota\/#local-main-organization-logo","url":"https:\/\/cabesota.com\/wp-content\/uploads\/2022\/05\/logo-cabesota.png","contentUrl":"https:\/\/cabesota.com\/wp-content\/uploads\/2022\/05\/logo-cabesota.png","width":466,"height":113,"caption":"Cabesota quesos"}]},"geo.placename":"Bola\u00f1os de Calatrava","geo.position":{"lat":"38.91110949358342","long":"-3.6694486656672813"},"geo.region":"Espagne"},"_links":{"self":[{"href":"https:\/\/cabesota.com\/fr\/wp-json\/wp\/v2\/product\/29644","targetHints":{"allow":["GET"]}}],"collection":[{"href":"https:\/\/cabesota.com\/fr\/wp-json\/wp\/v2\/product"}],"about":[{"href":"https:\/\/cabesota.com\/fr\/wp-json\/wp\/v2\/types\/product"}],"replies":[{"embeddable":true,"href":"https:\/\/cabesota.com\/fr\/wp-json\/wp\/v2\/comments?post=29644"}],"wp:featuredmedia":[{"embeddable":true,"href":"https:\/\/cabesota.com\/fr\/wp-json\/wp\/v2\/media\/25901"}],"wp:attachment":[{"href":"https:\/\/cabesota.com\/fr\/wp-json\/wp\/v2\/media?parent=29644"}],"wp:term":[{"taxonomy":"product_brand","embeddable":true,"href":"https:\/\/cabesota.com\/fr\/wp-json\/wp\/v2\/product_brand?post=29644"},{"taxonomy":"product_cat","embeddable":true,"href":"https:\/\/cabesota.com\/fr\/wp-json\/wp\/v2\/product_cat?post=29644"},{"taxonomy":"product_tag","embeddable":true,"href":"https:\/\/cabesota.com\/fr\/wp-json\/wp\/v2\/product_tag?post=29644"}],"curies":[{"name":"wp","href":"https:\/\/api.w.org\/{rel}","templated":true}]}}