{"id":29649,"date":"2019-04-01T16:33:30","date_gmt":"2019-04-01T16:33:30","guid":{"rendered":"https:\/\/cabesota.com\/fromage-affine-prix-du-meilleur-fromage-espagnol-francfort\/"},"modified":"2019-04-01T16:33:30","modified_gmt":"2019-04-01T16:33:30","slug":"fromage-affine-prix-du-meilleur-fromage-espagnol-francfort","status":"publish","type":"product","link":"https:\/\/cabesota.com\/fr\/produit\/fromage-affine-prix-du-meilleur-fromage-espagnol-francfort\/","title":{"rendered":"Fromage affin\u00e9 \u2013 Prix du meilleur fromage espagnol (Francfort)"},"content":{"rendered":"<p><strong>INGR\u00c9DIENTS <\/strong>:<span style=\"color: #2c2c2c; font-family: Helvetica;\"><span style=\"font-size: 16px;\"> <\/span><\/span>Lait pasteuris\u00e9 de brebis, ferments lactiques, chlorure de calcium, pr\u00e9sure, sel.<\/p>\n<p class=\"MsoNormal\" style=\"text-align: justify;\"><strong>ALLERG\u00c8NES <\/strong>: lait.<\/p>\n<p><strong>\u00c9CORCE NATURELLE ENTI\u00c8REMENT COMESTIBLE<\/strong><\/p>\n<p><strong>POIDS APPROXIMATIF PAR TAILLE <\/strong><\/p>\n<table>\n<tbody>\n<tr>\n<td>ENTIER<\/td>\n<td>2 800 kg &#8211; 3 100 kg<\/td>\n<\/tr>\n<tr>\n<td>MOITI\u00c9<\/td>\n<td>1,400 Kg &#8211; 1,600 Kg<\/td>\n<\/tr>\n<tr>\n<td>QUART<\/td>\n<td>0,700 Kg &#8211; 0,800 Kg<\/td>\n<\/tr>\n<tr>\n<td>TRANCHE<\/td>\n<td>0,350 Kg &#8211; 0,400 Kg<\/td>\n<\/tr>\n<\/tbody>\n<\/table>\n<p><strong>MADURACI\u00d3N<\/strong>: 6-7 meses<\/p>\n<p class=\"MsoNormal\" style=\"text-align: justify;\"><strong>INFORMATIONS NUTRITIONNELLES<\/strong> (pour 100 g) :<\/p>\n<p class=\"MsoNormal\" style=\"text-align: justify;\">-Valeur \u00e9nerg\u00e9tique : 1796,3 kJ \/ 433,7 kcal<\/p>\n<p class=\"MsoNormal\" style=\"text-align: justify;\">&#8211; Lipides : 37,5 g \/ Lipides satur\u00e9s : 23,85 g<\/p>\n<p class=\"MsoNormal\" style=\"text-align: justify;\">-Glucides : 4,9 g<\/p>\n<p class=\"MsoNormal\" style=\"text-align: justify;\">-Sucres : 0 g<\/p>\n<p class=\"MsoNormal\" style=\"text-align: justify;\">-Prot\u00e9ines 21 g<\/p>\n<p class=\"MsoNormal\" style=\"text-align: justify;\">-Sel : 1,25 g<\/p>\n<p class=\"MsoNormal\" style=\"text-align: justify;\">Conserver dans un endroit frais et sec.<\/p>\n<p class=\"MsoNormal\" style=\"text-align: justify;\"><strong>NOTE \u00c0 L&rsquo;ATTENTION DES CLIENTS <\/strong>: Chez CabeSota, nous pesons tous les fromages afin qu&rsquo;ils correspondent au poids indiqu\u00e9 sur le site web et garantissons ainsi une transparence maximale envers le client. Si le poids d&rsquo;une pi\u00e8ce pr\u00e9par\u00e9e est inf\u00e9rieur \u00e0 celui indiqu\u00e9, nous compensons la diff\u00e9rence en ajoutant un morceau suppl\u00e9mentaire correspondant au poids manquant. <\/p>\n","protected":false},"excerpt":{"rendered":"<p data-prosemirror-content-type=\"node\" data-prosemirror-node-name=\"paragraph\" data-prosemirror-node-block=\"true\" data-pm-slice=\"1 1 []\"><strong>Origine <\/strong>: La Mancha, Espagne<br data-prosemirror-content-type=\"node\" data-prosemirror-node-name=\"hardBreak\" data-prosemirror-node-inline=\"true\"><strong>Distinction <\/strong>: R\u00e9compens\u00e9 \u00e0 Francfort comme meilleur fromage espagnol<br data-prosemirror-content-type=\"node\" data-prosemirror-node-name=\"hardBreak\" data-prosemirror-node-inline=\"true\"><strong>Lait <\/strong>: Pur lait de brebis<br data-prosemirror-content-type=\"node\" data-prosemirror-node-name=\"hardBreak\" data-prosemirror-node-inline=\"true\"><strong>Affinage <\/strong>: Long<br data-prosemirror-content-type=\"node\" data-prosemirror-node-name=\"hardBreak\" data-prosemirror-node-inline=\"true\"><strong>Texture <\/strong>: Cr\u00e9meuse et compacte<br data-prosemirror-content-type=\"node\" data-prosemirror-node-name=\"hardBreak\" data-prosemirror-node-inline=\"true\"><strong>Saveur <\/strong>: Intense, complexe et parfaitement \u00e9quilibr\u00e9e, avec des notes acidul\u00e9es et un piquant subtil qui \u00e9veille le palais<\/p>\n<p data-prosemirror-content-type=\"node\" data-prosemirror-node-name=\"paragraph\" data-prosemirror-node-block=\"true\">Ce fromage affin\u00e9 est bien plus qu&rsquo;un simple produit : il est notre fiert\u00e9 et notre fleuron. Reconnu internationalement pour son exceptionnelle qualit\u00e9, il a \u00e9t\u00e9 r\u00e9compens\u00e9 comme meilleur fromage espagnol lors du prestigieux concours de Francfort, s&rsquo;imposant comme un v\u00e9ritable joyau gastronomique qui incarne le caract\u00e8re, la tradition et la passion fromag\u00e8re de l&rsquo;Espagne. <\/p>\n<p data-prosemirror-content-type=\"node\" data-prosemirror-node-name=\"paragraph\" data-prosemirror-node-block=\"true\">Sa texture cr\u00e9meuse surprend dans un fromage affin\u00e9, et sa saveur profonde et expressive rend hommage \u00e0 l&rsquo;\u00e2me de La Mancha. Chaque bouch\u00e9e r\u00e9v\u00e8le un \u00e9quilibre parfait entre l&rsquo;acidit\u00e9, le sal\u00e9 et le piquant, cr\u00e9ant une exp\u00e9rience sensorielle robuste mais raffin\u00e9e. <\/p>\n<p data-prosemirror-content-type=\"node\" data-prosemirror-node-name=\"paragraph\" data-prosemirror-node-block=\"true\"><strong>Accords mets-vins<\/strong><br data-prosemirror-content-type=\"node\" data-prosemirror-node-name=\"hardBreak\" data-prosemirror-node-inline=\"true\">Ce fromage s&rsquo;accorde particuli\u00e8rement bien avec des vins rouges moyennement cors\u00e9s tels que le Syrah ou le Merlot, avec lesquels il cr\u00e9e une harmonie complexe et envo\u00fbtante. Id\u00e9al pour terminer un repas m\u00e9morable ou pour \u00eatre la vedette d&rsquo;un plateau de fromages de caract\u00e8re. <\/p>\n","protected":false},"featured_media":25967,"comment_status":"open","ping_status":"closed","template":"","meta":{"inline_featured_image":false,"_joinchat":[]},"product_brand":[],"product_cat":[1107,1106],"product_tag":[],"class_list":{"0":"post-29649","1":"product","2":"type-product","3":"status-publish","4":"has-post-thumbnail","6":"product_cat-affine","7":"product_cat-fromages","8":"pa_tamanodelqueso-200-250g-fr","9":"pa_tamanodelqueso-entier","10":"pa_tamanodelqueso-moitie","11":"pa_tamanodelqueso-quart","12":"pa_tamanodelqueso-tranche","13":"has-subscription-plans","15":"first","16":"instock","17":"taxable","18":"shipping-taxable","19":"purchasable","20":"product-type-variable"},"yoast_head":"<!-- This site is optimized with the Yoast SEO plugin v26.6 - https:\/\/yoast.com\/wordpress\/plugins\/seo\/ -->\n<title>Fromage affin\u00e9 \u00e9labor\u00e9 \u00e0 partir de lait pasteuris\u00e9 de brebis.<\/title>\n<meta name=\"description\" content=\"Vente de fromage affin\u00e9 pendant 8 mois, \u00e9labor\u00e9 de mani\u00e8re artisanale en Castille-La Manche \u00e0 partir de lait de brebis pasteuris\u00e9. Livraison GRATUITE en 24-48 h.\" \/>\n<meta name=\"robots\" content=\"index, follow, max-snippet:-1, max-image-preview:large, max-video-preview:-1\" \/>\n<link rel=\"canonical\" href=\"https:\/\/cabesota.com\/fr\/produit\/fromage-affine-prix-du-meilleur-fromage-espagnol-francfort\/\" \/>\n<meta property=\"og:locale\" content=\"fr_FR\" \/>\n<meta property=\"og:type\" content=\"article\" \/>\n<meta property=\"og:title\" content=\"Fromage affin\u00e9 \u00e9labor\u00e9 \u00e0 partir de lait pasteuris\u00e9 de brebis.\" \/>\n<meta property=\"og:description\" content=\"Vente de fromage affin\u00e9 pendant 8 mois, \u00e9labor\u00e9 de mani\u00e8re artisanale en Castille-La Manche \u00e0 partir de lait de brebis pasteuris\u00e9. Livraison GRATUITE en 24-48 h.\" \/>\n<meta property=\"og:url\" content=\"https:\/\/cabesota.com\/fr\/produit\/fromage-affine-prix-du-meilleur-fromage-espagnol-francfort\/\" \/>\n<meta property=\"og:site_name\" content=\"Cabesota\" \/>\n<meta property=\"og:image\" content=\"https:\/\/cabesota.com\/wp-content\/uploads\/2019\/04\/quesoreserva-web.jpg\" \/>\n\t<meta property=\"og:image:width\" content=\"800\" \/>\n\t<meta property=\"og:image:height\" content=\"889\" \/>\n\t<meta property=\"og:image:type\" content=\"image\/jpeg\" \/>\n<meta name=\"twitter:card\" content=\"summary_large_image\" \/>\n<meta name=\"twitter:label1\" content=\"Dur\u00e9e de lecture estim\u00e9e\" \/>\n\t<meta name=\"twitter:data1\" content=\"1 minute\" \/>\n<script type=\"application\/ld+json\" class=\"yoast-schema-graph\">{\"@context\":\"https:\/\/schema.org\",\"@graph\":[{\"@type\":\"WebPage\",\"@id\":\"https:\/\/cabesota.com\/fr\/produit\/fromage-affine-prix-du-meilleur-fromage-espagnol-francfort\/\",\"url\":\"https:\/\/cabesota.com\/fr\/produit\/fromage-affine-prix-du-meilleur-fromage-espagnol-francfort\/\",\"name\":\"Fromage affin\u00e9 \u00e9labor\u00e9 \u00e0 partir de lait pasteuris\u00e9 de brebis.\",\"isPartOf\":{\"@id\":\"http:\/\/cabesota.com\/fr\/#website\"},\"primaryImageOfPage\":{\"@id\":\"https:\/\/cabesota.com\/fr\/produit\/fromage-affine-prix-du-meilleur-fromage-espagnol-francfort\/#primaryimage\"},\"image\":{\"@id\":\"https:\/\/cabesota.com\/fr\/produit\/fromage-affine-prix-du-meilleur-fromage-espagnol-francfort\/#primaryimage\"},\"thumbnailUrl\":\"https:\/\/cabesota.com\/wp-content\/uploads\/2019\/04\/quesoreserva-web.jpg\",\"datePublished\":\"2019-04-01T16:33:30+00:00\",\"description\":\"Vente de fromage affin\u00e9 pendant 8 mois, \u00e9labor\u00e9 de mani\u00e8re artisanale en Castille-La Manche \u00e0 partir de lait de brebis pasteuris\u00e9. Livraison GRATUITE en 24-48 h.\",\"breadcrumb\":{\"@id\":\"https:\/\/cabesota.com\/fr\/produit\/fromage-affine-prix-du-meilleur-fromage-espagnol-francfort\/#breadcrumb\"},\"inLanguage\":\"fr-FR\",\"potentialAction\":[{\"@type\":\"ReadAction\",\"target\":[\"https:\/\/cabesota.com\/fr\/produit\/fromage-affine-prix-du-meilleur-fromage-espagnol-francfort\/\"]}]},{\"@type\":\"ImageObject\",\"inLanguage\":\"fr-FR\",\"@id\":\"https:\/\/cabesota.com\/fr\/produit\/fromage-affine-prix-du-meilleur-fromage-espagnol-francfort\/#primaryimage\",\"url\":\"https:\/\/cabesota.com\/wp-content\/uploads\/2019\/04\/quesoreserva-web.jpg\",\"contentUrl\":\"https:\/\/cabesota.com\/wp-content\/uploads\/2019\/04\/quesoreserva-web.jpg\",\"width\":800,\"height\":889},{\"@type\":\"BreadcrumbList\",\"@id\":\"https:\/\/cabesota.com\/fr\/produit\/fromage-affine-prix-du-meilleur-fromage-espagnol-francfort\/#breadcrumb\",\"itemListElement\":[{\"@type\":\"ListItem\",\"position\":1,\"name\":\"Inicio\",\"item\":\"https:\/\/cabesota.com\/fr\/portada\/\"},{\"@type\":\"ListItem\",\"position\":2,\"name\":\"Tienda\",\"item\":\"http:\/\/cabesota.com\/tienda\/\"},{\"@type\":\"ListItem\",\"position\":3,\"name\":\"Fromage affin\u00e9 \u2013 Prix du meilleur fromage espagnol (Francfort)\"}]},{\"@type\":\"WebSite\",\"@id\":\"http:\/\/cabesota.com\/fr\/#website\",\"url\":\"http:\/\/cabesota.com\/fr\/\",\"name\":\"Cabesota\",\"description\":\"Tienda de quesos\",\"publisher\":{\"@id\":\"http:\/\/cabesota.com\/fr\/#organization\"},\"potentialAction\":[{\"@type\":\"SearchAction\",\"target\":{\"@type\":\"EntryPoint\",\"urlTemplate\":\"http:\/\/cabesota.com\/fr\/?s={search_term_string}\"},\"query-input\":{\"@type\":\"PropertyValueSpecification\",\"valueRequired\":true,\"valueName\":\"search_term_string\"}}],\"inLanguage\":\"fr-FR\"},{\"@type\":[\"Organization\",\"Place\",\"FoodEstablishment\"],\"@id\":\"http:\/\/cabesota.com\/fr\/#organization\",\"name\":\"Cabesota quesos\",\"url\":\"http:\/\/cabesota.com\/fr\/\",\"logo\":{\"@id\":\"https:\/\/cabesota.com\/fr\/produit\/fromage-affine-prix-du-meilleur-fromage-espagnol-francfort\/#local-main-organization-logo\"},\"image\":{\"@id\":\"https:\/\/cabesota.com\/fr\/produit\/fromage-affine-prix-du-meilleur-fromage-espagnol-francfort\/#local-main-organization-logo\"},\"address\":{\"@id\":\"https:\/\/cabesota.com\/fr\/produit\/fromage-affine-prix-du-meilleur-fromage-espagnol-francfort\/#local-main-place-address\"},\"geo\":{\"@type\":\"GeoCoordinates\",\"latitude\":\"38.91110949358342\",\"longitude\":\"-3.6694486656672813\"},\"telephone\":[\"681 91 16 31\",\"652109758\"],\"contactPoint\":{\"@type\":\"ContactPoint\",\"telephone\":\"681 91 16 31\",\"email\":\"info@cabesota.com\"},\"openingHoursSpecification\":[{\"@type\":\"OpeningHoursSpecification\",\"dayOfWeek\":[\"Monday\",\"Tuesday\",\"Wednesday\",\"Thursday\",\"Friday\"],\"opens\":\"09:00\",\"closes\":\"20:30\"},{\"@type\":\"OpeningHoursSpecification\",\"dayOfWeek\":[\"Saturday\"],\"opens\":\"10:00\",\"closes\":\"14:00\"},{\"@type\":\"OpeningHoursSpecification\",\"dayOfWeek\":[\"Sunday\"],\"opens\":\"00:00\",\"closes\":\"00:00\"}],\"email\":\"info@cabesota.com\",\"vatID\":\"B05333968\",\"currenciesAccepted\":\"Euro\"},{\"@type\":\"PostalAddress\",\"@id\":\"https:\/\/cabesota.com\/fr\/produit\/fromage-affine-prix-du-meilleur-fromage-espagnol-francfort\/#local-main-place-address\",\"streetAddress\":\"C. Torralba, 14, 13260 Bola\u00f1os de Calatrava, Ciudad Real\",\"addressLocality\":\"Bola\u00f1os de Calatrava\",\"postalCode\":\"13260\",\"addressRegion\":\"Ciudad Real\",\"addressCountry\":\"ES\"},{\"@type\":\"ImageObject\",\"inLanguage\":\"fr-FR\",\"@id\":\"https:\/\/cabesota.com\/fr\/produit\/fromage-affine-prix-du-meilleur-fromage-espagnol-francfort\/#local-main-organization-logo\",\"url\":\"https:\/\/cabesota.com\/wp-content\/uploads\/2022\/05\/logo-cabesota.png\",\"contentUrl\":\"https:\/\/cabesota.com\/wp-content\/uploads\/2022\/05\/logo-cabesota.png\",\"width\":466,\"height\":113,\"caption\":\"Cabesota quesos\"}]}<\/script>\n<meta name=\"geo.placename\" content=\"Bola\u00f1os de Calatrava\" \/>\n<meta name=\"geo.position\" content=\"38.91110949358342;-3.6694486656672813\" \/>\n<meta name=\"geo.region\" content=\"Espagne\" \/>\n<!-- \/ Yoast SEO plugin. -->","yoast_head_json":{"title":"Fromage affin\u00e9 \u00e9labor\u00e9 \u00e0 partir de lait pasteuris\u00e9 de brebis.","description":"Vente de fromage affin\u00e9 pendant 8 mois, \u00e9labor\u00e9 de mani\u00e8re artisanale en Castille-La Manche \u00e0 partir de lait de brebis pasteuris\u00e9. Livraison GRATUITE en 24-48 h.","robots":{"index":"index","follow":"follow","max-snippet":"max-snippet:-1","max-image-preview":"max-image-preview:large","max-video-preview":"max-video-preview:-1"},"canonical":"https:\/\/cabesota.com\/fr\/produit\/fromage-affine-prix-du-meilleur-fromage-espagnol-francfort\/","og_locale":"fr_FR","og_type":"article","og_title":"Fromage affin\u00e9 \u00e9labor\u00e9 \u00e0 partir de lait pasteuris\u00e9 de brebis.","og_description":"Vente de fromage affin\u00e9 pendant 8 mois, \u00e9labor\u00e9 de mani\u00e8re artisanale en Castille-La Manche \u00e0 partir de lait de brebis pasteuris\u00e9. Livraison GRATUITE en 24-48 h.","og_url":"https:\/\/cabesota.com\/fr\/produit\/fromage-affine-prix-du-meilleur-fromage-espagnol-francfort\/","og_site_name":"Cabesota","og_image":[{"width":800,"height":889,"url":"https:\/\/cabesota.com\/wp-content\/uploads\/2019\/04\/quesoreserva-web.jpg","type":"image\/jpeg"}],"twitter_card":"summary_large_image","twitter_misc":{"Dur\u00e9e de lecture estim\u00e9e":"1 minute"},"schema":{"@context":"https:\/\/schema.org","@graph":[{"@type":"WebPage","@id":"https:\/\/cabesota.com\/fr\/produit\/fromage-affine-prix-du-meilleur-fromage-espagnol-francfort\/","url":"https:\/\/cabesota.com\/fr\/produit\/fromage-affine-prix-du-meilleur-fromage-espagnol-francfort\/","name":"Fromage affin\u00e9 \u00e9labor\u00e9 \u00e0 partir de lait pasteuris\u00e9 de brebis.","isPartOf":{"@id":"http:\/\/cabesota.com\/fr\/#website"},"primaryImageOfPage":{"@id":"https:\/\/cabesota.com\/fr\/produit\/fromage-affine-prix-du-meilleur-fromage-espagnol-francfort\/#primaryimage"},"image":{"@id":"https:\/\/cabesota.com\/fr\/produit\/fromage-affine-prix-du-meilleur-fromage-espagnol-francfort\/#primaryimage"},"thumbnailUrl":"https:\/\/cabesota.com\/wp-content\/uploads\/2019\/04\/quesoreserva-web.jpg","datePublished":"2019-04-01T16:33:30+00:00","description":"Vente de fromage affin\u00e9 pendant 8 mois, \u00e9labor\u00e9 de mani\u00e8re artisanale en Castille-La Manche \u00e0 partir de lait de brebis pasteuris\u00e9. Livraison GRATUITE en 24-48 h.","breadcrumb":{"@id":"https:\/\/cabesota.com\/fr\/produit\/fromage-affine-prix-du-meilleur-fromage-espagnol-francfort\/#breadcrumb"},"inLanguage":"fr-FR","potentialAction":[{"@type":"ReadAction","target":["https:\/\/cabesota.com\/fr\/produit\/fromage-affine-prix-du-meilleur-fromage-espagnol-francfort\/"]}]},{"@type":"ImageObject","inLanguage":"fr-FR","@id":"https:\/\/cabesota.com\/fr\/produit\/fromage-affine-prix-du-meilleur-fromage-espagnol-francfort\/#primaryimage","url":"https:\/\/cabesota.com\/wp-content\/uploads\/2019\/04\/quesoreserva-web.jpg","contentUrl":"https:\/\/cabesota.com\/wp-content\/uploads\/2019\/04\/quesoreserva-web.jpg","width":800,"height":889},{"@type":"BreadcrumbList","@id":"https:\/\/cabesota.com\/fr\/produit\/fromage-affine-prix-du-meilleur-fromage-espagnol-francfort\/#breadcrumb","itemListElement":[{"@type":"ListItem","position":1,"name":"Inicio","item":"https:\/\/cabesota.com\/fr\/portada\/"},{"@type":"ListItem","position":2,"name":"Tienda","item":"http:\/\/cabesota.com\/tienda\/"},{"@type":"ListItem","position":3,"name":"Fromage affin\u00e9 \u2013 Prix du meilleur fromage espagnol (Francfort)"}]},{"@type":"WebSite","@id":"http:\/\/cabesota.com\/fr\/#website","url":"http:\/\/cabesota.com\/fr\/","name":"Cabesota","description":"Tienda de quesos","publisher":{"@id":"http:\/\/cabesota.com\/fr\/#organization"},"potentialAction":[{"@type":"SearchAction","target":{"@type":"EntryPoint","urlTemplate":"http:\/\/cabesota.com\/fr\/?s={search_term_string}"},"query-input":{"@type":"PropertyValueSpecification","valueRequired":true,"valueName":"search_term_string"}}],"inLanguage":"fr-FR"},{"@type":["Organization","Place","FoodEstablishment"],"@id":"http:\/\/cabesota.com\/fr\/#organization","name":"Cabesota quesos","url":"http:\/\/cabesota.com\/fr\/","logo":{"@id":"https:\/\/cabesota.com\/fr\/produit\/fromage-affine-prix-du-meilleur-fromage-espagnol-francfort\/#local-main-organization-logo"},"image":{"@id":"https:\/\/cabesota.com\/fr\/produit\/fromage-affine-prix-du-meilleur-fromage-espagnol-francfort\/#local-main-organization-logo"},"address":{"@id":"https:\/\/cabesota.com\/fr\/produit\/fromage-affine-prix-du-meilleur-fromage-espagnol-francfort\/#local-main-place-address"},"geo":{"@type":"GeoCoordinates","latitude":"38.91110949358342","longitude":"-3.6694486656672813"},"telephone":["681 91 16 31","652109758"],"contactPoint":{"@type":"ContactPoint","telephone":"681 91 16 31","email":"info@cabesota.com"},"openingHoursSpecification":[{"@type":"OpeningHoursSpecification","dayOfWeek":["Monday","Tuesday","Wednesday","Thursday","Friday"],"opens":"09:00","closes":"20:30"},{"@type":"OpeningHoursSpecification","dayOfWeek":["Saturday"],"opens":"10:00","closes":"14:00"},{"@type":"OpeningHoursSpecification","dayOfWeek":["Sunday"],"opens":"00:00","closes":"00:00"}],"email":"info@cabesota.com","vatID":"B05333968","currenciesAccepted":"Euro"},{"@type":"PostalAddress","@id":"https:\/\/cabesota.com\/fr\/produit\/fromage-affine-prix-du-meilleur-fromage-espagnol-francfort\/#local-main-place-address","streetAddress":"C. Torralba, 14, 13260 Bola\u00f1os de Calatrava, Ciudad Real","addressLocality":"Bola\u00f1os de Calatrava","postalCode":"13260","addressRegion":"Ciudad Real","addressCountry":"ES"},{"@type":"ImageObject","inLanguage":"fr-FR","@id":"https:\/\/cabesota.com\/fr\/produit\/fromage-affine-prix-du-meilleur-fromage-espagnol-francfort\/#local-main-organization-logo","url":"https:\/\/cabesota.com\/wp-content\/uploads\/2022\/05\/logo-cabesota.png","contentUrl":"https:\/\/cabesota.com\/wp-content\/uploads\/2022\/05\/logo-cabesota.png","width":466,"height":113,"caption":"Cabesota quesos"}]},"geo.placename":"Bola\u00f1os de Calatrava","geo.position":{"lat":"38.91110949358342","long":"-3.6694486656672813"},"geo.region":"Espagne"},"_links":{"self":[{"href":"https:\/\/cabesota.com\/fr\/wp-json\/wp\/v2\/product\/29649","targetHints":{"allow":["GET"]}}],"collection":[{"href":"https:\/\/cabesota.com\/fr\/wp-json\/wp\/v2\/product"}],"about":[{"href":"https:\/\/cabesota.com\/fr\/wp-json\/wp\/v2\/types\/product"}],"replies":[{"embeddable":true,"href":"https:\/\/cabesota.com\/fr\/wp-json\/wp\/v2\/comments?post=29649"}],"wp:featuredmedia":[{"embeddable":true,"href":"https:\/\/cabesota.com\/fr\/wp-json\/wp\/v2\/media\/25967"}],"wp:attachment":[{"href":"https:\/\/cabesota.com\/fr\/wp-json\/wp\/v2\/media?parent=29649"}],"wp:term":[{"taxonomy":"product_brand","embeddable":true,"href":"https:\/\/cabesota.com\/fr\/wp-json\/wp\/v2\/product_brand?post=29649"},{"taxonomy":"product_cat","embeddable":true,"href":"https:\/\/cabesota.com\/fr\/wp-json\/wp\/v2\/product_cat?post=29649"},{"taxonomy":"product_tag","embeddable":true,"href":"https:\/\/cabesota.com\/fr\/wp-json\/wp\/v2\/product_tag?post=29649"}],"curies":[{"name":"wp","href":"https:\/\/api.w.org\/{rel}","templated":true}]}}